{"id":10981,"date":"2019-02-12T19:02:54","date_gmt":"2019-02-12T19:02:54","guid":{"rendered":"https:\/\/clinicadentalgaudi.com\/la-clinica\/"},"modified":"2025-10-20T11:59:55","modified_gmt":"2025-10-20T09:59:55","slug":"la-clinica","status":"publish","type":"page","link":"https:\/\/clinicadentalgaudi.com\/ca\/la-clinica\/","title":{"rendered":"La cl\u00ednica"},"content":{"rendered":"<div id=\"pl-10981\"  class=\"panel-layout\" ><div id=\"pg-10981-0\"  class=\"panel-grid panel-has-style\" ><div class=\"vertical_down orion-parallax siteorigin-panels-stretch orion-separator bottom-svg-3 bottom-svg-inside divider-no-animation tablet-1-in-row mobile-1-in-row desktop-default overlay-c2-c1 panel-row-style panel-row-style-for-10981-0\" data-stretch-type=\"full\" ><div id=\"pgc-10981-0-0\"  class=\"panel-grid-cell\" ><div id=\"panel-10981-0-0-0\" class=\"so-panel widget widget_orion_heading_w panel-first-child panel-last-child\" data-index=\"0\" ><div class=\"orion mobile-text-center default panel-widget-style panel-widget-style-for-10981-0-0-0\" ><div\n\t\t\t\n\t\t\tclass=\"so-widget-orion_heading_w so-widget-orion_heading_w-base\"\n\t\t\t\n\t\t> \r\n\t\t\t<div class=\"row orion-heading\" style=\"margin-bottom:0px;\">\r\n\t\t<div class=\"col-md-12   text-center style-h1 style-text-light\">\r\n\t\t\t<h1 class=\"text-light\">\r\n\t\t\t\t<strong>Passi\u00f3 pel teu Somriure<\/strong>\t\t\t<\/h1>\r\n\t\t<\/div>\r\n\t<\/div>\r\n\r\n\t<\/div><\/div><\/div><\/div><\/div><\/div><div id=\"pg-10981-1\"  class=\"panel-grid panel-has-style\" ><div class=\"siteorigin-panels-stretch divider-no-animation tablet-default mobile-1-in-row desktop-default panel-row-style panel-row-style-for-10981-1\" data-stretch-type=\"full\" ><div id=\"pgc-10981-1-0\"  class=\"panel-grid-cell\" ><div id=\"panel-10981-1-0-0\" class=\"so-panel widget widget_orion_empty_space_w panel-first-child\" data-index=\"1\" ><div class=\"orion default panel-widget-style panel-widget-style-for-10981-1-0-0\" ><div\n\t\t\t\n\t\t\tclass=\"so-widget-orion_empty_space_w so-widget-orion_empty_space_w-base\"\n\t\t\t\n\t\t>\t<div class=\"row empty-space visible-sm visible-xs\" style=\"height:40px;\">\r\n\t<\/div><\/div><\/div><\/div><div id=\"panel-10981-1-0-1\" class=\"so-panel widget widget_orion_heading_w\" data-index=\"2\" ><div class=\"orion default panel-widget-style panel-widget-style-for-10981-1-0-1\" ><div\n\t\t\t\n\t\t\tclass=\"so-widget-orion_heading_w so-widget-orion_heading_w-base\"\n\t\t\t\n\t\t> \r\n\t\t\t<div class=\"row orion-heading\" style=\"margin-bottom:0px;\">\r\n\t\t<div class=\"col-md-12  separator-style-1 text-left style-h3 style-primary-color\">\r\n\t\t\t<h3 class=\"primary-color text-uppercase\">\r\n\t\t\t\t<strong>La Cl\u00ednica<\/strong>\t\t\t<\/h3>\r\n\t\t<\/div>\r\n\t<\/div>\r\n\r\n\t<\/div><\/div><\/div><div id=\"panel-10981-1-0-2\" class=\"so-panel widget widget_sow-editor\" data-index=\"3\" ><div class=\"orion custom default panel-widget-style panel-widget-style-for-10981-1-0-2\" ><div\n\t\t\t\n\t\t\tclass=\"so-widget-sow-editor so-widget-sow-editor-base\"\n\t\t\t\n\t\t>\n<div class=\"siteorigin-widget-tinymce textwidget\">\n\t<p><strong>El teus dentistes de confian\u00e7a a Terrassa<\/strong><\/p>\n<p style=\"text-align: justify;\">La Cl\u00ednica Dental Gaud\u00ed va obrir les seves portes l'any 1989. El Dr. Jorge Ferre va fundar aquest centre odontol\u00f2gic promogut per la seva passi\u00f3 per la Odontologia, amb l'objectiu de <strong>millorar la qualitat de vida<\/strong>\u00a0de tots els ve\u00efns de Terrassa, a trav\u00e9s d'un\u00a0<strong>servei honest<\/strong>, proper i d'alta qualitat.<\/p>\n<p>M\u00e9s tard, sota la direcci\u00f3 del Dr. Albert Ferr\u00e9, la cl\u00ednica inicia una nova etapa de creixement i modernitzaci\u00f3, mantenint intactes els valors que li van donar origen i obrint <strong>un nou cam\u00ed<\/strong> ple <strong>d'il\u00b7lusi\u00f3, innovaci\u00f3 i excel\u00b7l\u00e8ncia<\/strong>.<\/p>\n<p style=\"text-align: justify;\">Avui, 35 anys m\u00e9s tard, la nostra cl\u00ednica dental s'ha posicionat com <strong>una de les referents de la zona<\/strong>, amb milers de pacients atesos que la recomanen\u00a0i un equip de dentistes a Terrasa altament qualificat \u00bfEl secret? Buscar sempre l'excel\u00b7l\u00e8ncia m\u00e8dica sense oblidar que el pacient, el seu benestar i els seus interessos s\u00f3n el m\u00e9s important.<\/p>\n<p style=\"text-align: justify;\">A Cl\u00ednica Dental Gaud\u00ed han somrigut diverses generacions de fam\u00edlies, que van a aquest centre de manera ininterrompuda promoguts pel <strong>tracte proper del seu equip m\u00e8dic<\/strong>, que treballen amb les t\u00e8cniques m\u00e9s avan\u00e7ades i efectives.<\/p>\n<p style=\"text-align: justify;\">Tots els tractaments de la cl\u00ednica es realitzen amb la tecnologia m\u00e9s innovadora, que aconsegueix que els processos siguin m\u00e9s curts, efectius i c\u00f2modes per al pacient.<\/p>\n<p style=\"text-align: justify;\">A la <strong>primera visita<\/strong>, realitzarem una exploraci\u00f3 completa de l'estat de la teva cavitat oral. Si cal, es procedir\u00e0 a realitzar les proves m\u00e8diques necess\u00e0ries, amb l'objectiu d'aconseguir un diagn\u00f2stic molt prec\u00eds. Despr\u00e9s, rebr\u00e0s un <strong>pla de tractament totalment personalitzat<\/strong>, en el qual es pautaran els procediments necessaris per millorar la funcionalitat i est\u00e8tica del teu somriure.<\/p>\n<p style=\"text-align: justify;\">Vols que t'ajudem a somriure amb confian\u00e7a? Estarem encantats de fer-ho. No ho dubtis m\u00e9s i <a href=\"https:\/\/clinicadentalgaudi.com\/ca\/contacto\">demana la teva primera visita<\/a> sense cap cost. T'esperem!.<\/p>\n<p>Confia en els nostres profesinales, volem ser els teus dentistes a Terrassa de confian\u00e7a.<\/p>\n<\/div>\n<\/div><\/div><\/div><div id=\"panel-10981-1-0-3\" class=\"so-panel widget widget_orion_empty_space_w panel-last-child\" data-index=\"4\" ><div class=\"orion default panel-widget-style panel-widget-style-for-10981-1-0-3\" ><div\n\t\t\t\n\t\t\tclass=\"so-widget-orion_empty_space_w so-widget-orion_empty_space_w-base\"\n\t\t\t\n\t\t>\t<div class=\"row empty-space visible-sm visible-xs\" style=\"height:40px;\">\r\n\t<\/div><\/div><\/div><\/div><\/div><\/div><\/div><div id=\"pg-10981-2\"  class=\"panel-grid panel-has-style\" ><div class=\"siteorigin-panels-stretch divider-no-animation tablet-default mobile-1-in-row desktop-default overlay-c2-c1 panel-row-style panel-row-style-for-10981-2\" data-stretch-type=\"full\" ><div id=\"pgc-10981-2-0\"  class=\"panel-grid-cell\" ><div class=\"panel-cell-style panel-cell-style-for-10981-2-0\" ><div id=\"panel-10981-2-0-0\" class=\"so-panel widget widget_orion_heading_w panel-first-child\" data-index=\"5\" ><div class=\"orion default panel-widget-style panel-widget-style-for-10981-2-0-0\" ><div\n\t\t\t\n\t\t\tclass=\"so-widget-orion_heading_w so-widget-orion_heading_w-base\"\n\t\t\t\n\t\t> \r\n\t\t\t<div class=\"row orion-heading\" style=\"margin-bottom:0px;\">\r\n\t\t<div class=\"col-md-12   text-left style-h1 style-text-light\">\r\n\t\t\t<h1 class=\"text-light\">\r\n\t\t\t\t<strong>Per qu\u00e8 triar-nos?<\/strong>\t\t\t<\/h1>\r\n\t\t<\/div>\r\n\t<\/div>\r\n\r\n\t<\/div><\/div><\/div><div id=\"panel-10981-2-0-1\" class=\"so-panel widget widget_orion_dividers_w\" data-index=\"6\" ><div class=\"orion default panel-widget-style panel-widget-style-for-10981-2-0-1\" ><div\n\t\t\t\n\t\t\tclass=\"so-widget-orion_dividers_w so-widget-orion_dividers_w-base\"\n\t\t\t\n\t\t>\t<hr style=\"border-top-width:3px; border-top-color:rgba(255,255,255,1); border-style: solid; width: 100%;  margin-top: 0;\"><\/div><\/div><\/div><div id=\"panel-10981-2-0-2\" class=\"so-panel widget widget_sow-editor\" data-index=\"7\" ><div class=\"orion text-light panel-widget-style panel-widget-style-for-10981-2-0-2\" ><div\n\t\t\t\n\t\t\tclass=\"so-widget-sow-editor so-widget-sow-editor-base\"\n\t\t\t\n\t\t>\n<div class=\"siteorigin-widget-tinymce textwidget\">\n\t<h6 style=\"text-align: justify;\">Si encara tens dubtes, en aquest apartat trobar\u00e0s alguns motius pels quals visitar aquesta <a href=\"https:\/\/clinicadentalgaudi.com\/ca\/\">cl\u00ednica dental a Terrassa<\/a>.<\/h6>\n<\/div>\n<\/div><\/div><\/div><div id=\"panel-10981-2-0-3\" class=\"so-panel widget widget_orion_empty_space_w panel-last-child\" data-index=\"8\" ><div class=\"orion default panel-widget-style panel-widget-style-for-10981-2-0-3\" ><div\n\t\t\t\n\t\t\tclass=\"so-widget-orion_empty_space_w so-widget-orion_empty_space_w-base\"\n\t\t\t\n\t\t>\t<div class=\"row empty-space visible-sm visible-xs\" style=\"height:110px;\">\r\n\t<\/div><\/div><\/div><\/div><\/div><\/div><div id=\"pgc-10981-2-1\"  class=\"panel-grid-cell\" ><div id=\"panel-10981-2-1-0\" class=\"so-panel widget widget_orion_icon_text_w panel-first-child\" data-index=\"9\" ><div class=\"orion custom default panel-widget-style panel-widget-style-for-10981-2-1-0\" ><div\n\t\t\t\n\t\t\tclass=\"so-widget-orion_icon_text_w so-widget-orion_icon_text_w-base\"\n\t\t\t\n\t\t>\r\n<div class=\"row icon-box-items-wrap grid icon-top\">\r\n \r\n\t\r\n\t\t\r\n\t\t\r\n\t\t\t\t\r\n\t\t\r\n\t\t<div class=\"icon-box-wrap clearfix col-lg-12 col-sm-12 vertical-center text-center text-light\" style=\"margin-bottom:10px;\">\t\t\r\n\r\n\t\t\t\t\t\t\t\t\t\t<div class=\"icon-wrap relative text-center circle\">\r\n\t\t\t\t\t<span class=\"sow-icon-dentalicons2\" data-sow-icon=\"&#xe914;\"\n\t\tstyle=\"color: #fff; background-color: #4b7d96\" \n\t\taria-hidden=\"true\"><\/span>\t\t\t\t\t\t\t\t\t<\/div>\r\n\t\t\t\r\n\t\t\t\t\t\t\r\n\r\n\t\t\t\t\t\t<span class=\"description\"><p style=\"text-align: justify\"><strong>EXCEL\u00b7L\u00c8NCIA M\u00c8DICA.<\/strong> Comptem amb m\u00e9s de 35 anys d'experi\u00e8ncia en tractaments odontol\u00f2gics. En aquest centre hi trobar\u00e0s tot un equip de metges, auxiliars i higienistes amb alta capacitaci\u00f3 per a atendre't.<\/p><\/span>\r\n\t\t\t\r\n\t\t<\/div>\r\n\t\r\n<\/div><\/div><\/div><\/div><div id=\"panel-10981-2-1-1\" class=\"so-panel widget widget_orion_empty_space_w panel-last-child\" data-index=\"10\" ><div class=\"orion default panel-widget-style panel-widget-style-for-10981-2-1-1\" ><div\n\t\t\t\n\t\t\tclass=\"so-widget-orion_empty_space_w so-widget-orion_empty_space_w-base\"\n\t\t\t\n\t\t>\t<div class=\"row empty-space visible-sm visible-xs\" style=\"height:30px;\">\r\n\t<\/div><\/div><\/div><\/div><\/div><div id=\"pgc-10981-2-2\"  class=\"panel-grid-cell\" ><div id=\"panel-10981-2-2-0\" class=\"so-panel widget widget_orion_icon_text_w panel-first-child\" data-index=\"11\" ><div class=\"orion default panel-widget-style panel-widget-style-for-10981-2-2-0\" ><div\n\t\t\t\n\t\t\tclass=\"so-widget-orion_icon_text_w so-widget-orion_icon_text_w-base\"\n\t\t\t\n\t\t>\r\n<div class=\"row icon-box-items-wrap grid icon-top\">\r\n \r\n\t\r\n\t\t\r\n\t\t\r\n\t\t\t\t\r\n\t\t\r\n\t\t<div class=\"icon-box-wrap clearfix col-lg-12 col-sm-12 vertical-center text-center text-light\" style=\"margin-bottom:10px;\">\t\t\r\n\r\n\t\t\t\t\t\t\t\t\t\t<div class=\"icon-wrap relative text-center circle\">\r\n\t\t\t\t\t<span class=\"sow-icon-dentalicons2\" data-sow-icon=\"&#xe916;\"\n\t\tstyle=\"color: #fff; background-color: #4b7d96\" \n\t\taria-hidden=\"true\"><\/span>\t\t\t\t\t\t\t\t\t<\/div>\r\n\t\t\t\r\n\t\t\t\t\t\t\r\n\r\n\t\t\t\t\t\t<span class=\"description\"><p style=\"text-align: justify\"><strong>TOTS ELS TRACTAMENTS.<\/strong> Sigui quin sigui el teu problema o dol\u00e8ncia ser\u00e0 solucionat en aquesta cl\u00ednica. Des d'Implantologia a Ortod\u00f2ncia, Endod\u00f2ncia, Est\u00e8tica Dental, Period\u00f2ncia o Odontopediatria, el teu somriure est\u00e0 protegit!. Es realitzen tractaments a mida per a adults i nens.<\/p><\/span>\r\n\t\t\t\r\n\t\t<\/div>\r\n\t\r\n<\/div><\/div><\/div><\/div><div id=\"panel-10981-2-2-1\" class=\"so-panel widget widget_orion_empty_space_w panel-last-child\" data-index=\"12\" ><div class=\"orion default panel-widget-style panel-widget-style-for-10981-2-2-1\" ><div\n\t\t\t\n\t\t\tclass=\"so-widget-orion_empty_space_w so-widget-orion_empty_space_w-base\"\n\t\t\t\n\t\t>\t<div class=\"row empty-space visible-sm visible-xs\" style=\"height:30px;\">\r\n\t<\/div><\/div><\/div><\/div><\/div><div id=\"pgc-10981-2-3\"  class=\"panel-grid-cell\" ><div id=\"panel-10981-2-3-0\" class=\"so-panel widget widget_orion_icon_text_w panel-first-child\" data-index=\"13\" ><div class=\"orion custom default panel-widget-style panel-widget-style-for-10981-2-3-0\" ><div\n\t\t\t\n\t\t\tclass=\"so-widget-orion_icon_text_w so-widget-orion_icon_text_w-base\"\n\t\t\t\n\t\t>\r\n<div class=\"row icon-box-items-wrap grid icon-top\">\r\n \r\n\t\r\n\t\t\r\n\t\t\r\n\t\t\t\t\r\n\t\t\r\n\t\t<div class=\"icon-box-wrap clearfix col-lg-12 col-sm-12 vertical-center text-center text-light\" style=\"margin-bottom:10px;\">\t\t\r\n\r\n\t\t\t\t\t\t\t\t\t\t<div class=\"icon-wrap relative text-center circle\">\r\n\t\t\t\t\t<span class=\"sow-icon-dentalicons2\" data-sow-icon=\"&#xe913;\"\n\t\tstyle=\"color: #fff; background-color: #4b7d96\" \n\t\taria-hidden=\"true\"><\/span>\t\t\t\t\t\t\t\t\t<\/div>\r\n\t\t\t\r\n\t\t\t\t\t\t\r\n\r\n\t\t\t\t\t\t<span class=\"description\"><p style=\"text-align: justify\"><strong>CONTINUA FORMACI\u00d3.<\/strong> Treballar seguint els aven\u00e7os m\u00e8dics m\u00e9s nous \u00e9s primordial per a oferir un servei excel\u00b7lent en el camp de l'Odontologia. A Cl\u00ednica Dental Gaud\u00ed, tot el seu equip fan servir les t\u00e8cniques d'\u00faltima generaci\u00f3.<\/p><\/span>\r\n\t\t\t\r\n\t\t<\/div>\r\n\t\r\n<\/div><\/div><\/div><\/div><div id=\"panel-10981-2-3-1\" class=\"so-panel widget widget_orion_empty_space_w panel-last-child\" data-index=\"14\" ><div class=\"orion default panel-widget-style panel-widget-style-for-10981-2-3-1\" ><div\n\t\t\t\n\t\t\tclass=\"so-widget-orion_empty_space_w so-widget-orion_empty_space_w-base\"\n\t\t\t\n\t\t>\t<div class=\"row empty-space visible-sm visible-xs\" style=\"height:30px;\">\r\n\t<\/div><\/div><\/div><\/div><\/div><div id=\"pgc-10981-2-4\"  class=\"panel-grid-cell\" ><div id=\"panel-10981-2-4-0\" class=\"so-panel widget widget_orion_icon_text_w panel-first-child\" data-index=\"15\" ><div class=\"orion default panel-widget-style panel-widget-style-for-10981-2-4-0\" ><div\n\t\t\t\n\t\t\tclass=\"so-widget-orion_icon_text_w so-widget-orion_icon_text_w-base\"\n\t\t\t\n\t\t>\r\n<div class=\"row icon-box-items-wrap grid icon-top\">\r\n \r\n\t\r\n\t\t\r\n\t\t\r\n\t\t\t\t\r\n\t\t\r\n\t\t<div class=\"icon-box-wrap clearfix col-lg-12 col-sm-12 vertical-center text-center text-light\" style=\"margin-bottom:10px;\">\t\t\r\n\r\n\t\t\t\t\t\t\t\t\t\t<div class=\"icon-wrap relative text-center circle\">\r\n\t\t\t\t\t<span class=\"sow-icon-dentalicons2\" data-sow-icon=\"&#xe91a;\"\n\t\tstyle=\"color: #fff; background-color: #4b7d96\" \n\t\taria-hidden=\"true\"><\/span>\t\t\t\t\t\t\t\t\t<\/div>\r\n\t\t\t\r\n\t\t\t\t\t\t\r\n\r\n\t\t\t\t\t\t<span class=\"description\"><p style=\"text-align: justify\"><strong>FINAN\u00c7AMENT A MIDA.<\/strong> Podr\u00e0s beneficiar-te de finan\u00e7ar tractaments fins a 24 mesos sense interessos. A m\u00e9s, trobar\u00e0s una relaci\u00f3 qualitat preu mai vista.<\/p><\/span>\r\n\t\t\t\r\n\t\t<\/div>\r\n\t\r\n<\/div><\/div><\/div><\/div><div id=\"panel-10981-2-4-1\" class=\"so-panel widget widget_orion_empty_space_w panel-last-child\" data-index=\"16\" ><div class=\"orion default panel-widget-style panel-widget-style-for-10981-2-4-1\" ><div\n\t\t\t\n\t\t\tclass=\"so-widget-orion_empty_space_w so-widget-orion_empty_space_w-base\"\n\t\t\t\n\t\t>\t<div class=\"row empty-space visible-sm visible-xs\" style=\"height:30px;\">\r\n\t<\/div><\/div><\/div><\/div><\/div><\/div><\/div><div id=\"pg-10981-3\"  class=\"panel-grid panel-has-style\" ><div class=\"siteorigin-panels-stretch divider-no-animation tablet-default mobile-1-in-row desktop-default full-width-on-small-devices orion-collapse-below-lg custom orion-equal-height panel-row-style panel-row-style-for-10981-3\" data-stretch-type=\"full-width-stretch\" ><div id=\"pgc-10981-3-0\"  class=\"panel-grid-cell\" ><div class=\"panel-cell-style panel-cell-style-for-10981-3-0\" ><div id=\"panel-10981-3-0-0\" class=\"so-panel widget widget_orion_simple_gallery panel-first-child panel-last-child\" data-index=\"17\" ><div class=\"orion default panel-widget-style panel-widget-style-for-10981-3-0-0\" ><div\n\t\t\t\n\t\t\tclass=\"so-widget-orion_simple_gallery so-widget-orion_simple_gallery-base\"\n\t\t\t\n\t\t><div class=\"row orion-simple-gallery carousel\">\r\n\r\n\r\n\t<div class=\"wrapper type-none\">\t\r\n\t\t\t\t\t\r\n\t\t\r\n\r\n\t\t<div class=\"owl-carousel owl-theme clearfix\" data-col=\"1\" data-autoplay=\"true\" data-autoplaytimeout=3002 data-dots=\"\">\r\n\r\n\t\t\t\t\t\t\t\t\t\t\t\t\t\t\t\t<div class=\"item col-md-12\">\r\n\t\t\t\t<div class=\"image-w relative\">\r\n\r\n\t\t\t\t\t\t\t\t\t\t\t\t\t<div class=\" overlay-none overlay-hover-greyscale scale-zoomin\">\r\n\t\t\t\t\t\t\t\t\t\t\t\t\t\r\n\t\t\t\t\t\t\t\t\t\t\t\t\t<img loading=\"lazy\" decoding=\"async\" width=\"750\" height=\"500\" src=\"https:\/\/clinicadentalgaudi.com\/wp-content\/uploads\/2017\/09\/espejo-750x500.jpeg\" class=\"attachment-orion_carousel size-orion_carousel\" alt=\"\" \/>\t\t\t\t\t\t\t<div class=\"overlay\"><\/div>\r\n\t\t\t\t\t\t\r\n\t\t\t\t\t\t\t\t\t\t\t\t\t<\/div>\r\n\t\t\t\t\t\t\t\r\n\t\t\t\t\t\r\n\t\t\t\t\t<div class=\"absolute\">\r\n\t\t\t\t\t\t\r\n\t\t\t\t\t<\/div>\t\t\t\t\t\r\n\t\t\t\t<\/div>\r\n\t\t\t<\/div>\r\n\t\t\t\t\t\t\t\t<div class=\"item col-md-12\">\r\n\t\t\t\t<div class=\"image-w relative\">\r\n\r\n\t\t\t\t\t\t\t\t\t\t\t\t\t<div class=\" overlay-none overlay-hover-greyscale scale-zoomin\">\r\n\t\t\t\t\t\t\t\t\t\t\t\t\t\r\n\t\t\t\t\t\t\t\t\t\t\t\t\t<img loading=\"lazy\" decoding=\"async\" width=\"750\" height=\"500\" src=\"https:\/\/clinicadentalgaudi.com\/wp-content\/uploads\/2017\/06\/Destacado-Protesis-750x500.jpg\" class=\"attachment-orion_carousel size-orion_carousel\" alt=\"\" \/>\t\t\t\t\t\t\t<div class=\"overlay\"><\/div>\r\n\t\t\t\t\t\t\r\n\t\t\t\t\t\t\t\t\t\t\t\t\t<\/div>\r\n\t\t\t\t\t\t\t\r\n\t\t\t\t\t\r\n\t\t\t\t\t<div class=\"absolute\">\r\n\t\t\t\t\t\t\r\n\t\t\t\t\t<\/div>\t\t\t\t\t\r\n\t\t\t\t<\/div>\r\n\t\t\t<\/div>\r\n\t\t\t\t\t\t\t\t<div class=\"item col-md-12\">\r\n\t\t\t\t<div class=\"image-w relative\">\r\n\r\n\t\t\t\t\t\t\t\t\t\t\t\t\t<div class=\" overlay-none overlay-hover-greyscale scale-zoomin\">\r\n\t\t\t\t\t\t\t\t\t\t\t\t\t\r\n\t\t\t\t\t\t\t\t\t\t\t\t\t<img loading=\"lazy\" decoding=\"async\" width=\"750\" height=\"500\" src=\"https:\/\/clinicadentalgaudi.com\/wp-content\/uploads\/2017\/06\/Cabecera-ProtesisSinMetal-750x500.jpg\" class=\"attachment-orion_carousel size-orion_carousel\" alt=\"\" \/>\t\t\t\t\t\t\t<div class=\"overlay\"><\/div>\r\n\t\t\t\t\t\t\r\n\t\t\t\t\t\t\t\t\t\t\t\t\t<\/div>\r\n\t\t\t\t\t\t\t\r\n\t\t\t\t\t\r\n\t\t\t\t\t<div class=\"absolute\">\r\n\t\t\t\t\t\t\r\n\t\t\t\t\t<\/div>\t\t\t\t\t\r\n\t\t\t\t<\/div>\r\n\t\t\t<\/div>\r\n\t\t\t\t\t\t\t\t<div class=\"item col-md-12\">\r\n\t\t\t\t<div class=\"image-w relative\">\r\n\r\n\t\t\t\t\t\t\t\t\t\t\t\t\t<div class=\" overlay-none overlay-hover-greyscale scale-zoomin\">\r\n\t\t\t\t\t\t\t\t\t\t\t\t\t\r\n\t\t\t\t\t\t\t\t\t\t\t\t\t<img loading=\"lazy\" decoding=\"async\" width=\"750\" height=\"500\" src=\"https:\/\/clinicadentalgaudi.com\/wp-content\/uploads\/2017\/06\/Cabecera_Nuestro-compromiso-750x500.jpg\" class=\"attachment-orion_carousel size-orion_carousel\" alt=\"\" \/>\t\t\t\t\t\t\t<div class=\"overlay\"><\/div>\r\n\t\t\t\t\t\t\r\n\t\t\t\t\t\t\t\t\t\t\t\t\t<\/div>\r\n\t\t\t\t\t\t\t\r\n\t\t\t\t\t\r\n\t\t\t\t\t<div class=\"absolute\">\r\n\t\t\t\t\t\t\r\n\t\t\t\t\t<\/div>\t\t\t\t\t\r\n\t\t\t\t<\/div>\r\n\t\t\t<\/div>\r\n\t\t\t\t\r\n\t\t\t\t\t<\/div>\r\n\t\t\t\t\t\t\t\r\n\t\t\t\t\t\t\t\r\n\r\n\t\t\r\n\t<\/div>\r\n<\/div><\/div><\/div><\/div><\/div><\/div><div id=\"pgc-10981-3-1\"  class=\"panel-grid-cell\" ><div class=\"panel-cell-style panel-cell-style-for-10981-3-1\" ><div id=\"panel-10981-3-1-0\" class=\"so-panel widget widget_orion_empty_space_w panel-first-child\" data-index=\"18\" ><div class=\"orion default panel-widget-style panel-widget-style-for-10981-3-1-0\" ><div\n\t\t\t\n\t\t\tclass=\"so-widget-orion_empty_space_w so-widget-orion_empty_space_w-base\"\n\t\t\t\n\t\t>\t<div class=\"row empty-space visible-lg visible-md\" style=\"height:90px;\">\r\n\t<\/div><\/div><\/div><\/div><div id=\"panel-10981-3-1-1\" class=\"so-panel widget widget_orion_empty_space_w\" data-index=\"19\" ><div class=\"orion default panel-widget-style panel-widget-style-for-10981-3-1-1\" ><div\n\t\t\t\n\t\t\tclass=\"so-widget-orion_empty_space_w so-widget-orion_empty_space_w-base\"\n\t\t\t\n\t\t>\t<div class=\"row empty-space visible-sm\" style=\"height:200px;\">\r\n\t<\/div><\/div><\/div><\/div><div id=\"panel-10981-3-1-2\" class=\"so-panel widget widget_orion_heading_w\" data-index=\"20\" ><div class=\"orion default panel-widget-style panel-widget-style-for-10981-3-1-2\" ><div\n\t\t\t\n\t\t\tclass=\"so-widget-orion_heading_w so-widget-orion_heading_w-base\"\n\t\t\t\n\t\t> \r\n\t\t\t<div class=\"row orion-heading\" style=\"margin-bottom:0px;\">\r\n\t\t<div class=\"col-md-12   text-center style-h1 style-text-dark\">\r\n\t\t\t<h1 class=\"text-dark\">\r\n\t\t\t\t<strong>A punt per recuperar el teu somriure?<\/strong>\t\t\t<\/h1>\r\n\t\t<\/div>\r\n\t<\/div>\r\n\r\n\t<\/div><\/div><\/div><div id=\"panel-10981-3-1-3\" class=\"so-panel widget widget_orion_dividers_w panel-last-child\" data-index=\"21\" ><div class=\"orion default panel-widget-style panel-widget-style-for-10981-3-1-3\" ><div\n\t\t\t\n\t\t\tclass=\"so-widget-orion_dividers_w so-widget-orion_dividers_w-base\"\n\t\t\t\n\t\t>\t<hr style=\"border-top-width:3px; border-top-color:rgba(75,125,150,1); border-style: solid; width: 75%;  margin-top: 0;\"><\/div><\/div><\/div><\/div><\/div><\/div><\/div><div id=\"pg-10981-4\"  class=\"panel-grid panel-has-style\" ><div class=\"siteorigin-panels-stretch divider-no-animation tablet-default mobile-1-in-row desktop-default full-width-on-small-devices custom panel-row-style panel-row-style-for-10981-4\" data-stretch-type=\"full-width-stretch\" ><div id=\"pgc-10981-4-0\"  class=\"panel-grid-cell\" ><div id=\"panel-10981-4-0-0\" class=\"so-panel widget widget_sow-editor panel-first-child\" data-index=\"22\" ><div class=\"orion default panel-widget-style panel-widget-style-for-10981-4-0-0\" ><div\n\t\t\t\n\t\t\tclass=\"so-widget-sow-editor so-widget-sow-editor-base\"\n\t\t\t\n\t\t>\n<div class=\"siteorigin-widget-tinymce textwidget\">\n\t<p><iframe loading=\"lazy\" src=\"https:\/\/www.google.com\/maps\/embed?pb=!1m18!1m12!1m3!1d2985.4012050816946!2d2.002755314943441!3d41.56056067924866!2m3!1f0!2f0!3f0!3m2!1i1024!2i768!4f13.1!3m3!1m2!1s0x12a492945a2c88b9%3A0xd0b97c2e8e6fd2f7!2sCl%C3%ADnica+Dental+Gaud%C3%AD!5e0!3m2!1ses!2ses!4v1549995448781\" width=\"100%\" height=\"600\" frameborder=\"0\" style=\"border:0\" allowfullscreen><\/iframe><\/p>\n<\/div>\n<\/div><\/div><\/div><div id=\"panel-10981-4-0-1\" class=\"so-panel widget widget_orion_empty_space_w panel-last-child\" data-index=\"23\" ><div class=\"orion custom default panel-widget-style panel-widget-style-for-10981-4-0-1\" ><div\n\t\t\t\n\t\t\tclass=\"so-widget-orion_empty_space_w so-widget-orion_empty_space_w-base\"\n\t\t\t\n\t\t>\t<div class=\"row empty-space visible-lg visible-md visible-sm visible-xs\" style=\"height:115px;\">\r\n\t<\/div><\/div><\/div><\/div><\/div><\/div><\/div><\/div>","protected":false},"excerpt":{"rendered":"<p>El teus dentistes de confian\u00e7a a Terrassa La Cl\u00ednica Dental Gaud\u00ed va obrir les seves portes l&#8217;any 1989. El Dr. Jorge Ferre va fundar aquest centre odontol\u00f2gic promogut per la seva passi\u00f3 per la Odontologia, amb l&#8217;objectiu de millorar la qualitat de vida\u00a0de tots els ve\u00efns de Terrassa, a trav\u00e9s d&#8217;un\u00a0servei honest, proper i d&#8217;alta<\/p>\n","protected":false},"author":3,"featured_media":0,"parent":0,"menu_order":0,"comment_status":"closed","ping_status":"closed","template":"","meta":{"_monsterinsights_skip_tracking":false,"_monsterinsights_sitenote_active":false,"_monsterinsights_sitenote_note":"","_monsterinsights_sitenote_category":0,"footnotes":""},"class_list":["post-10981","page","type-page","status-publish","hentry"],"_links":{"self":[{"href":"https:\/\/clinicadentalgaudi.com\/ca\/wp-json\/wp\/v2\/pages\/10981","targetHints":{"allow":["GET"]}}],"collection":[{"href":"https:\/\/clinicadentalgaudi.com\/ca\/wp-json\/wp\/v2\/pages"}],"about":[{"href":"https:\/\/clinicadentalgaudi.com\/ca\/wp-json\/wp\/v2\/types\/page"}],"author":[{"embeddable":true,"href":"https:\/\/clinicadentalgaudi.com\/ca\/wp-json\/wp\/v2\/users\/3"}],"replies":[{"embeddable":true,"href":"https:\/\/clinicadentalgaudi.com\/ca\/wp-json\/wp\/v2\/comments?post=10981"}],"version-history":[{"count":5,"href":"https:\/\/clinicadentalgaudi.com\/ca\/wp-json\/wp\/v2\/pages\/10981\/revisions"}],"predecessor-version":[{"id":13363,"href":"https:\/\/clinicadentalgaudi.com\/ca\/wp-json\/wp\/v2\/pages\/10981\/revisions\/13363"}],"wp:attachment":[{"href":"https:\/\/clinicadentalgaudi.com\/ca\/wp-json\/wp\/v2\/media?parent=10981"}],"curies":[{"name":"wp","href":"https:\/\/api.w.org\/{rel}","templated":true}]}}