{"id":11057,"date":"2019-03-27T20:45:44","date_gmt":"2019-03-27T20:45:44","guid":{"rendered":"https:\/\/clinicadentalgaudi.com\/trabaja-con-nosotros\/"},"modified":"2025-11-05T17:17:17","modified_gmt":"2025-11-05T16:17:17","slug":"trabaja-con-nosotros","status":"publish","type":"page","link":"https:\/\/clinicadentalgaudi.com\/ca\/trabaja-con-nosotros\/","title":{"rendered":"Treballa amb nosaltres"},"content":{"rendered":"<div id=\"pl-11057\"  class=\"panel-layout\" ><div id=\"pg-11057-0\"  class=\"panel-grid panel-has-style\" ><div class=\"vertical_down orion-parallax siteorigin-panels-stretch orion-separator bottom-svg-3 bottom-svg-inside divider-no-animation tablet-1-in-row mobile-1-in-row desktop-default overlay-c2-c1 panel-row-style panel-row-style-for-11057-0\" data-stretch-type=\"full\" data-svg-bottom-color=\"#f8f8f8\" ><div id=\"pgc-11057-0-0\"  class=\"panel-grid-cell\" ><div id=\"panel-11057-0-0-0\" class=\"so-panel widget widget_orion_heading_w panel-first-child panel-last-child\" data-index=\"0\" ><div class=\"orion mobile-text-center default panel-widget-style panel-widget-style-for-11057-0-0-0\" ><div\n\t\t\t\n\t\t\tclass=\"so-widget-orion_heading_w so-widget-orion_heading_w-base\"\n\t\t\t\n\t\t> \r\n\t\t\t<div class=\"row orion-heading\" style=\"margin-bottom:0px;\">\r\n\t\t<div class=\"col-md-12   text-center style-h1 style-text-light\">\r\n\t\t\t<h1 class=\"text-light\">\r\n\t\t\t\t<strong>Treballa amb nosaltres<\/strong>\t\t\t<\/h1>\r\n\t\t<\/div>\r\n\t<\/div>\r\n\r\n\t<\/div><\/div><\/div><\/div><\/div><\/div><div id=\"pg-11057-1\"  class=\"panel-grid panel-has-style\" ><div class=\"siteorigin-panels-stretch divider-no-animation tablet-default mobile-1-in-row desktop-default panel-row-style panel-row-style-for-11057-1\" data-stretch-type=\"full\" ><div id=\"pgc-11057-1-0\"  class=\"panel-grid-cell\" ><div id=\"panel-11057-1-0-0\" class=\"so-panel widget widget_orion_empty_space_w panel-first-child panel-last-child\" data-index=\"1\" ><div class=\"orion default panel-widget-style panel-widget-style-for-11057-1-0-0\" ><div\n\t\t\t\n\t\t\tclass=\"so-widget-orion_empty_space_w so-widget-orion_empty_space_w-base\"\n\t\t\t\n\t\t>\t<div class=\"row empty-space visible-lg visible-md visible-sm visible-xs\" style=\"height:24px;\">\r\n\t<\/div><\/div><\/div><\/div><\/div><\/div><\/div><div id=\"pg-11057-2\"  class=\"panel-grid panel-has-style\" ><div class=\"siteorigin-panels-stretch divider-no-animation tablet-default mobile-1-in-row desktop-default panel-row-style panel-row-style-for-11057-2\" data-stretch-type=\"full\" ><div id=\"pgc-11057-2-0\"  class=\"panel-grid-cell panel-grid-cell-empty\" ><\/div><div id=\"pgc-11057-2-1\"  class=\"panel-grid-cell panel-grid-cell-mobile-last\" ><div class=\"panel-cell-style panel-cell-style-for-11057-2-1\" ><div id=\"panel-11057-2-1-0\" class=\"so-panel widget widget_orion_empty_space_w panel-first-child\" data-index=\"2\" ><div class=\"orion default panel-widget-style panel-widget-style-for-11057-2-1-0\" ><div\n\t\t\t\n\t\t\tclass=\"so-widget-orion_empty_space_w so-widget-orion_empty_space_w-base\"\n\t\t\t\n\t\t>\t<div class=\"row empty-space visible-lg visible-md visible-sm visible-xs\" style=\"height:26px;\">\r\n\t<\/div><\/div><\/div><\/div><div id=\"panel-11057-2-1-1\" class=\"so-panel widget widget_sow-image\" data-index=\"3\" ><div class=\"orion default panel-widget-style panel-widget-style-for-11057-2-1-1\" ><div\n\t\t\t\n\t\t\tclass=\"so-widget-sow-image so-widget-sow-image-default-c67d20f9f743-11057\"\n\t\t\t\n\t\t>\n<div class=\"sow-image-container\">\n\t\t<img \n\tsrc=\"https:\/\/clinicadentalgaudi.com\/wp-content\/uploads\/2016\/10\/Recurso-323-300x226.png\" width=\"300\" height=\"226\" srcset=\"https:\/\/clinicadentalgaudi.com\/wp-content\/uploads\/2016\/10\/Recurso-323-300x226.png 300w, https:\/\/clinicadentalgaudi.com\/wp-content\/uploads\/2016\/10\/Recurso-323.png 567w\" sizes=\"(max-width: 300px) 100vw, 300px\" title=\"Recurso 323\" alt=\"Contacta con Cl\u00ednica Dental Gaud\u00ed\" \t\tclass=\"so-widget-image\"\/>\n\t<\/div>\n\n<\/div><\/div><\/div><div id=\"panel-11057-2-1-2\" class=\"so-panel widget widget_orion_empty_space_w\" data-index=\"4\" ><div class=\"orion default panel-widget-style panel-widget-style-for-11057-2-1-2\" ><div\n\t\t\t\n\t\t\tclass=\"so-widget-orion_empty_space_w so-widget-orion_empty_space_w-base\"\n\t\t\t\n\t\t>\t<div class=\"row empty-space visible-lg visible-md visible-sm visible-xs\" style=\"height:40px;\">\r\n\t<\/div><\/div><\/div><\/div><div id=\"panel-11057-2-1-3\" class=\"so-panel widget widget_orion_dividers_w\" data-index=\"5\" ><div class=\"orion default panel-widget-style panel-widget-style-for-11057-2-1-3\" ><div\n\t\t\t\n\t\t\tclass=\"so-widget-orion_dividers_w so-widget-orion_dividers_w-base\"\n\t\t\t\n\t\t>\t<hr style=\"border-top-width:3px; border-top-color:rgba(242,242,242,1); border-style: solid; width: 100%;  margin-top:10px;\"><\/div><\/div><\/div><div id=\"panel-11057-2-1-4\" class=\"so-panel widget widget_sow-editor\" data-index=\"6\" ><div class=\"orion text-light panel-widget-style panel-widget-style-for-11057-2-1-4\" ><div\n\t\t\t\n\t\t\tclass=\"so-widget-sow-editor so-widget-sow-editor-base\"\n\t\t\t\n\t\t>\n<div class=\"siteorigin-widget-tinymce textwidget\">\n\t<h6><strong>Cl\u00ednica Dental Gaud\u00ed<\/strong><\/h6>\n<p>C\/ Doctor Salv\u00e0, 4<br \/>\n08224 Terrassa<br \/>\n93 780 81 38<\/p>\n<\/div>\n<\/div><\/div><\/div><div id=\"panel-11057-2-1-5\" class=\"so-panel widget widget_orion_dividers_w\" data-index=\"7\" ><div class=\"orion default panel-widget-style panel-widget-style-for-11057-2-1-5\" ><div\n\t\t\t\n\t\t\tclass=\"so-widget-orion_dividers_w so-widget-orion_dividers_w-base\"\n\t\t\t\n\t\t>\t<hr style=\"border-top-width:3px; border-top-color:rgba(242,242,242,1); border-style: solid; width: 100%;  margin-top:10px;\"><\/div><\/div><\/div><div id=\"panel-11057-2-1-6\" class=\"so-panel widget widget_orion_icon_w\" data-index=\"8\" ><div class=\"orion custom default panel-widget-style panel-widget-style-for-11057-2-1-6\" ><div\n\t\t\t\n\t\t\tclass=\"so-widget-orion_icon_w so-widget-orion_icon_w-base\"\n\t\t\t\n\t\t><div class=\"row icon-row\">\r\n\r\n\t\t<div class=\"icon wrapper col-md-12\">\r\n\t\t\r\n\t\t\t\t\t\t\r\n\t\t\t\t\t\r\n\t\t\t\t\t\t<a href=\"https:\/\/www.facebook.com\/ClinicaDentalGaudiTerrassa\" class=\"btn btn-icon btn-wire btn btn-white btn-sm btn-round \"  style=margin-right:1px>\r\n\t\t\t\t<span class=\"sow-icon-fontawesome sow-fab\" data-sow-icon=\"&#xf39e;\"\n\t\tstyle=\"\" \n\t\taria-hidden=\"true\"><\/span>\t\t\t<\/a>\r\n\t\t\t\t\t\r\n\t\t\t\t\t\t\r\n\t\t\t\t\t\r\n\t\t\t\t\t\t<a href=\"https:\/\/www.instagram.com\/dralbertferre\/\" class=\"btn btn-icon btn-wire btn btn-white btn-sm btn-round \"  style=margin-right:1px>\r\n\t\t\t\t<span class=\"sow-icon-fontawesome sow-fab\" data-sow-icon=\"&#xf16d;\"\n\t\tstyle=\"\" \n\t\taria-hidden=\"true\"><\/span>\t\t\t<\/a>\r\n\t\t\t\t\t\r\n\t\t\t\t\t\t\r\n\t\t\t\t\t\r\n\t\t\t\t\t\t<a href=\"http:\/\/linkedin.com\/in\/albert-ferre-m-6920ba120\" class=\"btn btn-icon btn-wire btn btn-white btn-sm btn-round \"  style=margin-right:1px>\r\n\t\t\t\t<span class=\"sow-icon-fontawesome sow-fab\" data-sow-icon=\"&#xf0e1;\"\n\t\tstyle=\"\" \n\t\taria-hidden=\"true\"><\/span>\t\t\t<\/a>\r\n\t\t\t\t\t\r\n\t\t\t\t\t\t\r\n\t\t\t\t\t\r\n\t\t\t\t\t\t<a href=\"tel:+34937808138\" class=\"btn btn-icon btn-wire btn btn-white btn-sm btn-round \"  style=margin-right:1px>\r\n\t\t\t\t<span class=\"sow-icon-eleganticons\" data-sow-icon=\"&#xe090;\"\n\t\tstyle=\"\" \n\t\taria-hidden=\"true\"><\/span>\t\t\t<\/a>\r\n\t\t\t\t\t\r\n\t\t\t\t\t\t\r\n\t\t\t\t\t\r\n\t\t\t\t\t\t<a href=\"https:\/\/wa.me\/+34630148180\" class=\"btn btn-icon btn-wire btn btn-white btn-sm btn-round \"  style=margin-right:1px>\r\n\t\t\t\t<span class=\"sow-icon-fontawesome sow-fab\" data-sow-icon=\"&#xf232;\"\n\t\tstyle=\"\" \n\t\taria-hidden=\"true\"><\/span>\t\t\t<\/a>\r\n\t\t\t\t\t\r\n\t\t\t\t\t\t\r\n\t\t\t\t\t\r\n\t\t\t\t\t\t<a href=\"https:\/\/clinicadentalgaudi.com\/contacto\/\" class=\"btn btn-icon btn-wire btn btn-white btn-sm btn-round \"  style=margin-right:1px>\r\n\t\t\t\t<span class=\"sow-icon-fontawesome sow-fas\" data-sow-icon=\"&#xf0e0;\"\n\t\tstyle=\"\" \n\t\taria-hidden=\"true\"><\/span>\t\t\t<\/a>\r\n\t\t\t\t\t\r\n\t\t\t\t\t\t\r\n\t\t\t\t\t\r\n\t\t\t\t\t\t<a href=\"https:\/\/www.google.com\/maps\/place\/Cl%C3%ADnica+Dental+Gaud%C3%AD\/@41.5605607,2.004944,15z\/data=!4m5!3m4!1s0x0:0xd0b97c2e8e6fd2f7!8m2!3d41.5605607!4d2.004944\" class=\"btn btn-icon btn-wire btn btn-white btn-sm btn-round \"  style=margin-right:1px>\r\n\t\t\t\t<span class=\"sow-icon-fontawesome sow-fas\" data-sow-icon=\"&#xf3c5;\"\n\t\tstyle=\"\" \n\t\taria-hidden=\"true\"><\/span>\t\t\t<\/a>\r\n\t\t\t\t\t\t<\/div>\r\n<\/div><\/div><\/div><\/div><div id=\"panel-11057-2-1-7\" class=\"so-panel widget widget_orion_dividers_w\" data-index=\"9\" ><div class=\"orion default panel-widget-style panel-widget-style-for-11057-2-1-7\" ><div\n\t\t\t\n\t\t\tclass=\"so-widget-orion_dividers_w so-widget-orion_dividers_w-base\"\n\t\t\t\n\t\t>\t<hr style=\"border-top-width:3px; border-top-color:rgba(242,242,242,1); border-style: solid; width: 100%;  margin-top:10px;\"><\/div><\/div><\/div><div id=\"panel-11057-2-1-8\" class=\"so-panel widget widget_orion_empty_space_w\" data-index=\"10\" ><div class=\"orion default panel-widget-style panel-widget-style-for-11057-2-1-8\" ><div\n\t\t\t\n\t\t\tclass=\"so-widget-orion_empty_space_w so-widget-orion_empty_space_w-base\"\n\t\t\t\n\t\t>\t<div class=\"row empty-space visible-lg visible-md visible-sm visible-xs\" style=\"height:30px;\">\r\n\t<\/div><\/div><\/div><\/div><div id=\"panel-11057-2-1-9\" class=\"so-panel widget widget_orion_heading_w\" data-index=\"11\" ><div class=\"orion default panel-widget-style panel-widget-style-for-11057-2-1-9\" ><div\n\t\t\t\n\t\t\tclass=\"so-widget-orion_heading_w so-widget-orion_heading_w-base\"\n\t\t\t\n\t\t> \r\n\t\t\t<div class=\"row orion-heading\" style=\"margin-bottom:0px;\">\r\n\t\t<div class=\"col-md-12  separator-style-2 text-center style-h5 style-text-light\">\r\n\t\t\t<h5 class=\"text-light text-uppercase\">\r\n\t\t\t\tVols formar part del nostre equip?\t\t\t<\/h5>\r\n\t\t<\/div>\r\n\t<\/div>\r\n\r\n\t<\/div><\/div><\/div><div id=\"panel-11057-2-1-10\" class=\"so-panel widget widget_sow-editor\" data-index=\"12\" ><div class=\"orion custom text-light panel-widget-style panel-widget-style-for-11057-2-1-10\" ><div\n\t\t\t\n\t\t\tclass=\"so-widget-sow-editor so-widget-sow-editor-base\"\n\t\t\t\n\t\t>\n<div class=\"siteorigin-widget-tinymce textwidget\">\n\t<h2 style=\"text-align: center;\">Treballa amb nosaltres<\/h2>\n<p style=\"text-align: justify;\">El Dr. Albert Ferr\u00e9 i el seu equip estan oberts a estudiar les candidatures dels professionals que comparteixin <strong>la seva visi\u00f3 de l'odontologia honesta, \u00e8tica i d'alta qualitat<\/strong>.<\/p>\n<p style=\"text-align: justify;\">Si defenses aquests valors i <strong>vols treballar amb nosaltres<\/strong>, no dubtis en contactar amb nosaltres a trav\u00e9s del <strong>nostre formulari en l\u00ednia<\/strong> i <strong>enviar-nos el teu curr\u00edculum<\/strong> (nom\u00e9s l'acceptem en format .pdf). Tindrem en compte la teva oferta quan disposem d'una posici\u00f3 adequada per a tu.<\/p>\n<p style=\"text-align: justify;\"><strong>Gr\u00e0cies per interessar-te<\/strong> en la nostra cl\u00ednica!.<\/p>\n<\/div>\n<\/div><\/div><\/div><div id=\"panel-11057-2-1-11\" class=\"so-panel widget widget_orion_cf7_w\" data-index=\"13\" ><div class=\"orion custom default panel-widget-style panel-widget-style-for-11057-2-1-11\" ><div\n\t\t\t\n\t\t\tclass=\"so-widget-orion_cf7_w so-widget-orion_cf7_w-base\"\n\t\t\t\n\t\t>\n<div class=\"wpcf7 no-js\" id=\"wpcf7-f10941-o1\" lang=\"en-US\" dir=\"ltr\" data-wpcf7-id=\"10941\">\n<div class=\"screen-reader-response\"><p role=\"status\" aria-live=\"polite\" aria-atomic=\"true\"><\/p> <ul><\/ul><\/div>\n<form action=\"\/ca\/wp-json\/wp\/v2\/pages\/11057#wpcf7-f10941-o1\" method=\"post\" class=\"wpcf7-form init\" aria-label=\"Contact form\" enctype=\"multipart\/form-data\" novalidate=\"novalidate\" data-status=\"init\">\n<fieldset class=\"hidden-fields-container\"><input type=\"hidden\" name=\"_wpcf7\" value=\"10941\" \/><input type=\"hidden\" name=\"_wpcf7_version\" value=\"6.1.5\" \/><input type=\"hidden\" name=\"_wpcf7_locale\" value=\"en_US\" \/><input type=\"hidden\" name=\"_wpcf7_unit_tag\" value=\"wpcf7-f10941-o1\" \/><input type=\"hidden\" name=\"_wpcf7_container_post\" value=\"0\" \/><input type=\"hidden\" name=\"_wpcf7_posted_data_hash\" value=\"\" \/><input type=\"hidden\" name=\"_wpcf7_recaptcha_response\" value=\"\" \/>\n<\/fieldset>\n<div class=\"wpcf7-form row\">\n\t<div class=\"col-md-6 name\">\n\t\t<p><span class=\"wpcf7-form-control-wrap\" data-name=\"text-name\"><input size=\"40\" maxlength=\"400\" class=\"wpcf7-form-control wpcf7-text wpcf7-validates-as-required\" aria-required=\"true\" aria-invalid=\"false\" placeholder=\"Nombre\" value=\"\" type=\"text\" name=\"text-name\" \/><\/span>\n\t\t<\/p>\n\t<\/div>\n\t<div class=\"col-md-6 name\">\n\t\t<p><span class=\"wpcf7-form-control-wrap\" data-name=\"text-last-name\"><input size=\"40\" maxlength=\"400\" class=\"wpcf7-form-control wpcf7-text wpcf7-validates-as-required\" aria-required=\"true\" aria-invalid=\"false\" placeholder=\"Apellido\" value=\"\" type=\"text\" name=\"text-last-name\" \/><\/span>\n\t\t<\/p>\n\t<\/div>\n\t<div class=\"col-md-6 phone\">\n\t\t<p><span class=\"wpcf7-form-control-wrap\" data-name=\"text-phone\"><input size=\"40\" maxlength=\"400\" class=\"wpcf7-form-control wpcf7-text wpcf7-validates-as-required\" aria-required=\"true\" aria-invalid=\"false\" placeholder=\"N\u00famero de tel\u00e9fono\" value=\"\" type=\"text\" name=\"text-phone\" \/><\/span>\n\t\t<\/p>\n\t<\/div>\n\t<div class=\"col-md-6 email\">\n\t\t<p><span class=\"wpcf7-form-control-wrap\" data-name=\"email-777\"><input size=\"40\" maxlength=\"400\" class=\"wpcf7-form-control wpcf7-email wpcf7-validates-as-required wpcf7-text wpcf7-validates-as-email\" aria-required=\"true\" aria-invalid=\"false\" placeholder=\"E-mail\" value=\"\" type=\"email\" name=\"email-777\" \/><\/span>\n\t\t<\/p>\n\t<\/div>\n\t<div class=\"col-md-12\">\n\t\t<p><span class=\"wpcf7-form-control-wrap\" data-name=\"textarea-notes\"><textarea cols=\"40\" rows=\"10\" maxlength=\"2000\" class=\"wpcf7-form-control wpcf7-textarea\" aria-invalid=\"false\" placeholder=\"Preguntas\/Comentarios\" name=\"textarea-notes\"><\/textarea><\/span>\n\t\t<\/p>\n\t<\/div>\n\t<div class=\"col-md-12\" style=\"color:white\">\n\t\t<p><span class=\"wpcf7-form-control-wrap\" data-name=\"file-574\"><input size=\"40\" class=\"wpcf7-form-control wpcf7-file\" accept=\".pdf\" aria-invalid=\"false\" type=\"file\" name=\"file-574\" \/><\/span>\n\t\t<\/p>\n\t<\/div>\n\t<div class=\"col-md-3 space\">\n\t\t<p>&nbsp;\n\t\t<\/p>\n\t<\/div>\n\t<div class=\"col-md-6\">\n\t\t<p><input class=\"wpcf7-form-control wpcf7-submit has-spinner btn btn-c1 btn-lg btn-block\" type=\"submit\" value=\"Enviar\" \/>\n\t\t<\/p>\n\t<\/div>\n\t<div class=\"col-md-3 space2\">\n\t\t<p>&nbsp;\n\t\t<\/p>\n\t<\/div>\n\t<div class=\"col-md-6 space\">\n\t\t<p style=\"color:#4b7d96\";><span class=\"wpcf7-form-control-wrap\" data-name=\"checkbox-152\"><span class=\"wpcf7-form-control wpcf7-checkbox wpcf7-validates-as-required\"><span class=\"wpcf7-list-item first last\"><input type=\"checkbox\" name=\"checkbox-152[]\" value=\"S\u00ed\" \/><span class=\"wpcf7-list-item-label\">S\u00ed<\/span><\/span><\/span><\/span>\n\t\t<\/p>\n\t<\/div>\n\t<div class=\"col-md-12 space\">\n\t\t<p style=\"color:#ffffff\";>Para poder enviar este formulario debes aceptar, marcando la casilla, nuestra Pol\u00edtica de privacidad.\n\t\t<\/p>\n\t<\/div>\n<\/div><div class=\"wpcf7-response-output\" aria-hidden=\"true\"><\/div>\n<\/form>\n<\/div>\n<\/div><\/div><\/div><div id=\"panel-11057-2-1-12\" class=\"so-panel widget widget_orion_empty_space_w\" data-index=\"14\" ><div class=\"orion default panel-widget-style panel-widget-style-for-11057-2-1-12\" ><div\n\t\t\t\n\t\t\tclass=\"so-widget-orion_empty_space_w so-widget-orion_empty_space_w-base\"\n\t\t\t\n\t\t>\t<div class=\"row empty-space visible-lg visible-md visible-sm visible-xs\" style=\"height:40px;\">\r\n\t<\/div><\/div><\/div><\/div><div id=\"panel-11057-2-1-13\" class=\"so-panel widget widget_orion_empty_space_w panel-last-child\" data-index=\"15\" ><div class=\"orion default panel-widget-style panel-widget-style-for-11057-2-1-13\" ><div\n\t\t\t\n\t\t\tclass=\"so-widget-orion_empty_space_w so-widget-orion_empty_space_w-base\"\n\t\t\t\n\t\t>\t<div class=\"row empty-space visible-lg visible-md\" style=\"height:20px;\">\r\n\t<\/div><\/div><\/div><\/div><\/div><\/div><div id=\"pgc-11057-2-2\"  class=\"panel-grid-cell panel-grid-cell-empty\" ><\/div><\/div><\/div><div id=\"pg-11057-3\"  class=\"panel-grid panel-has-style\" ><div class=\"siteorigin-panels-stretch divider-no-animation tablet-default mobile-1-in-row desktop-default panel-row-style panel-row-style-for-11057-3\" data-stretch-type=\"full\" ><div id=\"pgc-11057-3-0\"  class=\"panel-grid-cell\" ><div id=\"panel-11057-3-0-0\" class=\"so-panel widget widget_orion_empty_space_w panel-first-child panel-last-child\" data-index=\"16\" ><div class=\"orion default panel-widget-style panel-widget-style-for-11057-3-0-0\" ><div\n\t\t\t\n\t\t\tclass=\"so-widget-orion_empty_space_w so-widget-orion_empty_space_w-base\"\n\t\t\t\n\t\t>\t<div class=\"row empty-space visible-lg visible-md visible-sm visible-xs\" style=\"height:24px;\">\r\n\t<\/div><\/div><\/div><\/div><\/div><\/div><\/div><div id=\"pg-11057-4\"  class=\"panel-grid panel-has-style\" ><div class=\"siteorigin-panels-stretch divider-no-animation tablet-default mobile-1-in-row desktop-default panel-row-style panel-row-style-for-11057-4\" data-stretch-type=\"full-width-stretch\" ><div id=\"pgc-11057-4-0\"  class=\"panel-grid-cell\" ><div id=\"panel-11057-4-0-0\" class=\"so-panel widget widget_sow-editor panel-first-child\" data-index=\"17\" ><div class=\"orion default panel-widget-style panel-widget-style-for-11057-4-0-0\" ><div\n\t\t\t\n\t\t\tclass=\"so-widget-sow-editor so-widget-sow-editor-base\"\n\t\t\t\n\t\t>\n<div class=\"siteorigin-widget-tinymce textwidget\">\n\t<p><iframe loading=\"lazy\" src=\"https:\/\/www.google.com\/maps\/embed?pb=!1m18!1m12!1m3!1d2985.4012050816946!2d2.002755314943441!3d41.56056067924866!2m3!1f0!2f0!3f0!3m2!1i1024!2i768!4f13.1!3m3!1m2!1s0x12a492945a2c88b9%3A0xd0b97c2e8e6fd2f7!2sCl%C3%ADnica+Dental+Gaud%C3%AD!5e0!3m2!1ses!2ses!4v1549995448781\" width=\"100%\" height=\"600\" frameborder=\"0\" style=\"border:0\" allowfullscreen><\/iframe><\/p>\n<\/div>\n<\/div><\/div><\/div><div id=\"panel-11057-4-0-1\" class=\"so-panel widget widget_orion_empty_space_w panel-last-child\" data-index=\"18\" ><div class=\"orion custom default panel-widget-style panel-widget-style-for-11057-4-0-1\" ><div\n\t\t\t\n\t\t\tclass=\"so-widget-orion_empty_space_w so-widget-orion_empty_space_w-base\"\n\t\t\t\n\t\t>\t<div class=\"row empty-space visible-lg visible-md visible-sm visible-xs\" style=\"height:115px;\">\r\n\t<\/div><\/div><\/div><\/div><\/div><\/div><\/div><\/div>","protected":false},"excerpt":{"rendered":"<p>Treballa amb nosaltres Cl\u00ednica Dental Gaud\u00ed C\/ Doctor Salv\u00e0, 4 08224 Terrassa 93 780 81 38 Vols formar part del nostre equip? Treballa amb nosaltres El Dr. Albert Ferr\u00e9 i el seu equip estan oberts a estudiar les candidatures dels professionals que comparteixin la seva visi\u00f3 de l&#8217;odontologia honesta, \u00e8tica i d&#8217;alta qualitat. Si defenses<\/p>\n","protected":false},"author":3,"featured_media":0,"parent":0,"menu_order":0,"comment_status":"closed","ping_status":"closed","template":"","meta":{"_monsterinsights_skip_tracking":false,"_monsterinsights_sitenote_active":false,"_monsterinsights_sitenote_note":"","_monsterinsights_sitenote_category":0,"footnotes":""},"class_list":["post-11057","page","type-page","status-publish","hentry"],"_links":{"self":[{"href":"https:\/\/clinicadentalgaudi.com\/ca\/wp-json\/wp\/v2\/pages\/11057","targetHints":{"allow":["GET"]}}],"collection":[{"href":"https:\/\/clinicadentalgaudi.com\/ca\/wp-json\/wp\/v2\/pages"}],"about":[{"href":"https:\/\/clinicadentalgaudi.com\/ca\/wp-json\/wp\/v2\/types\/page"}],"author":[{"embeddable":true,"href":"https:\/\/clinicadentalgaudi.com\/ca\/wp-json\/wp\/v2\/users\/3"}],"replies":[{"embeddable":true,"href":"https:\/\/clinicadentalgaudi.com\/ca\/wp-json\/wp\/v2\/comments?post=11057"}],"version-history":[{"count":6,"href":"https:\/\/clinicadentalgaudi.com\/ca\/wp-json\/wp\/v2\/pages\/11057\/revisions"}],"predecessor-version":[{"id":13404,"href":"https:\/\/clinicadentalgaudi.com\/ca\/wp-json\/wp\/v2\/pages\/11057\/revisions\/13404"}],"wp:attachment":[{"href":"https:\/\/clinicadentalgaudi.com\/ca\/wp-json\/wp\/v2\/media?parent=11057"}],"curies":[{"name":"wp","href":"https:\/\/api.w.org\/{rel}","templated":true}]}}