{"id":11152,"date":"2019-02-22T19:08:57","date_gmt":"2019-02-22T19:08:57","guid":{"rendered":"https:\/\/clinicadentalgaudi.com\/protesis\/"},"modified":"2023-01-25T12:17:51","modified_gmt":"2023-01-25T12:17:51","slug":"protesis-dentals","status":"publish","type":"page","link":"https:\/\/clinicadentalgaudi.com\/ca\/protesis-dentals\/","title":{"rendered":"Pr\u00f2tesis"},"content":{"rendered":"<div id=\"pl-11152\"  class=\"panel-layout\" ><div id=\"pg-11152-0\"  class=\"panel-grid panel-has-style\" ><div class=\"vertical_down orion-parallax siteorigin-panels-stretch orion-separator bottom-svg-3 bottom-svg-inside divider-no-animation tablet-1-in-row mobile-1-in-row desktop-default overlay-c2-c1 panel-row-style panel-row-style-for-11152-0\" data-stretch-type=\"full\" ><div id=\"pgc-11152-0-0\"  class=\"panel-grid-cell\" ><div id=\"panel-11152-0-0-0\" class=\"so-panel widget widget_orion_heading_w panel-first-child panel-last-child\" data-index=\"0\" ><div class=\"orion mobile-text-center default panel-widget-style panel-widget-style-for-11152-0-0-0\" ><div\n\t\t\t\n\t\t\tclass=\"so-widget-orion_heading_w so-widget-orion_heading_w-base\"\n\t\t\t\n\t\t> \r\n\t\t\t<div class=\"row orion-heading\" style=\"margin-bottom:0px;\">\r\n\t\t<div class=\"col-md-12   text-center style-h1 style-text-light\">\r\n\t\t\t<h1 class=\"text-light\">\r\n\t\t\t\t<strong>Recupera les peces dentals perdudes i somriu amb naturalitat<\/strong>\t\t\t<\/h1>\r\n\t\t<\/div>\r\n\t<\/div>\r\n\r\n\t<\/div><\/div><\/div><\/div><\/div><\/div><div id=\"pg-11152-1\"  class=\"panel-grid panel-has-style\" ><div class=\"siteorigin-panels-stretch divider-no-animation tablet-default mobile-1-in-row desktop-default panel-row-style panel-row-style-for-11152-1\" data-stretch-type=\"full\" ><div id=\"pgc-11152-1-0\"  class=\"panel-grid-cell\" ><div id=\"panel-11152-1-0-0\" class=\"so-panel widget widget_orion_empty_space_w panel-first-child\" data-index=\"1\" ><div class=\"orion default panel-widget-style panel-widget-style-for-11152-1-0-0\" ><div\n\t\t\t\n\t\t\tclass=\"so-widget-orion_empty_space_w so-widget-orion_empty_space_w-base\"\n\t\t\t\n\t\t>\t<div class=\"row empty-space visible-sm visible-xs\" style=\"height:40px;\">\r\n\t<\/div><\/div><\/div><\/div><div id=\"panel-11152-1-0-1\" class=\"so-panel widget widget_orion_heading_w\" data-index=\"2\" ><div class=\"orion default panel-widget-style panel-widget-style-for-11152-1-0-1\" ><div\n\t\t\t\n\t\t\tclass=\"so-widget-orion_heading_w so-widget-orion_heading_w-base\"\n\t\t\t\n\t\t> \r\n\t\t\t<div class=\"row orion-heading\" style=\"margin-bottom:0px;\">\r\n\t\t<div class=\"col-md-12  separator-style-1 text-left style-h2 style-primary-color\">\r\n\t\t\t<h2 class=\"primary-color text-uppercase\">\r\n\t\t\t\t<strong>Pr\u00f2tesis dentals a Terrassa<\/strong>\t\t\t<\/h2>\r\n\t\t<\/div>\r\n\t<\/div>\r\n\r\n\t<\/div><\/div><\/div><div id=\"panel-11152-1-0-2\" class=\"so-panel widget widget_sow-editor\" data-index=\"3\" ><div class=\"orion default panel-widget-style panel-widget-style-for-11152-1-0-2\" ><div\n\t\t\t\n\t\t\tclass=\"so-widget-sow-editor so-widget-sow-editor-base\"\n\t\t\t\n\t\t>\n<div class=\"siteorigin-widget-tinymce textwidget\">\n\t<p style=\"text-align: justify;\">A causa de la degeneraci\u00f3 de l'estructura \u00f2ssia o per diversos problemes com traumatismes o malalties de les genives, les dents es poden perdre. Una de les millors opcions per substituir les peces dentals perdudes s\u00f3n les <strong>pr\u00f2tesis dentals a Terrassa<\/strong>, uns elements artificials que poden realitzar les mateixes funcions que la dentici\u00f3 natural.<\/p>\n<p style=\"text-align: justify;\">Les pr\u00f2tesis dentals cobreixen les necessitats de molts pacients cada dia, sobretot en quant a <strong>est\u00e8tica i funcionalitat<\/strong> es refereix. I \u00e9s que gr\u00e0cies a les <strong>pr\u00f2tesis dentals a Terrassa<\/strong> podr\u00e0s tornar a somriure amb la mateixa confian\u00e7a de sempre. A m\u00e9s, aquests dispositius permeten tornar a mastegar i a parlar c\u00f2modament i evita el despla\u00e7ament de la resta de dents.<\/p>\n<\/div>\n<\/div><\/div><\/div><div id=\"panel-11152-1-0-3\" class=\"so-panel widget widget_orion_empty_space_w panel-last-child\" data-index=\"4\" ><div class=\"orion default panel-widget-style panel-widget-style-for-11152-1-0-3\" ><div\n\t\t\t\n\t\t\tclass=\"so-widget-orion_empty_space_w so-widget-orion_empty_space_w-base\"\n\t\t\t\n\t\t>\t<div class=\"row empty-space visible-sm visible-xs\" style=\"height:40px;\">\r\n\t<\/div><\/div><\/div><\/div><\/div><\/div><\/div><div id=\"pg-11152-2\"  class=\"panel-grid panel-has-style\" ><div class=\"divider-no-animation tablet-default mobile-1-in-row desktop-default panel-row-style panel-row-style-for-11152-2\" ><div id=\"pgc-11152-2-0\"  class=\"panel-grid-cell\" ><div id=\"panel-11152-2-0-0\" class=\"so-panel widget widget_orion_heading_w panel-first-child panel-last-child\" data-index=\"5\" ><div class=\"orion default panel-widget-style panel-widget-style-for-11152-2-0-0\" ><div\n\t\t\t\n\t\t\tclass=\"so-widget-orion_heading_w so-widget-orion_heading_w-base\"\n\t\t\t\n\t\t> \r\n\t\t\t<div class=\"row orion-heading\" style=\"margin-bottom:0px;\">\r\n\t\t<div class=\"col-md-12  separator-style-1 text-center style-h3 style-primary-color\">\r\n\t\t\t<h3 class=\"primary-color text-uppercase\">\r\n\t\t\t\t<strong>Quins tipus de pr\u00f2tesis hi ha?<\/strong>\t\t\t<\/h3>\r\n\t\t<\/div>\r\n\t<\/div>\r\n\r\n\t<\/div><\/div><\/div><\/div><\/div><\/div><div id=\"pg-11152-3\"  class=\"panel-grid panel-has-style\" ><div class=\"divider-no-animation tablet-default mobile-1-in-row desktop-default panel-row-style panel-row-style-for-11152-3\" ><div id=\"pgc-11152-3-0\"  class=\"panel-grid-cell panel-grid-cell-empty\" ><\/div><div id=\"pgc-11152-3-1\"  class=\"panel-grid-cell panel-grid-cell-empty\" ><\/div><div id=\"pgc-11152-3-2\"  class=\"panel-grid-cell\" ><div id=\"panel-11152-3-2-0\" class=\"so-panel widget widget_sow-hero panel-first-child\" data-index=\"6\" ><div class=\"orion custom default panel-widget-style panel-widget-style-for-11152-3-2-0\" ><div\n\t\t\t\n\t\t\tclass=\"so-widget-sow-hero so-widget-sow-hero-default-8fdc108b7a80-11152\"\n\t\t\t\n\t\t>\t\t\t\t<div class=\"sow-slider-base\" style=\"display: none\" tabindex=\"0\">\n\t\t\t\t\t<ul\n\t\t\t\t\tclass=\"sow-slider-images\"\n\t\t\t\t\tdata-settings=\"{&quot;pagination&quot;:true,&quot;speed&quot;:800,&quot;timeout&quot;:8000,&quot;paused&quot;:false,&quot;pause_on_hover&quot;:false,&quot;swipe&quot;:false,&quot;nav_always_show_desktop&quot;:&quot;&quot;,&quot;nav_always_show_mobile&quot;:&quot;&quot;,&quot;breakpoint&quot;:&quot;780px&quot;,&quot;unmute&quot;:false,&quot;anchor&quot;:null}\"\n\t\t\t\t\t\t\t\t\t\tdata-anchor-id=\"\"\n\t\t\t\t>\t\t<li class=\"sow-slider-image  sow-slider-image-cover\" style=\"visibility: visible;;background-color: #333333\" >\n\t\t\t\t\t<div class=\"sow-slider-image-container\">\n\t\t\t<div class=\"sow-slider-image-wrapper\">\n\t\t\t\t<h1 style=\"text-align: center\">&nbsp;<\/h1>\n<h1 style=\"text-align: center\">&nbsp;<\/h1>\n<h1 style=\"text-align: center\">&nbsp;<\/h1>\t\t\t<\/div>\n\t\t<\/div>\n\t\t<div class=\"sow-slider-image-overlay sow-slider-image-cover\" style=\"opacity: 0.5;background-image: url(https:\/\/clinicadentalgaudi.com\/wp-content\/uploads\/2019\/02\/protesis-dental-fija-2.jpg)\"  ><\/div>\t\t<\/li>\n\t\t<\/ul>\t\t\t\t<ol class=\"sow-slider-pagination\">\n\t\t\t\t\t\t\t\t\t\t\t<li><a href=\"#\" data-goto=\"0\" aria-label=\"Display slide 1\"><\/a><\/li>\n\t\t\t\t\t\t\t\t\t<\/ol>\n\n\t\t\t\t<div class=\"sow-slide-nav sow-slide-nav-next\">\n\t\t\t\t\t<a href=\"#\" data-goto=\"next\" aria-label=\"Next slide\" data-action=\"next\">\n\t\t\t\t\t\t<em class=\"sow-sld-icon-thin-right\"><\/em>\n\t\t\t\t\t<\/a>\n\t\t\t\t<\/div>\n\n\t\t\t\t<div class=\"sow-slide-nav sow-slide-nav-prev\">\n\t\t\t\t\t<a href=\"#\" data-goto=\"previous\" aria-label=\"Previous slide\" data-action=\"prev\">\n\t\t\t\t\t\t<em class=\"sow-sld-icon-thin-left\"><\/em>\n\t\t\t\t\t<\/a>\n\t\t\t\t<\/div>\n\t\t\t\t<\/div><\/div><\/div><\/div><div id=\"panel-11152-3-2-1\" class=\"so-panel widget widget_orion_empty_space_w\" data-index=\"7\" ><div class=\"orion default panel-widget-style panel-widget-style-for-11152-3-2-1\" ><div\n\t\t\t\n\t\t\tclass=\"so-widget-orion_empty_space_w so-widget-orion_empty_space_w-base\"\n\t\t\t\n\t\t>\t<div class=\"row empty-space visible-lg visible-md visible-sm visible-xs\" style=\"height:15px;\">\r\n\t<\/div><\/div><\/div><\/div><div id=\"panel-11152-3-2-2\" class=\"so-panel widget widget_orion_heading_w\" data-index=\"8\" ><div class=\"orion custom default panel-widget-style panel-widget-style-for-11152-3-2-2\" ><div\n\t\t\t\n\t\t\tclass=\"so-widget-orion_heading_w so-widget-orion_heading_w-base\"\n\t\t\t\n\t\t> \r\n\t\t\t<div class=\"row orion-heading\" style=\"margin-bottom:0px;\">\r\n\t\t<div class=\"col-md-12  separator-style-2 text-left style-h5 style-primary-color\">\r\n\t\t\t<h5 class=\"primary-color text-bold\">\r\n\t\t\t\tPR\u00d2TESI DENTAL FIXA\t\t\t<\/h5>\r\n\t\t<\/div>\r\n\t<\/div>\r\n\r\n\t<\/div><\/div><\/div><div id=\"panel-11152-3-2-3\" class=\"so-panel widget widget_sow-editor\" data-index=\"9\" ><div class=\"orion default panel-widget-style panel-widget-style-for-11152-3-2-3\" ><div\n\t\t\t\n\t\t\tclass=\"so-widget-sow-editor so-widget-sow-editor-base\"\n\t\t\t\n\t\t>\n<div class=\"siteorigin-widget-tinymce textwidget\">\n\t<p style=\"text-align: justify;\">Destaca per la seva comoditat i perqu\u00e8 <strong>no cal retirar-la per netejar-la<\/strong> despr\u00e9s de cada \u00e0pat. Les pr\u00f2tesis fixes poden col\u00b7locar-se sobre les pr\u00f2pies peces dentals sanes del pacient o sobre implants de titani que funcionen com l'arrel dental.<\/p>\n<\/div>\n<\/div><\/div><\/div><div id=\"panel-11152-3-2-4\" class=\"so-panel widget widget_orion_empty_space_w panel-last-child\" data-index=\"10\" ><div class=\"orion default panel-widget-style panel-widget-style-for-11152-3-2-4\" ><div\n\t\t\t\n\t\t\tclass=\"so-widget-orion_empty_space_w so-widget-orion_empty_space_w-base\"\n\t\t\t\n\t\t>\t<div class=\"row empty-space visible-sm visible-xs\" style=\"height:30px;\">\r\n\t<\/div><\/div><\/div><\/div><\/div><div id=\"pgc-11152-3-3\"  class=\"panel-grid-cell\" ><div id=\"panel-11152-3-3-0\" class=\"so-panel widget widget_sow-hero panel-first-child\" data-index=\"11\" ><div class=\"orion custom default panel-widget-style panel-widget-style-for-11152-3-3-0\" ><div\n\t\t\t\n\t\t\tclass=\"so-widget-sow-hero so-widget-sow-hero-default-8fdc108b7a80-11152\"\n\t\t\t\n\t\t>\t\t\t\t<div class=\"sow-slider-base\" style=\"display: none\" tabindex=\"0\">\n\t\t\t\t\t<ul\n\t\t\t\t\tclass=\"sow-slider-images\"\n\t\t\t\t\tdata-settings=\"{&quot;pagination&quot;:true,&quot;speed&quot;:800,&quot;timeout&quot;:8000,&quot;paused&quot;:false,&quot;pause_on_hover&quot;:false,&quot;swipe&quot;:false,&quot;nav_always_show_desktop&quot;:&quot;&quot;,&quot;nav_always_show_mobile&quot;:&quot;&quot;,&quot;breakpoint&quot;:&quot;780px&quot;,&quot;unmute&quot;:false,&quot;anchor&quot;:null}\"\n\t\t\t\t\t\t\t\t\t\tdata-anchor-id=\"\"\n\t\t\t\t>\t\t<li class=\"sow-slider-image  sow-slider-image-cover\" style=\"visibility: visible;;background-color: #333333\" >\n\t\t\t\t\t<div class=\"sow-slider-image-container\">\n\t\t\t<div class=\"sow-slider-image-wrapper\">\n\t\t\t\t<h1 style=\"text-align: center\">&nbsp;<\/h1>\n<h1 style=\"text-align: center\">&nbsp;<\/h1>\n<h1 style=\"text-align: center\">&nbsp;<\/h1>\t\t\t<\/div>\n\t\t<\/div>\n\t\t<div class=\"sow-slider-image-overlay sow-slider-image-cover\" style=\"opacity: 0.5;background-image: url(https:\/\/clinicadentalgaudi.com\/wp-content\/uploads\/2019\/02\/Destacado-Protesis-Dental-Removible-.jpg)\"  ><\/div>\t\t<\/li>\n\t\t<\/ul>\t\t\t\t<ol class=\"sow-slider-pagination\">\n\t\t\t\t\t\t\t\t\t\t\t<li><a href=\"#\" data-goto=\"0\" aria-label=\"Display slide 1\"><\/a><\/li>\n\t\t\t\t\t\t\t\t\t<\/ol>\n\n\t\t\t\t<div class=\"sow-slide-nav sow-slide-nav-next\">\n\t\t\t\t\t<a href=\"#\" data-goto=\"next\" aria-label=\"Next slide\" data-action=\"next\">\n\t\t\t\t\t\t<em class=\"sow-sld-icon-thin-right\"><\/em>\n\t\t\t\t\t<\/a>\n\t\t\t\t<\/div>\n\n\t\t\t\t<div class=\"sow-slide-nav sow-slide-nav-prev\">\n\t\t\t\t\t<a href=\"#\" data-goto=\"previous\" aria-label=\"Previous slide\" data-action=\"prev\">\n\t\t\t\t\t\t<em class=\"sow-sld-icon-thin-left\"><\/em>\n\t\t\t\t\t<\/a>\n\t\t\t\t<\/div>\n\t\t\t\t<\/div><\/div><\/div><\/div><div id=\"panel-11152-3-3-1\" class=\"so-panel widget widget_orion_empty_space_w\" data-index=\"12\" ><div class=\"orion default panel-widget-style panel-widget-style-for-11152-3-3-1\" ><div\n\t\t\t\n\t\t\tclass=\"so-widget-orion_empty_space_w so-widget-orion_empty_space_w-base\"\n\t\t\t\n\t\t>\t<div class=\"row empty-space visible-lg visible-md visible-sm visible-xs\" style=\"height:15px;\">\r\n\t<\/div><\/div><\/div><\/div><div id=\"panel-11152-3-3-2\" class=\"so-panel widget widget_orion_heading_w\" data-index=\"13\" ><div class=\"orion custom default panel-widget-style panel-widget-style-for-11152-3-3-2\" ><div\n\t\t\t\n\t\t\tclass=\"so-widget-orion_heading_w so-widget-orion_heading_w-base\"\n\t\t\t\n\t\t> \r\n\t\t\t<div class=\"row orion-heading\" style=\"margin-bottom:0px;\">\r\n\t\t<div class=\"col-md-12  separator-style-2 text-left style-h5 style-primary-color\">\r\n\t\t\t<h5 class=\"primary-color text-bold\">\r\n\t\t\t\tPR\u00d2TESI DENTAL REMOVIBLE\t\t\t<\/h5>\r\n\t\t<\/div>\r\n\t<\/div>\r\n\r\n\t<\/div><\/div><\/div><div id=\"panel-11152-3-3-3\" class=\"so-panel widget widget_sow-editor\" data-index=\"14\" ><div class=\"orion default panel-widget-style panel-widget-style-for-11152-3-3-3\" ><div\n\t\t\t\n\t\t\tclass=\"so-widget-sow-editor so-widget-sow-editor-base\"\n\t\t\t\n\t\t>\n<div class=\"siteorigin-widget-tinymce textwidget\">\n\t<p style=\"text-align: justify;\">Es tracta d'una <strong>bona soluci\u00f3 provisional<\/strong> o quan no es poden col\u00b7locar pr\u00f2tesis fixes per algun motiu.<\/p>\n<\/div>\n<\/div><\/div><\/div><div id=\"panel-11152-3-3-4\" class=\"so-panel widget widget_orion_empty_space_w panel-last-child\" data-index=\"15\" ><div class=\"orion default panel-widget-style panel-widget-style-for-11152-3-3-4\" ><div\n\t\t\t\n\t\t\tclass=\"so-widget-orion_empty_space_w so-widget-orion_empty_space_w-base\"\n\t\t\t\n\t\t>\t<div class=\"row empty-space visible-sm visible-xs\" style=\"height:30px;\">\r\n\t<\/div><\/div><\/div><\/div><\/div><div id=\"pgc-11152-3-4\"  class=\"panel-grid-cell panel-grid-cell-empty panel-grid-cell-mobile-last\" ><\/div><div id=\"pgc-11152-3-5\"  class=\"panel-grid-cell panel-grid-cell-empty\" ><\/div><\/div><\/div><div id=\"pg-11152-4\"  class=\"panel-grid panel-has-style\" ><div class=\"divider-no-animation tablet-default mobile-1-in-row desktop-default panel-row-style panel-row-style-for-11152-4\" ><div id=\"pgc-11152-4-0\"  class=\"panel-grid-cell\" ><div id=\"panel-11152-4-0-0\" class=\"so-panel widget widget_orion_empty_space_w panel-first-child panel-last-child\" data-index=\"16\" ><div class=\"orion default panel-widget-style panel-widget-style-for-11152-4-0-0\" ><div\n\t\t\t\n\t\t\tclass=\"so-widget-orion_empty_space_w so-widget-orion_empty_space_w-base\"\n\t\t\t\n\t\t>\t<div class=\"row empty-space visible-lg visible-md visible-sm visible-xs\" style=\"height:30px;\">\r\n\t<\/div><\/div><\/div><\/div><\/div><\/div><\/div><div id=\"pg-11152-5\"  class=\"panel-grid panel-has-style\" ><div class=\"divider-no-animation tablet-default mobile-1-in-row desktop-default panel-row-style panel-row-style-for-11152-5\" ><div id=\"pgc-11152-5-0\"  class=\"panel-grid-cell panel-grid-cell-empty\" ><\/div><div id=\"pgc-11152-5-1\"  class=\"panel-grid-cell panel-grid-cell-empty\" ><\/div><div id=\"pgc-11152-5-2\"  class=\"panel-grid-cell\" ><div id=\"panel-11152-5-2-0\" class=\"so-panel widget widget_orion_image_w panel-first-child panel-last-child\" data-index=\"17\" ><div class=\"orion default panel-widget-style panel-widget-style-for-11152-5-2-0\" ><div\n\t\t\t\n\t\t\tclass=\"so-widget-orion_image_w so-widget-orion_image_w-base\"\n\t\t\t\n\t\t>\r\n<div class=\"image-w relative\">\r\n\r\n\t\t\t\t\t\t\t<a class=\" overlay-none overlay-hover-greyscale\" href=\"https:\/\/clinicadentalgaudi.com\/ca\/protesis-dentales-sin-metal\/\">\r\n\t\t\r\n\t\t\t\t\t<img loading=\"lazy\" decoding=\"async\" width=\"400\" height=\"290\" src=\"https:\/\/clinicadentalgaudi.com\/wp-content\/uploads\/2019\/02\/Destacado-Protesis-sin-Metal_2.png\" class=\"attachment- size-\" alt=\"\" \/>\t\t\t<div class=\"overlay\"><\/div>\r\n\t\t\r\n\t\t\t\t\t<\/a>\r\n\t\t\t\r\n\t\r\n\t<div class=\"absolute\">\r\n\t\t<div class=\"hover-desc table-wrap\">\r\n\t\t\t<div class=\"cell-wrap\">\r\n\t\t\t\t<h4 class=\"text-dark\"><\/h4>\r\n\t\t\t<\/div>\r\n\t\t<\/div>\r\n\t<\/div>\t\t\t\t\t\r\n<\/div>\r\n\r\n<\/div><\/div><\/div><\/div><div id=\"pgc-11152-5-3\"  class=\"panel-grid-cell\" ><div id=\"panel-11152-5-3-0\" class=\"so-panel widget widget_orion_empty_space_w panel-first-child\" data-index=\"18\" ><div class=\"orion default panel-widget-style panel-widget-style-for-11152-5-3-0\" ><div\n\t\t\t\n\t\t\tclass=\"so-widget-orion_empty_space_w so-widget-orion_empty_space_w-base\"\n\t\t\t\n\t\t>\t<div class=\"row empty-space visible-sm visible-xs\" style=\"height:40px;\">\r\n\t<\/div><\/div><\/div><\/div><div id=\"panel-11152-5-3-1\" class=\"so-panel widget widget_orion_heading_w\" data-index=\"19\" ><div class=\"orion default panel-widget-style panel-widget-style-for-11152-5-3-1\" ><div\n\t\t\t\n\t\t\tclass=\"so-widget-orion_heading_w so-widget-orion_heading_w-base\"\n\t\t\t\n\t\t> \r\n\t\t\t<div class=\"row orion-heading\" style=\"margin-bottom:0px;\">\r\n\t\t<div class=\"col-md-12  separator-style-1 text-left style-h3 style-primary-color\">\r\n\t\t\t<h3 class=\"primary-color text-uppercase\">\r\n\t\t\t\t<strong>Pr\u00f2tesis dentals sense metall<\/strong>\t\t\t<\/h3>\r\n\t\t<\/div>\r\n\t<\/div>\r\n\r\n\t<\/div><\/div><\/div><div id=\"panel-11152-5-3-2\" class=\"so-panel widget widget_sow-editor\" data-index=\"20\" ><div class=\"orion default panel-widget-style panel-widget-style-for-11152-5-3-2\" ><div\n\t\t\t\n\t\t\tclass=\"so-widget-sow-editor so-widget-sow-editor-base\"\n\t\t\t\n\t\t>\n<div class=\"siteorigin-widget-tinymce textwidget\">\n\t<p style=\"text-align: justify;\">Gr\u00e0cies a les pr\u00f2tesis dentals sense metall t'ajudem a recuperar el somriure amb una soluci\u00f3 est\u00e8tica. Aquestes pr\u00f2tesis estan fabricades amb <strong>materials biocompatibles<\/strong>, com la cer\u00e0mica d'alta resist\u00e8ncia o el zirconi.<\/p>\n<\/div>\n<\/div><\/div><\/div><div id=\"panel-11152-5-3-3\" class=\"so-panel widget widget_orion_empty_space_w\" data-index=\"21\" ><div class=\"orion default panel-widget-style panel-widget-style-for-11152-5-3-3\" ><div\n\t\t\t\n\t\t\tclass=\"so-widget-orion_empty_space_w so-widget-orion_empty_space_w-base\"\n\t\t\t\n\t\t>\t<div class=\"row empty-space visible-lg visible-md visible-sm visible-xs\" style=\"height:24px;\">\r\n\t<\/div><\/div><\/div><\/div><div id=\"panel-11152-5-3-4\" class=\"so-panel widget widget_orion_button_w\" data-index=\"22\" ><div class=\"orion default panel-widget-style panel-widget-style-for-11152-5-3-4\" ><div\n\t\t\t\n\t\t\tclass=\"so-widget-orion_button_w so-widget-orion_button_w-base\"\n\t\t\t\n\t\t>\r\n\t\t\t<a class=\"btn btn-c1 btn-wire btn-md float-left\"  href=\"https:\/\/clinicadentalgaudi.com\/ca\/protesis-dentales-sin-metal\/\"\r\n\t\t\t   \t\t>\r\n\t\t\tSABER-NE M\u00c9S\t\t\r\n\t\t<\/a>\r\n\t\r\n<\/div><\/div><\/div><div id=\"panel-11152-5-3-5\" class=\"so-panel widget widget_orion_empty_space_w panel-last-child\" data-index=\"23\" ><div class=\"orion default panel-widget-style panel-widget-style-for-11152-5-3-5\" ><div\n\t\t\t\n\t\t\tclass=\"so-widget-orion_empty_space_w so-widget-orion_empty_space_w-base\"\n\t\t\t\n\t\t>\t<div class=\"row empty-space hidden\" style=\"height:40px;\">\r\n\t<\/div><\/div><\/div><\/div><\/div><div id=\"pgc-11152-5-4\"  class=\"panel-grid-cell panel-grid-cell-empty panel-grid-cell-mobile-last\" ><\/div><div id=\"pgc-11152-5-5\"  class=\"panel-grid-cell panel-grid-cell-empty\" ><\/div><\/div><\/div><div id=\"pg-11152-6\"  class=\"panel-grid panel-has-style\" ><div class=\"divider-no-animation tablet-default mobile-1-in-row desktop-default panel-row-style panel-row-style-for-11152-6\" ><div id=\"pgc-11152-6-0\"  class=\"panel-grid-cell\" ><div id=\"panel-11152-6-0-0\" class=\"so-panel widget widget_orion_empty_space_w panel-first-child panel-last-child\" data-index=\"24\" ><div class=\"orion default panel-widget-style panel-widget-style-for-11152-6-0-0\" ><div\n\t\t\t\n\t\t\tclass=\"so-widget-orion_empty_space_w so-widget-orion_empty_space_w-base\"\n\t\t\t\n\t\t>\t<div class=\"row empty-space visible-lg visible-md visible-sm visible-xs\" style=\"height:40px;\">\r\n\t<\/div><\/div><\/div><\/div><\/div><\/div><\/div><div id=\"pg-11152-7\"  class=\"panel-grid panel-has-style\" ><div class=\"fixed-bg siteorigin-panels-stretch orion-separator top-svg-2 top-svg-inside divider-no-animation tablet-default mobile-1-in-row desktop-default overlay-c2-c1 panel-row-style panel-row-style-for-11152-7\" data-stretch-type=\"full-stretched\" ><div id=\"pgc-11152-7-0\"  class=\"panel-grid-cell\" ><div class=\"panel-cell-style panel-cell-style-for-11152-7-0\" ><div id=\"panel-11152-7-0-0\" class=\"so-panel widget widget_orion_icon_text_w panel-first-child\" data-index=\"25\" ><div class=\"orion default panel-widget-style panel-widget-style-for-11152-7-0-0\" ><div\n\t\t\t\n\t\t\tclass=\"so-widget-orion_icon_text_w so-widget-orion_icon_text_w-base\"\n\t\t\t\n\t\t>\r\n<div class=\"row icon-box-items-wrap grid icon-top\">\r\n \r\n\t\r\n\t\t\r\n\t\t\r\n\t\t\t\t\r\n\t\t\r\n\t\t<div class=\"icon-box-wrap clearfix col-lg-12 col-sm-12 no_desc vertical-center text-center text-light\" style=\"margin-bottom:0px;\">\t\t\r\n\r\n\t\t\t\t\t\t\t\t\t\t<div class=\"icon-wrap relative text-center simple\">\r\n\t\t\t\t\t<span class=\"sow-icon-dentalicons2\" data-sow-icon=\"&#xe908;\"\n\t\tstyle=\"color: #fff\" \n\t\taria-hidden=\"true\"><\/span>\t\t\t\t\t\t\t\t\t<\/div>\r\n\t\t\t\r\n\t\t\t\t\t\t\r\n\r\n\t\t\t\r\n\t\t<\/div>\r\n\t\r\n<\/div><\/div><\/div><\/div><div id=\"panel-11152-7-0-1\" class=\"so-panel widget widget_orion_heading_w\" data-index=\"26\" ><div class=\"orion default panel-widget-style panel-widget-style-for-11152-7-0-1\" ><div\n\t\t\t\n\t\t\tclass=\"so-widget-orion_heading_w so-widget-orion_heading_w-base\"\n\t\t\t\n\t\t> \r\n\t\t\t<div class=\"row orion-heading\" style=\"margin-bottom:0px;\">\r\n\t\t<div class=\"col-md-12  separator-style-1 text-center style-h3 style-text-light\">\r\n\t\t\t<h3 class=\"text-light text-uppercase\">\r\n\t\t\t\t<strong>Recuperem el teu Somriure<\/strong>\t\t\t<\/h3>\r\n\t\t<\/div>\r\n\t<\/div>\r\n\r\n\t<\/div><\/div><\/div><div id=\"panel-11152-7-0-2\" class=\"so-panel widget widget_sow-editor\" data-index=\"27\" ><div class=\"orion text-light panel-widget-style panel-widget-style-for-11152-7-0-2\" ><div\n\t\t\t\n\t\t\tclass=\"so-widget-sow-editor so-widget-sow-editor-base\"\n\t\t\t\n\t\t>\n<div class=\"siteorigin-widget-tinymce textwidget\">\n\t<h6 style=\"text-align: center;\">A Cl\u00ednica Dental ajudem als nostres pacients a recuperar el seu somriure<br \/>\ngr\u00e0cies als nostres tractaments de pr\u00f2tesis dentals a Terrassa.<\/h6>\n<\/div>\n<\/div><\/div><\/div><div id=\"panel-11152-7-0-3\" class=\"so-panel widget widget_orion_empty_space_w\" data-index=\"28\" ><div class=\"orion default panel-widget-style panel-widget-style-for-11152-7-0-3\" ><div\n\t\t\t\n\t\t\tclass=\"so-widget-orion_empty_space_w so-widget-orion_empty_space_w-base\"\n\t\t\t\n\t\t>\t<div class=\"row empty-space visible-lg visible-md visible-sm visible-xs\" style=\"height:24px;\">\r\n\t<\/div><\/div><\/div><\/div><div id=\"panel-11152-7-0-4\" class=\"so-panel widget widget_orion_empty_space_w\" data-index=\"29\" ><div class=\"orion default panel-widget-style panel-widget-style-for-11152-7-0-4\" ><div\n\t\t\t\n\t\t\tclass=\"so-widget-orion_empty_space_w so-widget-orion_empty_space_w-base\"\n\t\t\t\n\t\t>\t<div class=\"row empty-space visible-lg visible-md\" style=\"height:10px;\">\r\n\t<\/div><\/div><\/div><\/div><div id=\"panel-11152-7-0-5\" class=\"so-panel widget widget_orion_button_w\" data-index=\"30\" ><div class=\"orion default panel-widget-style panel-widget-style-for-11152-7-0-5\" ><div\n\t\t\t\n\t\t\tclass=\"so-widget-orion_button_w so-widget-orion_button_w-base\"\n\t\t\t\n\t\t>\t<div class=\"wrapper block\" style=\"text-align:center\">\r\n\r\n\t\t\t<a class=\"btn btn-white icon-left btn-wire btn-lg\"  href=\"https:\/\/clinicadentalgaudi.com\/ca\/contacte\/\"\r\n\t\t\t   \t\t>\r\n\t\t\t<span class=\"sow-icon-genericons\" data-sow-icon=\"&#xf308;\"\n\t\tstyle=\"\" \n\t\taria-hidden=\"true\"><\/span>Demana la teva cita!\t\t\r\n\t\t<\/a>\r\n\t\r\n<\/div>\r\n<\/div><\/div><\/div><div id=\"panel-11152-7-0-6\" class=\"so-panel widget widget_orion_empty_space_w panel-last-child\" data-index=\"31\" ><div class=\"orion custom default panel-widget-style panel-widget-style-for-11152-7-0-6\" ><div\n\t\t\t\n\t\t\tclass=\"so-widget-orion_empty_space_w so-widget-orion_empty_space_w-base\"\n\t\t\t\n\t\t>\t<div class=\"row empty-space visible-sm visible-xs\" style=\"height:5px;\">\r\n\t<\/div><\/div><\/div><\/div><\/div><\/div><\/div><\/div><\/div>","protected":false},"excerpt":{"rendered":"<p>A causa de la degeneraci\u00f3 de l&#8217;estructura \u00f2ssia o per diversos problemes com traumatismes o malalties de les genives, les dents es poden perdre. Una de les millors opcions per substituir les peces dentals perdudes s\u00f3n les pr\u00f2tesis dentals a Terrassa, uns elements artificials que poden realitzar les mateixes funcions que la dentici\u00f3 natural. Les<\/p>\n","protected":false},"author":3,"featured_media":0,"parent":0,"menu_order":0,"comment_status":"closed","ping_status":"closed","template":"","meta":{"_monsterinsights_skip_tracking":false,"_monsterinsights_sitenote_active":false,"_monsterinsights_sitenote_note":"","_monsterinsights_sitenote_category":0,"footnotes":""},"class_list":["post-11152","page","type-page","status-publish","hentry"],"_links":{"self":[{"href":"https:\/\/clinicadentalgaudi.com\/ca\/wp-json\/wp\/v2\/pages\/11152","targetHints":{"allow":["GET"]}}],"collection":[{"href":"https:\/\/clinicadentalgaudi.com\/ca\/wp-json\/wp\/v2\/pages"}],"about":[{"href":"https:\/\/clinicadentalgaudi.com\/ca\/wp-json\/wp\/v2\/types\/page"}],"author":[{"embeddable":true,"href":"https:\/\/clinicadentalgaudi.com\/ca\/wp-json\/wp\/v2\/users\/3"}],"replies":[{"embeddable":true,"href":"https:\/\/clinicadentalgaudi.com\/ca\/wp-json\/wp\/v2\/comments?post=11152"}],"version-history":[{"count":3,"href":"https:\/\/clinicadentalgaudi.com\/ca\/wp-json\/wp\/v2\/pages\/11152\/revisions"}],"predecessor-version":[{"id":12742,"href":"https:\/\/clinicadentalgaudi.com\/ca\/wp-json\/wp\/v2\/pages\/11152\/revisions\/12742"}],"wp:attachment":[{"href":"https:\/\/clinicadentalgaudi.com\/ca\/wp-json\/wp\/v2\/media?parent=11152"}],"curies":[{"name":"wp","href":"https:\/\/api.w.org\/{rel}","templated":true}]}}