{"id":11281,"date":"2016-10-08T18:45:29","date_gmt":"2016-10-08T18:45:29","guid":{"rendered":"https:\/\/clinicadentalgaudi.com\/tratamientos-especiales\/"},"modified":"2021-09-08T19:17:38","modified_gmt":"2021-09-08T19:17:38","slug":"tractaments-especials","status":"publish","type":"page","link":"https:\/\/clinicadentalgaudi.com\/ca\/tractaments-especials\/","title":{"rendered":"Tractaments Especials"},"content":{"rendered":"<div id=\"pl-11281\"  class=\"panel-layout\" ><div id=\"pg-11281-0\"  class=\"panel-grid panel-has-style\" ><div class=\"vertical_down orion-parallax siteorigin-panels-stretch orion-separator bottom-svg-3 bottom-svg-inside divider-no-animation tablet-1-in-row mobile-1-in-row desktop-default overlay-c2-c1 panel-row-style panel-row-style-for-11281-0\" data-stretch-type=\"full\" ><div id=\"pgc-11281-0-0\"  class=\"panel-grid-cell\" ><div id=\"panel-11281-0-0-0\" class=\"so-panel widget widget_orion_heading_w panel-first-child panel-last-child\" data-index=\"0\" ><div class=\"orion mobile-text-center default panel-widget-style panel-widget-style-for-11281-0-0-0\" ><div\n\t\t\t\n\t\t\tclass=\"so-widget-orion_heading_w so-widget-orion_heading_w-base\"\n\t\t\t\n\t\t> \r\n\t\t\t<div class=\"row orion-heading\" style=\"margin-bottom:0px;\">\r\n\t\t<div class=\"col-md-12   text-center style-h1 style-text-light\">\r\n\t\t\t<h1 class=\"text-light\">\r\n\t\t\t\t<strong>Tractaments Especials a Terrassa<\/strong>\t\t\t<\/h1>\r\n\t\t<\/div>\r\n\t<\/div>\r\n\r\n\t<\/div><\/div><\/div><\/div><\/div><\/div><div id=\"pg-11281-1\"  class=\"panel-grid panel-has-style\" ><div class=\"siteorigin-panels-stretch divider-no-animation tablet-default mobile-1-in-row desktop-default panel-row-style panel-row-style-for-11281-1\" data-stretch-type=\"full\" ><div id=\"pgc-11281-1-0\"  class=\"panel-grid-cell panel-grid-cell-empty\" ><\/div><div id=\"pgc-11281-1-1\"  class=\"panel-grid-cell panel-grid-cell-mobile-last\" ><div id=\"panel-11281-1-1-0\" class=\"so-panel widget widget_orion_empty_space_w panel-first-child\" data-index=\"1\" ><div class=\"orion default panel-widget-style panel-widget-style-for-11281-1-1-0\" ><div\n\t\t\t\n\t\t\tclass=\"so-widget-orion_empty_space_w so-widget-orion_empty_space_w-base\"\n\t\t\t\n\t\t>\t<div class=\"row empty-space visible-sm visible-xs\" style=\"height:40px;\">\r\n\t<\/div><\/div><\/div><\/div><div id=\"panel-11281-1-1-1\" class=\"so-panel widget widget_sow-editor\" data-index=\"2\" ><div class=\"orion default panel-widget-style panel-widget-style-for-11281-1-1-1\" ><div\n\t\t\t\n\t\t\tclass=\"so-widget-sow-editor so-widget-sow-editor-base\"\n\t\t\t\n\t\t>\n<div class=\"siteorigin-widget-tinymce textwidget\">\n\t<p style=\"text-align: justify;\">Com a <strong>metges especialitzats en odontoestomatologia<\/strong> tractem un altre tipus d'afeccions que moltes persones no relacionen amb la nostra professi\u00f3, com s\u00f3n els seg\u00fcents tractaments especials.<\/p>\n<\/div>\n<\/div><\/div><\/div><div id=\"panel-11281-1-1-2\" class=\"so-panel widget widget_orion_empty_space_w panel-last-child\" data-index=\"3\" ><div class=\"orion default panel-widget-style panel-widget-style-for-11281-1-1-2\" ><div\n\t\t\t\n\t\t\tclass=\"so-widget-orion_empty_space_w so-widget-orion_empty_space_w-base\"\n\t\t\t\n\t\t>\t<div class=\"row empty-space visible-sm visible-xs\" style=\"height:40px;\">\r\n\t<\/div><\/div><\/div><\/div><\/div><div id=\"pgc-11281-1-2\"  class=\"panel-grid-cell panel-grid-cell-empty\" ><\/div><\/div><\/div><div id=\"pg-11281-2\"  class=\"panel-grid panel-has-style\" ><div class=\"siteorigin-panels-stretch orion-separator top-svg-1 top-svg-inside divider-no-animation tablet-default mobile-1-in-row desktop-default panel-row-style panel-row-style-for-11281-2\" data-stretch-type=\"full-stretched\" ><div id=\"pgc-11281-2-0\"  class=\"panel-grid-cell\" ><div id=\"panel-11281-2-0-0\" class=\"so-panel widget widget_orion_features_w panel-first-child\" data-index=\"4\" ><div class=\"orion default panel-widget-style panel-widget-style-for-11281-2-0-0\" ><div\n\t\t\t\n\t\t\tclass=\"so-widget-orion_features_w so-widget-orion_features_w-base\"\n\t\t\t\n\t\t>\r\n<div class=\"features-wrap\">\r\n\t<div class=\"table-wrap\">\r\n\t\t\t\t\t\t\r\n\t\t\t\t\t\t\r\n\t\t\t<div class=\"feature-item clearfix has-bg text-center col-md-4 col-sm-6 text-light\" >\r\n\t\t\t\t<div class=\"overflow-hidden\">\r\n\t\t\t\t\t<div class=\"feature-item-wrap table-wrap \">\t\t\r\n\t\t\t\t\t\t<div class=\"overlay-wrap\" style=\"background-color: rgba(43,53,75,0.8);\">\r\n\t\t\t\t\t\t<\/div>\r\n\t\t\t\t\t\t<div class=\"image-overlay-wrap\" style=\"background-image: url('https:\/\/clinicadentalgaudi.com\/wp-content\/uploads\/2019\/02\/Features_snap-on-smile.jpg');\">\r\n\t\t\t\t\t\t<\/div>\r\n\t\t\t\t\t\t<div class=\"table-cell\" style=\"height:350px;\">\r\n\t\t\t\t\t\t\t<div class=\"header\">\r\n\t\t\t\t\t\t\t\t<span class=\"sow-icon-fontawesome sow-fas\" data-sow-icon=\"&#xf063;\"\n\t\tstyle=\"color: #ffffff; font-size: 84px; line-height: 96px\" \n\t\taria-hidden=\"true\"><\/span><a class=\"white-hover\" href=\"https:\/\/clinicadentalgaudi.com\/ca\/snap-on-smile\/\"><h4 class=\"item-title h5 white-hover\">Snap-OnSmile\u00ae <\/h4><\/a>\t\t\t\t\t\t\t<\/div>\r\n\t\t\t\t\t\t\t<div class=\"footer\">\r\n\t\t\t\t\t\t\t\t<p>\r\n\t\t\t\t\t\t\t\t\t\t\t\t\t\t\t\t\t<\/p>\t\r\n\t\t\t\t\t\t\t\t\t\t\t\t\t\t\t\t<a  href=\"https:\/\/clinicadentalgaudi.com\/ca\/snap-on-smile\/\" class=\"btn btn btn-white btn-wire btn-sm\" aria-label=\"Saber-ne m\u00e9s\">Saber-ne m\u00e9s<\/a>\r\n\t\t\t\t\t\t\t\t\t\t\t\t\t\t\t<\/div>\r\n\t\t\t\t\t\t<\/div>\r\n\t\t\t\t\t<\/div>\r\n\t\t\t\t<\/div>\r\n\r\n\t\t\t<\/div>\r\n\t\t\t\t\t\r\n\t\t\t\t\t\t\r\n\t\t\t<div class=\"feature-item clearfix has-bg text-center col-md-4 col-sm-6 text-light\" >\r\n\t\t\t\t<div class=\"overflow-hidden\">\r\n\t\t\t\t\t<div class=\"feature-item-wrap table-wrap \">\t\t\r\n\t\t\t\t\t\t<div class=\"overlay-wrap\" style=\"background-color: rgba(43,53,75,0.8);\">\r\n\t\t\t\t\t\t<\/div>\r\n\t\t\t\t\t\t<div class=\"image-overlay-wrap\" style=\"background-image: url('https:\/\/clinicadentalgaudi.com\/wp-content\/uploads\/2016\/10\/Features_Medicina-oral-del-sue\u00f1o.jpg');\">\r\n\t\t\t\t\t\t<\/div>\r\n\t\t\t\t\t\t<div class=\"table-cell\" style=\"height:350px;\">\r\n\t\t\t\t\t\t\t<div class=\"header\">\r\n\t\t\t\t\t\t\t\t<span class=\"sow-icon-fontawesome sow-fas\" data-sow-icon=\"&#xf063;\"\n\t\tstyle=\"color: #ffffff; font-size: 84px; line-height: 96px\" \n\t\taria-hidden=\"true\"><\/span><a class=\"white-hover\" href=\"https:\/\/clinicadentalgaudi.com\/ca\/medicina-oral-son\/\"><h4 class=\"item-title h5 white-hover\">Medicina Oral del Son<\/h4><\/a>\t\t\t\t\t\t\t<\/div>\r\n\t\t\t\t\t\t\t<div class=\"footer\">\r\n\t\t\t\t\t\t\t\t<p>\r\n\t\t\t\t\t\t\t\t\t\t\t\t\t\t\t\t\t<\/p>\t\r\n\t\t\t\t\t\t\t\t\t\t\t\t\t\t\t\t<a  href=\"https:\/\/clinicadentalgaudi.com\/ca\/medicina-oral-son\/\" class=\"btn btn btn-white btn-wire btn-sm\" aria-label=\"Saber-ne m\u00e9s\">Saber-ne m\u00e9s<\/a>\r\n\t\t\t\t\t\t\t\t\t\t\t\t\t\t\t<\/div>\r\n\t\t\t\t\t\t<\/div>\r\n\t\t\t\t\t<\/div>\r\n\t\t\t\t<\/div>\r\n\r\n\t\t\t<\/div>\r\n\t\t\t\t\t\r\n\t\t\t\t\t\t\r\n\t\t\t<div class=\"feature-item clearfix has-bg text-center col-md-4 col-sm-6 text-light\" >\r\n\t\t\t\t<div class=\"overflow-hidden\">\r\n\t\t\t\t\t<div class=\"feature-item-wrap table-wrap \">\t\t\r\n\t\t\t\t\t\t<div class=\"overlay-wrap\" style=\"background-color: rgba(43,53,75,0.8);\">\r\n\t\t\t\t\t\t<\/div>\r\n\t\t\t\t\t\t<div class=\"image-overlay-wrap\" style=\"background-image: url('https:\/\/clinicadentalgaudi.com\/wp-content\/uploads\/2016\/10\/Features_Odontologia-holistica.jpg');\">\r\n\t\t\t\t\t\t<\/div>\r\n\t\t\t\t\t\t<div class=\"table-cell\" style=\"height:350px;\">\r\n\t\t\t\t\t\t\t<div class=\"header\">\r\n\t\t\t\t\t\t\t\t<span class=\"sow-icon-fontawesome sow-fas\" data-sow-icon=\"&#xf063;\"\n\t\tstyle=\"color: #ffffff; font-size: 84px; line-height: 96px\" \n\t\taria-hidden=\"true\"><\/span><a class=\"white-hover\" href=\"https:\/\/clinicadentalgaudi.com\/ca\/odontologia-holistica\/\"><h4 class=\"item-title h5 white-hover\">Odontologia Hol\u00edstica<\/h4><\/a>\t\t\t\t\t\t\t<\/div>\r\n\t\t\t\t\t\t\t<div class=\"footer\">\r\n\t\t\t\t\t\t\t\t<p>\r\n\t\t\t\t\t\t\t\t\t\t\t\t\t\t\t\t\t<\/p>\t\r\n\t\t\t\t\t\t\t\t\t\t\t\t\t\t\t\t<a  href=\"https:\/\/clinicadentalgaudi.com\/ca\/odontologia-holistica\/\" class=\"btn btn btn-white btn-wire btn-sm\" aria-label=\"Saber-ne m\u00e9s\">Saber-ne m\u00e9s<\/a>\r\n\t\t\t\t\t\t\t\t\t\t\t\t\t\t\t<\/div>\r\n\t\t\t\t\t\t<\/div>\r\n\t\t\t\t\t<\/div>\r\n\t\t\t\t<\/div>\r\n\r\n\t\t\t<\/div>\r\n\t\t\t\t<\/div>\r\n\r\n<\/div><\/div><\/div><\/div><div id=\"panel-11281-2-0-1\" class=\"so-panel widget widget_orion_empty_space_w panel-last-child\" data-index=\"5\" ><div class=\"orion custom default panel-widget-style panel-widget-style-for-11281-2-0-1\" ><div\n\t\t\t\n\t\t\tclass=\"so-widget-orion_empty_space_w so-widget-orion_empty_space_w-base\"\n\t\t\t\n\t\t>\t<div class=\"row empty-space visible-lg visible-md visible-sm visible-xs\" style=\"height:120px;\">\r\n\t<\/div><\/div><\/div><\/div><\/div><\/div><\/div><\/div>","protected":false},"excerpt":{"rendered":"<p>A beautiful smile contributes to a better mood, it affects self-esteem, and it allows us to make a good impression on others.<\/p>\n","protected":false},"author":2,"featured_media":0,"parent":0,"menu_order":0,"comment_status":"closed","ping_status":"closed","template":"","meta":{"_monsterinsights_skip_tracking":false,"_monsterinsights_sitenote_active":false,"_monsterinsights_sitenote_note":"","_monsterinsights_sitenote_category":0,"footnotes":""},"class_list":["post-11281","page","type-page","status-publish","hentry"],"_links":{"self":[{"href":"https:\/\/clinicadentalgaudi.com\/ca\/wp-json\/wp\/v2\/pages\/11281","targetHints":{"allow":["GET"]}}],"collection":[{"href":"https:\/\/clinicadentalgaudi.com\/ca\/wp-json\/wp\/v2\/pages"}],"about":[{"href":"https:\/\/clinicadentalgaudi.com\/ca\/wp-json\/wp\/v2\/types\/page"}],"author":[{"embeddable":true,"href":"https:\/\/clinicadentalgaudi.com\/ca\/wp-json\/wp\/v2\/users\/2"}],"replies":[{"embeddable":true,"href":"https:\/\/clinicadentalgaudi.com\/ca\/wp-json\/wp\/v2\/comments?post=11281"}],"version-history":[{"count":0,"href":"https:\/\/clinicadentalgaudi.com\/ca\/wp-json\/wp\/v2\/pages\/11281\/revisions"}],"wp:attachment":[{"href":"https:\/\/clinicadentalgaudi.com\/ca\/wp-json\/wp\/v2\/media?parent=11281"}],"curies":[{"name":"wp","href":"https:\/\/api.w.org\/{rel}","templated":true}]}}