{"id":11367,"date":"2017-05-18T07:40:56","date_gmt":"2017-05-18T07:40:56","guid":{"rendered":"https:\/\/clinicadentalgaudi.com\/error-404\/"},"modified":"2019-04-23T17:34:03","modified_gmt":"2019-04-23T17:34:03","slug":"error-404","status":"publish","type":"page","link":"https:\/\/clinicadentalgaudi.com\/ca\/error-404\/","title":{"rendered":"404 P\u00e0gina d&#8217;Error"},"content":{"rendered":"<div id=\"pl-11367\"  class=\"panel-layout\" ><div id=\"pg-11367-0\"  class=\"panel-grid panel-has-style\" ><div class=\"siteorigin-panels-stretch divider-no-animation tablet-default mobile-1-in-row desktop-default full-width-on-small-devices overlay-c1-c2 panel-row-style panel-row-style-for-11367-0\" style=\"background-position: center center; background-repeat: no-repeat; background-size:cover;\" data-stretch-type=\"full\" ><div id=\"pgc-11367-0-0\"  class=\"panel-grid-cell panel-grid-cell-empty\" ><\/div><div id=\"pgc-11367-0-1\"  class=\"panel-grid-cell panel-grid-cell-mobile-last\" ><div class=\"panel-cell-style panel-cell-style-for-11367-0-1\" ><div id=\"panel-11367-0-1-0\" class=\"so-panel widget widget_orion_heading_w panel-first-child\" data-index=\"0\" ><div class=\"orion default panel-widget-style panel-widget-style-for-11367-0-1-0\" ><div\n\t\t\t\n\t\t\tclass=\"so-widget-orion_heading_w so-widget-orion_heading_w-base\"\n\t\t\t\n\t\t> \r\n\t\t\t<div class=\"row orion-heading\" style=\"margin-bottom:0px;\">\r\n\t\t<div class=\"col-md-12  separator-style-2 text-center style-h1 style-primary-color\">\r\n\t\t\t<h1 class=\"primary-color\">\r\n\t\t\t\t<strong>404 Error<\/strong>\t\t\t<\/h1>\r\n\t\t<\/div>\r\n\t<\/div>\r\n\r\n\t<\/div><\/div><\/div><div id=\"panel-11367-0-1-1\" class=\"so-panel widget widget_sow-editor\" data-index=\"1\" ><div class=\"orion default panel-widget-style panel-widget-style-for-11367-0-1-1\" ><div\n\t\t\t\n\t\t\tclass=\"so-widget-sow-editor so-widget-sow-editor-base\"\n\t\t\t\n\t\t>\n<div class=\"siteorigin-widget-tinymce textwidget\">\n\t<p style=\"text-align: center;\">La p\u00e1gina que est\u00e1s buscando no est\u00e1 disponible o no existe.<\/p>\n<\/div>\n<\/div><\/div><\/div><div id=\"panel-11367-0-1-2\" class=\"so-panel widget widget_orion_empty_space_w\" data-index=\"2\" ><div class=\"orion default panel-widget-style panel-widget-style-for-11367-0-1-2\" ><div\n\t\t\t\n\t\t\tclass=\"so-widget-orion_empty_space_w so-widget-orion_empty_space_w-base\"\n\t\t\t\n\t\t>\t<div class=\"row empty-space visible-lg visible-md visible-sm visible-xs\" style=\"height:24px;\">\r\n\t<\/div><\/div><\/div><\/div><div id=\"panel-11367-0-1-3\" class=\"so-panel widget widget_search\" data-index=\"3\" ><div class=\"orion default panel-widget-style panel-widget-style-for-11367-0-1-3\" ><h3 class=\"widget-title\">Puedes probar a realizar una b\u00fasqueda:<\/h3><form class=\"search-form\" method=\"get\" action=\"https:\/\/clinicadentalgaudi.com\/ca\/\">\n    <div class=\"wrap\">\n    \t<label class=\"screen-reader-text\">Search for:<\/label>\n        <input class=\"searchfield\" type=\"text\" value=\"\" placeholder=\"Cercar\" name=\"s\" \/>\n        <input class=\"search-submit\" type=\"submit\" value=\"&#xEA06;\" \/>\n    <\/div>\n<\/form><\/div><\/div><div id=\"panel-11367-0-1-4\" class=\"so-panel widget widget_orion_button_w panel-last-child\" data-index=\"4\" ><div class=\"orion default panel-widget-style panel-widget-style-for-11367-0-1-4\" ><div\n\t\t\t\n\t\t\tclass=\"so-widget-orion_button_w so-widget-orion_button_w-base\"\n\t\t\t\n\t\t>\t<div class=\"wrapper block\" style=\"text-align:center\">\r\n\r\n\t\t\t<a class=\"btn btn-c1 btn-flat btn-md\"  href=\"https:\/\/clinicadentalgaudi.com\/\"\r\n\t\t\t   \t\t>\r\n\t\t\tO volver a la HOME\t\t\r\n\t\t<\/a>\r\n\t\r\n<\/div>\r\n<\/div><\/div><\/div><\/div><\/div><div id=\"pgc-11367-0-2\"  class=\"panel-grid-cell panel-grid-cell-empty\" ><\/div><\/div><\/div><\/div>","protected":false},"excerpt":{"rendered":"<p>La p\u00e1gina que est\u00e1s buscando no est\u00e1 disponible o no existe.<\/p>\n","protected":false},"author":2,"featured_media":0,"parent":0,"menu_order":0,"comment_status":"closed","ping_status":"closed","template":"","meta":{"_monsterinsights_skip_tracking":false,"_monsterinsights_sitenote_active":false,"_monsterinsights_sitenote_note":"","_monsterinsights_sitenote_category":0,"footnotes":""},"class_list":["post-11367","page","type-page","status-publish","hentry"],"_links":{"self":[{"href":"https:\/\/clinicadentalgaudi.com\/ca\/wp-json\/wp\/v2\/pages\/11367","targetHints":{"allow":["GET"]}}],"collection":[{"href":"https:\/\/clinicadentalgaudi.com\/ca\/wp-json\/wp\/v2\/pages"}],"about":[{"href":"https:\/\/clinicadentalgaudi.com\/ca\/wp-json\/wp\/v2\/types\/page"}],"author":[{"embeddable":true,"href":"https:\/\/clinicadentalgaudi.com\/ca\/wp-json\/wp\/v2\/users\/2"}],"replies":[{"embeddable":true,"href":"https:\/\/clinicadentalgaudi.com\/ca\/wp-json\/wp\/v2\/comments?post=11367"}],"version-history":[{"count":0,"href":"https:\/\/clinicadentalgaudi.com\/ca\/wp-json\/wp\/v2\/pages\/11367\/revisions"}],"wp:attachment":[{"href":"https:\/\/clinicadentalgaudi.com\/ca\/wp-json\/wp\/v2\/media?parent=11367"}],"curies":[{"name":"wp","href":"https:\/\/api.w.org\/{rel}","templated":true}]}}