{"id":12834,"date":"2023-01-27T12:55:03","date_gmt":"2023-01-27T12:55:03","guid":{"rendered":"https:\/\/clinicadentalgaudi.com\/financiacion\/"},"modified":"2023-01-27T17:28:42","modified_gmt":"2023-01-27T17:28:42","slug":"financiacion","status":"publish","type":"page","link":"https:\/\/clinicadentalgaudi.com\/ca\/financiacion\/","title":{"rendered":"Finan\u00e7ament"},"content":{"rendered":"<div id=\"pl-12834\"  class=\"panel-layout\" ><div id=\"pg-12834-0\"  class=\"panel-grid panel-has-style\" ><div class=\"vertical_down orion-parallax siteorigin-panels-stretch orion-separator bottom-svg-3 bottom-svg-inside divider-no-animation tablet-1-in-row mobile-1-in-row desktop-default overlay-c2-c1 panel-row-style panel-row-style-for-12834-0\" data-stretch-type=\"full\" ><div id=\"pgc-12834-0-0\"  class=\"panel-grid-cell\" ><div id=\"panel-12834-0-0-0\" class=\"so-panel widget widget_orion_heading_w panel-first-child panel-last-child\" data-index=\"0\" ><div class=\"orion custom mobile-text-center default panel-widget-style panel-widget-style-for-12834-0-0-0\" ><div\n\t\t\t\n\t\t\tclass=\"so-widget-orion_heading_w so-widget-orion_heading_w-base\"\n\t\t\t\n\t\t> \r\n\t\t\t<div class=\"row orion-heading\" style=\"margin-bottom:0px;\">\r\n\t\t<div class=\"col-md-12   text-center style-h1 style-text-light\">\r\n\t\t\t<h1 class=\"text-light\">\r\n\t\t\t\t<strong>Perqu\u00e8 somriure \u00e9s molt f\u00e0cil<\/strong>\t\t\t<\/h1>\r\n\t\t<\/div>\r\n\t<\/div>\r\n\r\n\t<\/div><\/div><\/div><\/div><\/div><\/div><div id=\"pg-12834-1\"  class=\"panel-grid panel-has-style\" ><div class=\"siteorigin-panels-stretch divider-no-animation tablet-default mobile-1-in-row desktop-default panel-row-style panel-row-style-for-12834-1\" data-stretch-type=\"full\" ><div id=\"pgc-12834-1-0\"  class=\"panel-grid-cell\" ><div id=\"panel-12834-1-0-0\" class=\"so-panel widget widget_orion_empty_space_w panel-first-child\" data-index=\"1\" ><div class=\"orion default panel-widget-style panel-widget-style-for-12834-1-0-0\" ><div\n\t\t\t\n\t\t\tclass=\"so-widget-orion_empty_space_w so-widget-orion_empty_space_w-base\"\n\t\t\t\n\t\t>\t<div class=\"row empty-space visible-sm visible-xs\" style=\"height:40px;\">\r\n\t<\/div><\/div><\/div><\/div><div id=\"panel-12834-1-0-1\" class=\"so-panel widget widget_orion_heading_w\" data-index=\"2\" ><div class=\"orion custom default panel-widget-style panel-widget-style-for-12834-1-0-1\" ><div\n\t\t\t\n\t\t\tclass=\"so-widget-orion_heading_w so-widget-orion_heading_w-base\"\n\t\t\t\n\t\t> \r\n\t\t\t<div class=\"row orion-heading\" style=\"margin-bottom:0px;\">\r\n\t\t<div class=\"col-md-12  separator-style-1 text-left style-h3 style-primary-color\">\r\n\t\t\t<h3 class=\"primary-color text-uppercase\">\r\n\t\t\t\t<strong>Facilitats &amp; Finan\u00e7ament<\/strong>\t\t\t<\/h3>\r\n\t\t<\/div>\r\n\t<\/div>\r\n\r\n\t<\/div><\/div><\/div><div id=\"panel-12834-1-0-2\" class=\"so-panel widget widget_sow-editor\" data-index=\"3\" ><div class=\"orion custom default panel-widget-style panel-widget-style-for-12834-1-0-2\" ><div\n\t\t\t\n\t\t\tclass=\"so-widget-sow-editor so-widget-sow-editor-base\"\n\t\t\t\n\t\t>\n<div class=\"siteorigin-widget-tinymce textwidget\">\n\t<p style=\"text-align: justify;\">No volem que res et freni en el cam\u00ed per a aconseguir el teu somriure m\u00e9s sa i bonic, per aix\u00f2 et brindem <strong>totes les facilitats possibles<\/strong> perqu\u00e8 somriure et resulti m\u00e9s senzill.<\/p>\n<\/div>\n<\/div><\/div><\/div><div id=\"panel-12834-1-0-3\" class=\"so-panel widget widget_orion_empty_space_w panel-last-child\" data-index=\"4\" ><div class=\"orion default panel-widget-style panel-widget-style-for-12834-1-0-3\" ><div\n\t\t\t\n\t\t\tclass=\"so-widget-orion_empty_space_w so-widget-orion_empty_space_w-base\"\n\t\t\t\n\t\t>\t<div class=\"row empty-space visible-sm visible-xs\" style=\"height:40px;\">\r\n\t<\/div><\/div><\/div><\/div><\/div><\/div><\/div><div id=\"pg-12834-2\"  class=\"panel-grid panel-has-style\" ><div class=\"siteorigin-panels-stretch divider-no-animation tablet-default mobile-1-in-row desktop-default custom panel-row-style panel-row-style-for-12834-2\" data-stretch-type=\"full-stretched\" ><div id=\"pgc-12834-2-0\"  class=\"panel-grid-cell\" ><div class=\"panel-cell-style panel-cell-style-for-12834-2-0\" ><div id=\"panel-12834-2-0-0\" class=\"so-panel widget widget_orion_empty_space_w panel-first-child\" data-index=\"5\" ><div class=\"orion custom default panel-widget-style panel-widget-style-for-12834-2-0-0\" ><div\n\t\t\t\n\t\t\tclass=\"so-widget-orion_empty_space_w so-widget-orion_empty_space_w-base\"\n\t\t\t\n\t\t>\t<div class=\"row empty-space visible-lg visible-md\" style=\"height:570px;\">\r\n\t<\/div><\/div><\/div><\/div><div id=\"panel-12834-2-0-1\" class=\"so-panel widget widget_orion_empty_space_w panel-last-child\" data-index=\"6\" ><div class=\"orion custom default panel-widget-style panel-widget-style-for-12834-2-0-1\" ><div\n\t\t\t\n\t\t\tclass=\"so-widget-orion_empty_space_w so-widget-orion_empty_space_w-base\"\n\t\t\t\n\t\t>\t<div class=\"row empty-space visible-sm visible-xs\" style=\"height:500px;\">\r\n\t<\/div><\/div><\/div><\/div><\/div><\/div><div id=\"pgc-12834-2-1\"  class=\"panel-grid-cell\" ><div class=\"panel-cell-style panel-cell-style-for-12834-2-1\" ><div id=\"panel-12834-2-1-0\" class=\"so-panel widget widget_orion_empty_space_w panel-first-child\" data-index=\"7\" ><div class=\"orion custom default panel-widget-style panel-widget-style-for-12834-2-1-0\" ><div\n\t\t\t\n\t\t\tclass=\"so-widget-orion_empty_space_w so-widget-orion_empty_space_w-base\"\n\t\t\t\n\t\t>\t<div class=\"row empty-space visible-lg visible-md\" style=\"height:100px;\">\r\n\t<\/div><\/div><\/div><\/div><div id=\"panel-12834-2-1-1\" class=\"so-panel widget widget_orion_empty_space_w\" data-index=\"8\" ><div class=\"orion custom default panel-widget-style panel-widget-style-for-12834-2-1-1\" ><div\n\t\t\t\n\t\t\tclass=\"so-widget-orion_empty_space_w so-widget-orion_empty_space_w-base\"\n\t\t\t\n\t\t>\t<div class=\"row empty-space visible-sm visible-xs\" style=\"height:70px;\">\r\n\t<\/div><\/div><\/div><\/div><div id=\"panel-12834-2-1-2\" class=\"so-panel widget widget_orion_heading_w\" data-index=\"9\" ><div class=\"orion custom default panel-widget-style panel-widget-style-for-12834-2-1-2\" ><div\n\t\t\t\n\t\t\tclass=\"so-widget-orion_heading_w so-widget-orion_heading_w-base\"\n\t\t\t\n\t\t> \r\n\t\t\t<div class=\"row orion-heading\" style=\"margin-bottom:0px;\">\r\n\t\t<div class=\"col-md-12  separator-style-1 text-left style-h3 style-primary-color\">\r\n\t\t\t<h3 class=\"primary-color text-uppercase\">\r\n\t\t\t\t<strong>Finan\u00e7ament sense interessos (0%)*<\/strong>\t\t\t<\/h3>\r\n\t\t<\/div>\r\n\t<\/div>\r\n\r\n\t<\/div><\/div><\/div><div id=\"panel-12834-2-1-3\" class=\"so-panel widget widget_orion_icon_text_w\" data-index=\"10\" ><div class=\"orion custom default panel-widget-style panel-widget-style-for-12834-2-1-3\" ><div\n\t\t\t\n\t\t\tclass=\"so-widget-orion_icon_text_w so-widget-orion_icon_text_w-base\"\n\t\t\t\n\t\t>\r\n<div class=\"row icon-box-items-wrap grid short\">\r\n \r\n\t\r\n\t\t\r\n\t\t\r\n\t\t\t\t\r\n\t\t\r\n\t\t<div class=\"icon-box-wrap clearfix col-lg-12 col-sm-12 text-dark\" style=\"margin-bottom:36px;\">\t\t\r\n\r\n\t\t\t<h4 class=\"item-title h6\">DIFERENTS TIPUS DE FINAN\u00c7AMENT<\/h4>\t\t\t\t\t\t\t<div class=\"icon-wrap absolute simple\">\r\n\t\t\t\t\t<span class=\"sow-icon-fontawesome sow-fas\" data-sow-icon=\"&#xf2a7;\"\n\t\tstyle=\"color: #4b7d96\" \n\t\taria-hidden=\"true\"><\/span>\t\t\t\t\t\t\t\t\t<\/div>\r\n\t\t\t\r\n\t\t\t\t\t\t\r\n\r\n\t\t\t\t\t\t<span class=\"description\"><p style=\"text-align: justify\">A Cl\u00ednica Dental Gaud\u00ed comptem amb diferents tipus de finan\u00e7ament, fins a 24 mesos sense interessos (0%)*. Dissenyarem el pla de finan\u00e7ament adaptat a les teves necessitats, perqu\u00e8 no hagis de preocupar-te per res!.<\/p><\/span>\r\n\t\t\t\r\n\t\t<\/div>\r\n\t\r\n\t\t\r\n\t\t\r\n\t\t\t\t\r\n\t\t\r\n\t\t<div class=\"icon-box-wrap clearfix col-lg-12 col-sm-12 text-dark\" style=\"margin-bottom:36px;\">\t\t\r\n\r\n\t\t\t<h4 class=\"item-title h6\">LA 1era VISITA SENSE COST<\/h4>\t\t\t\t\t\t\t<div class=\"icon-wrap absolute simple\">\r\n\t\t\t\t\t<span class=\"sow-icon-dentalicons2\" data-sow-icon=\"&#xe907;\"\n\t\tstyle=\"color: #4b7d96\" \n\t\taria-hidden=\"true\"><\/span>\t\t\t\t\t\t\t\t\t<\/div>\r\n\t\t\t\r\n\t\t\t\t\t\t\r\n\r\n\t\t\t\t\t\t<span class=\"description\"><p style=\"text-align: justify\">A m\u00e9s, la primera revisi\u00f3 no t\u00e9 cost, de manera que podr\u00e0s venir a visitar-nos i deixar que comprovem l'estat de les teves dents i genives, per a poder assessorar-te sobre com millorar la teva salut oral.<\/p><\/span>\r\n\t\t\t\r\n\t\t<\/div>\r\n\t\r\n\t\t\r\n\t\t\r\n\t\t\t\t\r\n\t\t\r\n\t\t<div class=\"icon-box-wrap clearfix col-lg-12 col-sm-12 text-dark\" style=\"margin-bottom:36px;\">\t\t\r\n\r\n\t\t\t<h4 class=\"item-title h6\">PLA DE TRACTAMENT SENSE COMPROM\u00cdS<\/h4>\t\t\t\t\t\t\t<div class=\"icon-wrap absolute simple\">\r\n\t\t\t\t\t<span class=\"sow-icon-fontawesome sow-fas\" data-sow-icon=\"&#xf044;\"\n\t\tstyle=\"color: #4b7d96\" \n\t\taria-hidden=\"true\"><\/span>\t\t\t\t\t\t\t\t\t<\/div>\r\n\t\t\t\r\n\t\t\t\t\t\t\r\n\r\n\t\t\t\t\t\t<span class=\"description\"><p style=\"text-align: justify\">A partir d'aquesta valoraci\u00f3 inicial, elaborarem un pla de tractament sense comprom\u00eds totalment personalitzat per a tu. Podem ajudar-te a aconseguir el somriure que vols! Vine a veure'ns i comprova-ho!.<\/p><\/span>\r\n\t\t\t\r\n\t\t<\/div>\r\n\t\r\n<\/div><\/div><\/div><\/div><div id=\"panel-12834-2-1-4\" class=\"so-panel widget widget_orion_empty_space_w panel-last-child\" data-index=\"11\" ><div class=\"orion custom default panel-widget-style panel-widget-style-for-12834-2-1-4\" ><div\n\t\t\t\n\t\t\tclass=\"so-widget-orion_empty_space_w so-widget-orion_empty_space_w-base\"\n\t\t\t\n\t\t>\t<div class=\"row empty-space visible-sm visible-xs\" style=\"height:30px;\">\r\n\t<\/div><\/div><\/div><\/div><\/div><\/div><div id=\"pgc-12834-2-2\"  class=\"panel-grid-cell\" ><div id=\"panel-12834-2-2-0\" class=\"so-panel widget widget_orion_empty_space_w panel-first-child\" data-index=\"12\" ><div class=\"orion default panel-widget-style panel-widget-style-for-12834-2-2-0\" ><div\n\t\t\t\n\t\t\tclass=\"so-widget-orion_empty_space_w so-widget-orion_empty_space_w-base\"\n\t\t\t\n\t\t>\t<div class=\"row empty-space visible-lg visible-md\" style=\"height:225px;\">\r\n\t<\/div><\/div><\/div><\/div><div id=\"panel-12834-2-2-1\" class=\"so-panel widget widget_orion_heading_w\" data-index=\"13\" ><div class=\"orion custom default panel-widget-style panel-widget-style-for-12834-2-2-1\" ><div\n\t\t\t\n\t\t\tclass=\"so-widget-orion_heading_w so-widget-orion_heading_w-base\"\n\t\t\t\n\t\t> \r\n\t\t\t<div class=\"row orion-heading\" style=\"margin-bottom:0px;\">\r\n\t\t<div class=\"col-md-12   text-center style-h4 style-primary-color\">\r\n\t\t\t<h4 class=\"primary-color\">\r\n\t\t\t\t<strong>RECORDA, fins a<\/strong>\t\t\t<\/h4>\r\n\t\t<\/div>\r\n\t<\/div>\r\n\r\n\t<\/div><\/div><\/div><div id=\"panel-12834-2-2-2\" class=\"widget_text so-panel widget widget_custom_html\" data-index=\"14\" ><div class=\"widget_text orion default panel-widget-style panel-widget-style-for-12834-2-2-2\" ><div class=\"textwidget custom-html-widget\"><style>\r\n\r\n#wpsm_counter_b_row_10980 .wpsm_counterbox\r\n{\r\n\ttext-align:center;\r\n\tmargin-top:50px;\r\n\tmargin-bottom:50px;\r\n}\r\n#wpsm_counter_b_row_10980 .wpsm_counterbox .wpsm_count-icon{\r\n\tdisplay:block;\r\n\tmargin-top:20px;\r\n\tpadding-top:0px;\r\n\tpadding-bottom:0px;\r\n\tmargin-bottom:0px;\r\n\tmargin:0 auto;\r\n}\r\n#wpsm_counter_b_row_10980 .wpsm_counterbox .wpsm_count-icon i{\r\n\tfont-size:55px;\r\n\tcolor:#4b7d96;\r\n}\r\n#wpsm_counter_b_row_10980 .wpsm_counterbox .wpsm_number{\r\n\tfont-size:50px;\r\n\tfont-weight:400;\r\n\tcolor:#4b7d96;\r\n\tfont-family:'Open Sans';\r\n\tletter-spacing:2px;\r\n\tmargin-top:20px;\r\n\tline-height: 1.3em;\r\n\tpadding-top:0px;\r\n\tpadding-bottom:0px;\r\n\tmargin-bottom:0px;\r\n}\r\n#wpsm_counter_b_row_10980 .wpsm_counterbox .wpsm_count-title{\r\n    font-size:24px;\r\n\tfont-weight:bolder;\r\n\tfont-family:'Open Sans';\r\n\tletter-spacing:2px;\r\n    color: #4b7d96;\r\n\tfont-weight:400;\r\n\tmargin-top:20px;\r\n\tpadding-top:0px;\r\n\tpadding-bottom:0px;\r\n\tmargin-bottom:0px;\r\n\tline-height: 1.3em;\r\n}\r\n\r\n<\/style> \r\n\t\t \r\n\t\t\r\n\t\t<style>\r\n\t\t#wpsm_counter_b_row_10980\t\t\t{\r\n\t\t\t\t\r\n\t\t\t\tposition:relative;\r\n\t\t\t\twidth:100%;\r\n\t\t\t\toverflow:hidden;\r\n\t\t\t\ttext-align:center;\r\n\t\t\t}\r\n\t\t\t \r\n\t\t\t#wpsm_counter_b_row_10980 .wpsm_row{\r\n\t\t\toverflow:hidden;\r\n\t\t\tdisplay:block;\r\n\t\t\twidth:100%;\r\n\t\t\t} \r\n\t\t\t \r\n\t\t\t#wpsm_counter_b_row_10980 .wpsm_row{\r\n\t\t\toverflow:visible;\r\n\t\t\t} \r\n\t\t\t \r\n\t\t\t#wpsm_counter_b_row_10980 .wpsm_counterbox .wpsm_count-title{\r\n\t\t\tmin-height:56px;\r\n\t\t\t}}\r\n\t\t\t \r\n\t\t<\/style>\r\n\t\t\r\n\t\t<div class=\"wpsm_counter_b_row\" id=\"wpsm_counter_b_row_10980\">\r\n\t\t\t<div>\r\n\t\t\t\t<div class=\"wpsm_row\">\r\n\t\t\r\n\t\t\t\t\t\t<div class=\"wpsm_col-md-12 wpsm_col-sm-6\">\r\n\t\t\t\t\t<div class=\"wpsm_counterbox\">\r\n\t\t\t\t\t\t \r\n\t\t\t\t\t\t<div class=\"wpsm_count-icon\"><i #4b7d96 class=\"fa fa-arrow-down\"><\/i><\/div>\r\n\t\t\t\t\t\t\t\t\t\t\t\t<div class=\"wpsm_number\" style=\"#4b7d96\" >\r\n\t\t\t\t\t\t   <span class=\"counter\">24\t\t\t\t\t\t   <\/span>\r\n\t\t\t\t\t\t    \r\n\t\t\t\t\t    <\/div>\r\n\t\t\t\t\t\t<h3 class=\"wpsm_count-title\" #4b7d96> MESOS SENSE INTERESSOS (0%)*<\/h3>\r\n\t\t\t\t\t\t \r\n\t\t\t\t\t<\/div>\r\n\t\t\t\t<\/div>\r\n\t\t\t\t\t\t<\/div>\r\n\t\t\t<div class=\"wpsm_row\">\r\n\t\t\t\t\t\t\r\n\t\t\t<\/div>\t\t\t\t<\/div>\r\n\t\t<\/div>\r\n\t\t\r\n\t<\/div><\/div><\/div><div id=\"panel-12834-2-2-3\" class=\"so-panel widget widget_sow-editor\" data-index=\"15\" ><div class=\"orion custom text-dark panel-widget-style panel-widget-style-for-12834-2-2-3\" ><div\n\t\t\t\n\t\t\tclass=\"so-widget-sow-editor so-widget-sow-editor-base\"\n\t\t\t\n\t\t>\n<div class=\"siteorigin-widget-tinymce textwidget\">\n\t<p style=\"text-align: left;\">*Per a terminis<br \/>\nmajors consultar.<\/p>\n<\/div>\n<\/div><\/div><\/div><div id=\"panel-12834-2-2-4\" class=\"so-panel widget widget_orion_empty_space_w panel-last-child\" data-index=\"16\" ><div class=\"orion default panel-widget-style panel-widget-style-for-12834-2-2-4\" ><div\n\t\t\t\n\t\t\tclass=\"so-widget-orion_empty_space_w so-widget-orion_empty_space_w-base\"\n\t\t\t\n\t\t>\t<div class=\"row empty-space visible-sm visible-xs\" style=\"height:65px;\">\r\n\t<\/div><\/div><\/div><\/div><\/div><\/div><\/div><div id=\"pg-12834-3\"  class=\"panel-grid panel-has-style\" ><div class=\"divider-no-animation tablet-default mobile-1-in-row desktop-default panel-row-style panel-row-style-for-12834-3\" ><div id=\"pgc-12834-3-0\"  class=\"panel-grid-cell\" ><div id=\"panel-12834-3-0-0\" class=\"so-panel widget widget_orion_empty_space_w panel-first-child panel-last-child\" data-index=\"17\" ><div class=\"orion custom default panel-widget-style panel-widget-style-for-12834-3-0-0\" ><div\n\t\t\t\n\t\t\tclass=\"so-widget-orion_empty_space_w so-widget-orion_empty_space_w-base\"\n\t\t\t\n\t\t>\t<div class=\"row empty-space visible-lg visible-md visible-sm visible-xs\" style=\"height:24px;\">\r\n\t<\/div><\/div><\/div><\/div><\/div><\/div><\/div><div id=\"pg-12834-4\"  class=\"panel-grid panel-has-style\" ><div class=\"siteorigin-panels-stretch divider-no-animation tablet-default mobile-1-in-row desktop-default panel-row-style panel-row-style-for-12834-4\" data-stretch-type=\"full\" ><div id=\"pgc-12834-4-0\"  class=\"panel-grid-cell\" ><div id=\"panel-12834-4-0-0\" class=\"so-panel widget widget_orion_empty_space_w panel-first-child\" data-index=\"18\" ><div class=\"orion default panel-widget-style panel-widget-style-for-12834-4-0-0\" ><div\n\t\t\t\n\t\t\tclass=\"so-widget-orion_empty_space_w so-widget-orion_empty_space_w-base\"\n\t\t\t\n\t\t>\t<div class=\"row empty-space visible-sm visible-xs\" style=\"height:40px;\">\r\n\t<\/div><\/div><\/div><\/div><div id=\"panel-12834-4-0-1\" class=\"so-panel widget widget_orion_button_w\" data-index=\"19\" ><div class=\"orion custom default panel-widget-style panel-widget-style-for-12834-4-0-1\" ><div\n\t\t\t\n\t\t\tclass=\"so-widget-orion_button_w so-widget-orion_button_w-base\"\n\t\t\t\n\t\t>\t<div class=\"wrapper block\" style=\"text-align:center\">\r\n\r\n\t\t\t<a class=\"btn btn-c1 icon-left btn-wire btn-lg\"  href=\"https:\/\/clinicadentalgaudi.com\/ca\/mutuas\/\"\r\n\t\t\t   \t\t>\r\n\t\t\t<span class=\"sow-icon-fontawesome sow-far\" data-sow-icon=\"&#xf022;\"\n\t\tstyle=\"\" \n\t\taria-hidden=\"true\"><\/span>ACCEDEIX AL LLISTAT COMPLET DE M\u00daTUES AMB LES QUALS COL\u00b7LABOREM AQU\u00cd\t\t\r\n\t\t<\/a>\r\n\t\r\n<\/div>\r\n<\/div><\/div><\/div><div id=\"panel-12834-4-0-2\" class=\"so-panel widget widget_orion_empty_space_w panel-last-child\" data-index=\"20\" ><div class=\"orion default panel-widget-style panel-widget-style-for-12834-4-0-2\" ><div\n\t\t\t\n\t\t\tclass=\"so-widget-orion_empty_space_w so-widget-orion_empty_space_w-base\"\n\t\t\t\n\t\t>\t<div class=\"row empty-space visible-sm visible-xs\" style=\"height:40px;\">\r\n\t<\/div><\/div><\/div><\/div><\/div><\/div><\/div><div id=\"pg-12834-5\"  class=\"panel-grid panel-has-style\" ><div class=\"siteorigin-panels-stretch orion-separator top-svg-2 top-svg-inside divider-no-animation tablet-default mobile-1-in-row desktop-default panel-row-style panel-row-style-for-12834-5\" data-stretch-type=\"full\" ><div id=\"pgc-12834-5-0\"  class=\"panel-grid-cell\" ><div id=\"panel-12834-5-0-0\" class=\"so-panel widget widget_orion_image_w panel-first-child\" data-index=\"21\" ><div class=\"orion default panel-widget-style panel-widget-style-for-12834-5-0-0\" ><div\n\t\t\t\n\t\t\tclass=\"so-widget-orion_image_w so-widget-orion_image_w-base\"\n\t\t\t\n\t\t>\r\n<div class=\"image-w relative\">\r\n\r\n\t\t\t\t\t\t\t<div class=\"orion_carousel overlay-none overlay-hover-none\">\r\n\t\t\r\n\t\t\t\t\t\t\t\t<div class=\"overlay\"><\/div>\r\n\t\t\r\n\t\t\t\t\t<\/div>\r\n\t\t\t\r\n\t\r\n\t<div class=\"absolute\">\r\n\t\t<div class=\"hover-desc table-wrap\">\r\n\t\t\t<div class=\"cell-wrap\">\r\n\t\t\t\t<h4 class=\"text-light\"><\/h4>\r\n\t\t\t<\/div>\r\n\t\t<\/div>\r\n\t<\/div>\t\t\t\t\t\r\n<\/div>\r\n\r\n<\/div><\/div><\/div><div id=\"panel-12834-5-0-1\" class=\"so-panel widget widget_orion_image_w panel-last-child\" data-index=\"22\" ><div class=\"orion default panel-widget-style panel-widget-style-for-12834-5-0-1\" ><div\n\t\t\t\n\t\t\tclass=\"so-widget-orion_image_w so-widget-orion_image_w-base\"\n\t\t\t\n\t\t>\r\n<div class=\"image-w relative\">\r\n\r\n\t\t\t\t\t\t\t<div class=\"orion_carousel overlay-none overlay-hover-none\">\r\n\t\t\r\n\t\t\t\t\t\t\t\t<div class=\"overlay\"><\/div>\r\n\t\t\r\n\t\t\t\t\t<\/div>\r\n\t\t\t\r\n\t\r\n\t<div class=\"absolute\">\r\n\t\t<div class=\"hover-desc table-wrap\">\r\n\t\t\t<div class=\"cell-wrap\">\r\n\t\t\t\t<h4 class=\"text-light\"><\/h4>\r\n\t\t\t<\/div>\r\n\t\t<\/div>\r\n\t<\/div>\t\t\t\t\t\r\n<\/div>\r\n\r\n<\/div><\/div><\/div><\/div><div id=\"pgc-12834-5-1\"  class=\"panel-grid-cell panel-grid-cell-mobile-last\" ><div id=\"panel-12834-5-1-0\" class=\"so-panel widget widget_orion_empty_space_w panel-first-child\" data-index=\"23\" ><div class=\"orion default panel-widget-style panel-widget-style-for-12834-5-1-0\" ><div\n\t\t\t\n\t\t\tclass=\"so-widget-orion_empty_space_w so-widget-orion_empty_space_w-base\"\n\t\t\t\n\t\t>\t<div class=\"row empty-space visible-lg visible-md\" style=\"height:26px;\">\r\n\t<\/div><\/div><\/div><\/div><div id=\"panel-12834-5-1-1\" class=\"so-panel widget widget_sow-image\" data-index=\"24\" ><div class=\"orion default panel-widget-style panel-widget-style-for-12834-5-1-1\" ><div\n\t\t\t\n\t\t\tclass=\"so-widget-sow-image so-widget-sow-image-default-c67d20f9f743-12834\"\n\t\t\t\n\t\t>\n<div class=\"sow-image-container\">\n\t\t<img \n\tsrc=\"https:\/\/clinicadentalgaudi.com\/wp-content\/uploads\/2016\/10\/Recurso-323-300x226.png\" width=\"300\" height=\"226\" srcset=\"https:\/\/clinicadentalgaudi.com\/wp-content\/uploads\/2016\/10\/Recurso-323-300x226.png 300w, https:\/\/clinicadentalgaudi.com\/wp-content\/uploads\/2016\/10\/Recurso-323.png 567w\" sizes=\"(max-width: 300px) 100vw, 300px\" title=\"Recurso 323\" alt=\"Contacta con Cl\u00ednica Dental Gaud\u00ed\" \t\tclass=\"so-widget-image\"\/>\n\t<\/div>\n\n<\/div><\/div><\/div><div id=\"panel-12834-5-1-2\" class=\"so-panel widget widget_orion_empty_space_w\" data-index=\"25\" ><div class=\"orion default panel-widget-style panel-widget-style-for-12834-5-1-2\" ><div\n\t\t\t\n\t\t\tclass=\"so-widget-orion_empty_space_w so-widget-orion_empty_space_w-base\"\n\t\t\t\n\t\t>\t<div class=\"row empty-space visible-lg visible-md visible-sm visible-xs\" style=\"height:25px;\">\r\n\t<\/div><\/div><\/div><\/div><div id=\"panel-12834-5-1-3\" class=\"so-panel widget widget_orion_button_w\" data-index=\"26\" ><div class=\"orion custom default panel-widget-style panel-widget-style-for-12834-5-1-3\" ><div\n\t\t\t\n\t\t\tclass=\"so-widget-orion_button_w so-widget-orion_button_w-base\"\n\t\t\t\n\t\t>\t<div class=\"wrapper block\" style=\"text-align:center\">\r\n\r\n\t\t\t<a class=\"btn btn-white icon-left btn-wire btn-lg\"  href=\"https:\/\/clinicadentalgaudi.com\/ca\/contacte\/\"\r\n\t\t\t   \t\t>\r\n\t\t\t<span class=\"sow-icon-genericons\" data-sow-icon=\"&#xf308;\"\n\t\tstyle=\"\" \n\t\taria-hidden=\"true\"><\/span>CONTACTA AMB NOSALTRES\t\t\r\n\t\t<\/a>\r\n\t\r\n<\/div>\r\n<\/div><\/div><\/div><div id=\"panel-12834-5-1-4\" class=\"so-panel widget widget_orion_empty_space_w panel-last-child\" data-index=\"27\" ><div class=\"orion custom default panel-widget-style panel-widget-style-for-12834-5-1-4\" ><div\n\t\t\t\n\t\t\tclass=\"so-widget-orion_empty_space_w so-widget-orion_empty_space_w-base\"\n\t\t\t\n\t\t>\t<div class=\"row empty-space visible-lg visible-md visible-sm visible-xs\" style=\"height:165px;\">\r\n\t<\/div><\/div><\/div><\/div><\/div><div id=\"pgc-12834-5-2\"  class=\"panel-grid-cell panel-grid-cell-empty\" ><\/div><\/div><\/div><\/div>","protected":false},"excerpt":{"rendered":"<p>No volem que res et freni en el cam\u00ed per a aconseguir el teu somriure m\u00e9s sa i bonic, per aix\u00f2 et brindem totes les facilitats possibles perqu\u00e8 somriure et resulti m\u00e9s senzill.<\/p>\n","protected":false},"author":3,"featured_media":0,"parent":0,"menu_order":0,"comment_status":"closed","ping_status":"closed","template":"","meta":{"_monsterinsights_skip_tracking":false,"_monsterinsights_sitenote_active":false,"_monsterinsights_sitenote_note":"","_monsterinsights_sitenote_category":0,"footnotes":""},"class_list":["post-12834","page","type-page","status-publish","hentry"],"_links":{"self":[{"href":"https:\/\/clinicadentalgaudi.com\/ca\/wp-json\/wp\/v2\/pages\/12834","targetHints":{"allow":["GET"]}}],"collection":[{"href":"https:\/\/clinicadentalgaudi.com\/ca\/wp-json\/wp\/v2\/pages"}],"about":[{"href":"https:\/\/clinicadentalgaudi.com\/ca\/wp-json\/wp\/v2\/types\/page"}],"author":[{"embeddable":true,"href":"https:\/\/clinicadentalgaudi.com\/ca\/wp-json\/wp\/v2\/users\/3"}],"replies":[{"embeddable":true,"href":"https:\/\/clinicadentalgaudi.com\/ca\/wp-json\/wp\/v2\/comments?post=12834"}],"version-history":[{"count":3,"href":"https:\/\/clinicadentalgaudi.com\/ca\/wp-json\/wp\/v2\/pages\/12834\/revisions"}],"predecessor-version":[{"id":12838,"href":"https:\/\/clinicadentalgaudi.com\/ca\/wp-json\/wp\/v2\/pages\/12834\/revisions\/12838"}],"wp:attachment":[{"href":"https:\/\/clinicadentalgaudi.com\/ca\/wp-json\/wp\/v2\/media?parent=12834"}],"curies":[{"name":"wp","href":"https:\/\/api.w.org\/{rel}","templated":true}]}}