{"id":6080,"date":"2017-06-28T07:37:20","date_gmt":"2017-06-28T07:37:20","guid":{"rendered":"https:\/\/clinicadentalgaudi.com\/nuestro-compromiso\/"},"modified":"2025-08-25T22:42:10","modified_gmt":"2025-08-25T20:42:10","slug":"el-nostre-compromis","status":"publish","type":"page","link":"https:\/\/clinicadentalgaudi.com\/ca\/el-nostre-compromis\/","title":{"rendered":"El nostre comprom\u00eds"},"content":{"rendered":"<div id=\"pl-6080\"  class=\"panel-layout\" ><div id=\"pg-6080-0\"  class=\"panel-grid panel-has-style\" ><div class=\"vertical_down orion-parallax siteorigin-panels-stretch orion-separator bottom-svg-3 bottom-svg-inside divider-no-animation tablet-1-in-row mobile-1-in-row desktop-default overlay-c2-c1 panel-row-style panel-row-style-for-6080-0\" data-stretch-type=\"full\" ><div id=\"pgc-6080-0-0\"  class=\"panel-grid-cell\" ><div id=\"panel-6080-0-0-0\" class=\"so-panel widget widget_orion_heading_w panel-first-child panel-last-child\" data-index=\"0\" ><div class=\"orion mobile-text-center default panel-widget-style panel-widget-style-for-6080-0-0-0\" ><div\n\t\t\t\n\t\t\tclass=\"so-widget-orion_heading_w so-widget-orion_heading_w-base\"\n\t\t\t\n\t\t> \r\n\t\t\t<div class=\"row orion-heading\" style=\"margin-bottom:0px;\">\r\n\t\t<div class=\"col-md-12   text-center style-h1 style-text-light\">\r\n\t\t\t<h1 class=\"text-light\">\r\n\t\t\t\t<strong>Compromesos amb el teu benestar<\/strong>\t\t\t<\/h1>\r\n\t\t<\/div>\r\n\t<\/div>\r\n\r\n\t<\/div><\/div><\/div><\/div><\/div><\/div><div id=\"pg-6080-1\"  class=\"panel-grid panel-has-style\" ><div class=\"siteorigin-panels-stretch divider-no-animation tablet-default mobile-1-in-row desktop-default panel-row-style panel-row-style-for-6080-1\" data-stretch-type=\"full\" ><div id=\"pgc-6080-1-0\"  class=\"panel-grid-cell\" ><div id=\"panel-6080-1-0-0\" class=\"so-panel widget widget_orion_empty_space_w panel-first-child\" data-index=\"1\" ><div class=\"orion default panel-widget-style panel-widget-style-for-6080-1-0-0\" ><div\n\t\t\t\n\t\t\tclass=\"so-widget-orion_empty_space_w so-widget-orion_empty_space_w-base\"\n\t\t\t\n\t\t>\t<div class=\"row empty-space visible-sm visible-xs\" style=\"height:40px;\">\r\n\t<\/div><\/div><\/div><\/div><div id=\"panel-6080-1-0-1\" class=\"so-panel widget widget_orion_heading_w\" data-index=\"2\" ><div class=\"orion default panel-widget-style panel-widget-style-for-6080-1-0-1\" ><div\n\t\t\t\n\t\t\tclass=\"so-widget-orion_heading_w so-widget-orion_heading_w-base\"\n\t\t\t\n\t\t> \r\n\t\t\t<div class=\"row orion-heading\" style=\"margin-bottom:0px;\">\r\n\t\t<div class=\"col-md-12  separator-style-1 text-left style-h3 style-primary-color\">\r\n\t\t\t<h3 class=\"primary-color text-uppercase\">\r\n\t\t\t\t<strong>El nostre comprom\u00eds<\/strong>\t\t\t<\/h3>\r\n\t\t<\/div>\r\n\t<\/div>\r\n\r\n\t<\/div><\/div><\/div><div id=\"panel-6080-1-0-2\" class=\"so-panel widget widget_sow-editor\" data-index=\"3\" ><div class=\"orion default panel-widget-style panel-widget-style-for-6080-1-0-2\" ><div\n\t\t\t\n\t\t\tclass=\"so-widget-sow-editor so-widget-sow-editor-base\"\n\t\t\t\n\t\t>\n<div class=\"siteorigin-widget-tinymce textwidget\">\n\t<p style=\"text-align: justify;\">A <strong>Cl\u00ednica Dental Gaud\u00ed<\/strong> no hi ha major comprom\u00eds que oferir-te la m\u00e0xima qualitat en tots els tractaments dentals. Volem que recuperis la confian\u00e7a en el teu somriure, amb resultats duradors.<\/p>\n<\/div>\n<\/div><\/div><\/div><div id=\"panel-6080-1-0-3\" class=\"so-panel widget widget_orion_empty_space_w panel-last-child\" data-index=\"4\" ><div class=\"orion default panel-widget-style panel-widget-style-for-6080-1-0-3\" ><div\n\t\t\t\n\t\t\tclass=\"so-widget-orion_empty_space_w so-widget-orion_empty_space_w-base\"\n\t\t\t\n\t\t>\t<div class=\"row empty-space visible-sm visible-xs\" style=\"height:40px;\">\r\n\t<\/div><\/div><\/div><\/div><\/div><\/div><\/div><div id=\"pg-6080-2\"  class=\"panel-grid panel-has-style\" ><div class=\"divider-no-animation tablet-default mobile-1-in-row desktop-default panel-row-style panel-row-style-for-6080-2\" ><div id=\"pgc-6080-2-0\"  class=\"panel-grid-cell\" ><div class=\"panel-cell-style panel-cell-style-for-6080-2-0\" ><div id=\"panel-6080-2-0-0\" class=\"so-panel widget widget_orion_empty_space_w panel-first-child\" data-index=\"5\" ><div class=\"orion default panel-widget-style panel-widget-style-for-6080-2-0-0\" ><div\n\t\t\t\n\t\t\tclass=\"so-widget-orion_empty_space_w so-widget-orion_empty_space_w-base\"\n\t\t\t\n\t\t>\t<div class=\"row empty-space visible-md\" style=\"height:30px;\">\r\n\t<\/div><\/div><\/div><\/div><div id=\"panel-6080-2-0-1\" class=\"so-panel widget widget_orion_icon_text_w\" data-index=\"6\" ><div class=\"orion default panel-widget-style panel-widget-style-for-6080-2-0-1\" ><div\n\t\t\t\n\t\t\tclass=\"so-widget-orion_icon_text_w so-widget-orion_icon_text_w-base\"\n\t\t\t\n\t\t>\r\n<div class=\"row icon-box-items-wrap grid short\">\r\n \r\n\t\r\n\t\t\r\n\t\t\r\n\t\t\t\t\r\n\t\t\r\n\t\t<div class=\"icon-box-wrap clearfix col-lg-12 col-sm-12 text-left\" style=\"margin-bottom:36px;\">\t\t\r\n\r\n\t\t\t<h4 class=\"item-title h6\">LA TEVA SALUT \u00c9S EL M\u00c9S IMPORTANT<\/h4>\t\t\t\t\t\t\t<div class=\"icon-wrap absolute text-left simple\">\r\n\t\t\t\t\t<span class=\"sow-icon-fontawesome sow-fas\" data-sow-icon=\"&#xf061;\"\n\t\tstyle=\"color: #4b7d96\" \n\t\taria-hidden=\"true\"><\/span>\t\t\t\t\t\t\t\t\t<\/div>\r\n\t\t\t\r\n\t\t\t\t\t\t\r\n\r\n\t\t\t\t\t\t<span class=\"description\"><p style=\"text-align: justify\">El principal objectiu de cada proc\u00e9s \u00e9s el d'aconseguir millorar la teva salut oral i, per tant, la teva salut general, ja que l'estat de la teva cavitat oral influeix en tot el teu organisme. A Cl\u00ednica Dental Gaud\u00ed prioritzem el teu benestar per sobre de qualsevol altre factor.<\/p><\/span>\r\n\t\t\t\r\n\t\t<\/div>\r\n\t\r\n<\/div><\/div><\/div><\/div><div id=\"panel-6080-2-0-2\" class=\"so-panel widget widget_orion_empty_space_w\" data-index=\"7\" ><div class=\"orion default panel-widget-style panel-widget-style-for-6080-2-0-2\" ><div\n\t\t\t\n\t\t\tclass=\"so-widget-orion_empty_space_w so-widget-orion_empty_space_w-base\"\n\t\t\t\n\t\t>\t<div class=\"row empty-space visible-lg visible-md visible-sm visible-xs\" style=\"height:20px;\">\r\n\t<\/div><\/div><\/div><\/div><div id=\"panel-6080-2-0-3\" class=\"so-panel widget widget_orion_empty_space_w\" data-index=\"8\" ><div class=\"orion default panel-widget-style panel-widget-style-for-6080-2-0-3\" ><div\n\t\t\t\n\t\t\tclass=\"so-widget-orion_empty_space_w so-widget-orion_empty_space_w-base\"\n\t\t\t\n\t\t>\t<div class=\"row empty-space visible-md\" style=\"height:30px;\">\r\n\t<\/div><\/div><\/div><\/div><div id=\"panel-6080-2-0-4\" class=\"so-panel widget widget_orion_icon_text_w\" data-index=\"9\" ><div class=\"orion custom default panel-widget-style panel-widget-style-for-6080-2-0-4\" ><div\n\t\t\t\n\t\t\tclass=\"so-widget-orion_icon_text_w so-widget-orion_icon_text_w-base\"\n\t\t\t\n\t\t>\r\n<div class=\"row icon-box-items-wrap grid short\">\r\n \r\n\t\r\n\t\t\r\n\t\t\r\n\t\t\t\t\r\n\t\t\r\n\t\t<div class=\"icon-box-wrap clearfix col-lg-12 col-sm-12 text-left\" style=\"margin-bottom:36px;\">\t\t\r\n\r\n\t\t\t<h4 class=\"item-title h6\">TRACTAMENTS PRECISOS<\/h4>\t\t\t\t\t\t\t<div class=\"icon-wrap absolute text-left simple\">\r\n\t\t\t\t\t<span class=\"sow-icon-fontawesome sow-fas\" data-sow-icon=\"&#xf061;\"\n\t\tstyle=\"color: #4b7d96\" \n\t\taria-hidden=\"true\"><\/span>\t\t\t\t\t\t\t\t\t<\/div>\r\n\t\t\t\r\n\t\t\t\t\t\t\r\n\r\n\t\t\t\t\t\t<span class=\"description\"><p style=\"text-align: justify\">Gr\u00e0cies a l'\u00e0mplia experi\u00e8ncia i capacitaci\u00f3 de l'equip, i de l'\u00faltima tecnologia dental, aconseguim dur a terme tractaments de m\u00e0xima precisi\u00f3, que aconsegueixen resultats satisfactoris i duradors a llarg termini.<\/p><\/span>\r\n\t\t\t\r\n\t\t<\/div>\r\n\t\r\n<\/div><\/div><\/div><\/div><div id=\"panel-6080-2-0-5\" class=\"so-panel widget widget_orion_empty_space_w panel-last-child\" data-index=\"10\" ><div class=\"orion default panel-widget-style panel-widget-style-for-6080-2-0-5\" ><div\n\t\t\t\n\t\t\tclass=\"so-widget-orion_empty_space_w so-widget-orion_empty_space_w-base\"\n\t\t\t\n\t\t>\t<div class=\"row empty-space visible-sm visible-xs\" style=\"height:18px;\">\r\n\t<\/div><\/div><\/div><\/div><\/div><\/div><div id=\"pgc-6080-2-1\"  class=\"panel-grid-cell\" ><div class=\"panel-cell-style panel-cell-style-for-6080-2-1\" ><div id=\"panel-6080-2-1-0\" class=\"so-panel widget widget_orion_empty_space_w panel-first-child\" data-index=\"11\" ><div class=\"orion default panel-widget-style panel-widget-style-for-6080-2-1-0\" ><div\n\t\t\t\n\t\t\tclass=\"so-widget-orion_empty_space_w so-widget-orion_empty_space_w-base\"\n\t\t\t\n\t\t>\t<div class=\"row empty-space visible-lg\" style=\"height:2px;\">\r\n\t<\/div><\/div><\/div><\/div><div id=\"panel-6080-2-1-1\" class=\"so-panel widget widget_orion_empty_space_w\" data-index=\"12\" ><div class=\"orion default panel-widget-style panel-widget-style-for-6080-2-1-1\" ><div\n\t\t\t\n\t\t\tclass=\"so-widget-orion_empty_space_w so-widget-orion_empty_space_w-base\"\n\t\t\t\n\t\t>\t<div class=\"row empty-space visible-md\" style=\"height:20px;\">\r\n\t<\/div><\/div><\/div><\/div><div id=\"panel-6080-2-1-2\" class=\"so-panel widget widget_orion_icon_text_w\" data-index=\"13\" ><div class=\"orion default panel-widget-style panel-widget-style-for-6080-2-1-2\" ><div\n\t\t\t\n\t\t\tclass=\"so-widget-orion_icon_text_w so-widget-orion_icon_text_w-base\"\n\t\t\t\n\t\t>\r\n<div class=\"row icon-box-items-wrap grid short\">\r\n \r\n\t\r\n\t\t\r\n\t\t\r\n\t\t\t\t\r\n\t\t\r\n\t\t<div class=\"icon-box-wrap clearfix col-lg-12 col-sm-12 text-left\" style=\"margin-bottom:36px;\">\t\t\r\n\r\n\t\t\t<h4 class=\"item-title h6\">LA CONFIAN\u00c7A \u00c9S EL PRIMER<\/h4>\t\t\t\t\t\t\t<div class=\"icon-wrap absolute text-left simple\">\r\n\t\t\t\t\t<span class=\"sow-icon-fontawesome sow-fas\" data-sow-icon=\"&#xf061;\"\n\t\tstyle=\"color: #4b7d96\" \n\t\taria-hidden=\"true\"><\/span>\t\t\t\t\t\t\t\t\t<\/div>\r\n\t\t\t\r\n\t\t\t\t\t\t\r\n\r\n\t\t\t\t\t\t<span class=\"description\"><p style=\"text-align: justify\">En qualsevol servei m\u00e8dic el pacient busca sentir-se compr\u00e8s i recolzat pels professionals sanitaris. A la cl\u00ednica sabem que sentir confian\u00e7a en el teu dentista \u00e9s important per a tu, per aix\u00f2 t'oferim un tracte proper i professional, perqu\u00e8 et trobis tranquil en tot moment.<\/p><\/span>\r\n\t\t\t\r\n\t\t<\/div>\r\n\t\r\n<\/div><\/div><\/div><\/div><div id=\"panel-6080-2-1-3\" class=\"so-panel widget widget_orion_empty_space_w\" data-index=\"14\" ><div class=\"orion default panel-widget-style panel-widget-style-for-6080-2-1-3\" ><div\n\t\t\t\n\t\t\tclass=\"so-widget-orion_empty_space_w so-widget-orion_empty_space_w-base\"\n\t\t\t\n\t\t>\t<div class=\"row empty-space visible-lg visible-md visible-sm visible-xs\" style=\"height:20px;\">\r\n\t<\/div><\/div><\/div><\/div><div id=\"panel-6080-2-1-4\" class=\"so-panel widget widget_orion_icon_text_w panel-last-child\" data-index=\"15\" ><div class=\"orion default panel-widget-style panel-widget-style-for-6080-2-1-4\" ><div\n\t\t\t\n\t\t\tclass=\"so-widget-orion_icon_text_w so-widget-orion_icon_text_w-base\"\n\t\t\t\n\t\t>\r\n<div class=\"row icon-box-items-wrap grid short\">\r\n \r\n\t\r\n\t\t\r\n\t\t\r\n\t\t\t\t\r\n\t\t\r\n\t\t<div class=\"icon-box-wrap clearfix col-lg-12 col-sm-12 text-left\" style=\"margin-bottom:36px;\">\t\t\r\n\r\n\t\t\t<h4 class=\"item-title h6\">SABEM ESCOLTAR-TE<\/h4>\t\t\t\t\t\t\t<div class=\"icon-wrap absolute text-left simple\">\r\n\t\t\t\t\t<span class=\"sow-icon-fontawesome sow-fas\" data-sow-icon=\"&#xf061;\"\n\t\tstyle=\"color: #4b7d96\" \n\t\taria-hidden=\"true\"><\/span>\t\t\t\t\t\t\t\t\t<\/div>\r\n\t\t\t\r\n\t\t\t\t\t\t\r\n\r\n\t\t\t\t\t\t<span class=\"description\"><p style=\"text-align: justify\">Un bon tractament i assessorament tamb\u00e9 parteixen de saber escoltar al pacient. Con\u00e8ixer la teva opini\u00f3 i expectatives ens ajuda a aconseguir els resultats desitjats, i a donar-te els consells m\u00e9s adequats perqu\u00e8 milloris la teva salut bucodental. Som tot orelles!.<\/p><\/span>\r\n\t\t\t\r\n\t\t<\/div>\r\n\t\r\n<\/div><\/div><\/div><\/div><\/div><\/div><\/div><\/div><div id=\"pg-6080-3\"  class=\"panel-grid panel-has-style\" ><div class=\"siteorigin-panels-stretch divider-no-animation tablet-default mobile-1-in-row desktop-default panel-row-style panel-row-style-for-6080-3\" data-stretch-type=\"full\" ><div id=\"pgc-6080-3-0\"  class=\"panel-grid-cell\" ><div id=\"panel-6080-3-0-0\" class=\"so-panel widget widget_orion_empty_space_w panel-first-child\" data-index=\"16\" ><div class=\"orion default panel-widget-style panel-widget-style-for-6080-3-0-0\" ><div\n\t\t\t\n\t\t\tclass=\"so-widget-orion_empty_space_w so-widget-orion_empty_space_w-base\"\n\t\t\t\n\t\t>\t<div class=\"row empty-space visible-sm visible-xs\" style=\"height:30px;\">\r\n\t<\/div><\/div><\/div><\/div><div id=\"panel-6080-3-0-1\" class=\"so-panel widget widget_orion_empty_space_w\" data-index=\"17\" ><div class=\"orion default panel-widget-style panel-widget-style-for-6080-3-0-1\" ><div\n\t\t\t\n\t\t\tclass=\"so-widget-orion_empty_space_w so-widget-orion_empty_space_w-base\"\n\t\t\t\n\t\t>\t<div class=\"row empty-space visible-lg visible-md\" style=\"height:60px;\">\r\n\t<\/div><\/div><\/div><\/div><div id=\"panel-6080-3-0-2\" class=\"so-panel widget widget_orion_simple_gallery panel-last-child\" data-index=\"18\" ><div class=\"orion default panel-widget-style panel-widget-style-for-6080-3-0-2\" ><div\n\t\t\t\n\t\t\tclass=\"so-widget-orion_simple_gallery so-widget-orion_simple_gallery-base\"\n\t\t\t\n\t\t><div class=\"row orion-simple-gallery carousel\">\r\n\r\n\r\n\t<div class=\"wrapper type-dots\">\t\r\n\t\t\t\t\t\r\n\t\t\r\n\r\n\t\t<div class=\"owl-carousel owl-theme clearfix\" data-col=\"1\" data-autoplay=\"false\" data-dots=\"1\">\r\n\r\n\t\t\t\t\t\t\t\t\t\t\t\t\t\t\t\t<div class=\"item col-md-12\">\r\n\t\t\t\t<div class=\"image-w relative\">\r\n\r\n\t\t\t\t\t\t\t\t\t\t\t\t\t<div class=\" overlay-none overlay-hover-greyscale scale-zoomout\">\r\n\t\t\t\t\t\t\t\t\t\t\t\t\t\r\n\t\t\t\t\t\t\t\t\t\t\t\t\t<img loading=\"lazy\" decoding=\"async\" width=\"555\" height=\"740\" src=\"https:\/\/clinicadentalgaudi.com\/wp-content\/uploads\/2017\/06\/Destacados_Nuestro-compromiso-555x740.jpg\" class=\"attachment-orion_portrait size-orion_portrait\" alt=\"\" \/>\t\t\t\t\t\t\t<div class=\"overlay\"><\/div>\r\n\t\t\t\t\t\t\r\n\t\t\t\t\t\t\t\t\t\t\t\t\t<\/div>\r\n\t\t\t\t\t\t\t\r\n\t\t\t\t\t\r\n\t\t\t\t\t<div class=\"absolute\">\r\n\t\t\t\t\t\t\r\n\t\t\t\t\t<\/div>\t\t\t\t\t\r\n\t\t\t\t<\/div>\r\n\t\t\t<\/div>\r\n\t\t\t\t\r\n\t\t\t\t\t<\/div>\r\n\t\t\t\t\t\t\t\r\n\t\t\t\t\t\t\t\r\n\r\n\t\t\r\n\t<\/div>\r\n<\/div><\/div><\/div><\/div><\/div><div id=\"pgc-6080-3-1\"  class=\"panel-grid-cell\" ><div id=\"panel-6080-3-1-0\" class=\"so-panel widget widget_orion_empty_space_w panel-first-child\" data-index=\"19\" ><div class=\"orion default panel-widget-style panel-widget-style-for-6080-3-1-0\" ><div\n\t\t\t\n\t\t\tclass=\"so-widget-orion_empty_space_w so-widget-orion_empty_space_w-base\"\n\t\t\t\n\t\t>\t<div class=\"row empty-space visible-sm visible-xs\" style=\"height:30px;\">\r\n\t<\/div><\/div><\/div><\/div><div id=\"panel-6080-3-1-1\" class=\"so-panel widget widget_orion_empty_space_w\" data-index=\"20\" ><div class=\"orion default panel-widget-style panel-widget-style-for-6080-3-1-1\" ><div\n\t\t\t\n\t\t\tclass=\"so-widget-orion_empty_space_w so-widget-orion_empty_space_w-base\"\n\t\t\t\n\t\t>\t<div class=\"row empty-space visible-lg visible-md\" style=\"height:60px;\">\r\n\t<\/div><\/div><\/div><\/div><div id=\"panel-6080-3-1-2\" class=\"so-panel widget widget_orion_simple_gallery panel-last-child\" data-index=\"21\" ><div class=\"orion default panel-widget-style panel-widget-style-for-6080-3-1-2\" ><div\n\t\t\t\n\t\t\tclass=\"so-widget-orion_simple_gallery so-widget-orion_simple_gallery-base\"\n\t\t\t\n\t\t><div class=\"row orion-simple-gallery grid\">\r\n\r\n\r\n\t<div class=\"wrapper\">\t\r\n\t\t\t\t\t\t\t\t\t\t\t\t\t<div class=\"col-lg-12 col-sm-12 col-xs-12\">\r\n\t\t\t\t<div class=\"image-w relative\">\r\n\r\n\t\t\t\t\t\t\t\t\t\t\t\t\t<div class=\" overlay-none overlay-hover-none scale-zoomin\">\r\n\t\t\t\t\t\t\t\t\t\t\t\t\t\r\n\t\t\t\t\t\t\t\t\t\t\t\t\t<img loading=\"lazy\" decoding=\"async\" width=\"555\" height=\"740\" src=\"https:\/\/clinicadentalgaudi.com\/wp-content\/uploads\/2017\/06\/Destacado-Protesis-555x740.jpg\" class=\"attachment-orion_portrait size-orion_portrait\" alt=\"\" \/>\t\t\t\t\t\t\t<div class=\"overlay\"><\/div>\r\n\t\t\t\t\t\t\r\n\t\t\t\t\t\t\t\t\t\t\t\t\t<\/div>\r\n\t\t\t\t\t\t\t\r\n\t\t\t\t\t\r\n\t\t\t\t\t<div class=\"absolute\">\r\n\t\t\t\t\t\t\r\n\t\t\t\t\t<\/div>\t\t\t\t\t\r\n\t\t\t\t<\/div>\r\n\t\t\t<\/div>\r\n\t\t\t\t\r\n\t\t\r\n\t<\/div>\r\n<\/div><\/div><\/div><\/div><\/div><div id=\"pgc-6080-3-2\"  class=\"panel-grid-cell\" ><div id=\"panel-6080-3-2-0\" class=\"so-panel widget widget_orion_empty_space_w panel-first-child\" data-index=\"22\" ><div class=\"orion default panel-widget-style panel-widget-style-for-6080-3-2-0\" ><div\n\t\t\t\n\t\t\tclass=\"so-widget-orion_empty_space_w so-widget-orion_empty_space_w-base\"\n\t\t\t\n\t\t>\t<div class=\"row empty-space visible-lg visible-md\" style=\"height:60px;\">\r\n\t<\/div><\/div><\/div><\/div><div id=\"panel-6080-3-2-1\" class=\"so-panel widget widget_orion_simple_gallery panel-last-child\" data-index=\"23\" ><div class=\"orion default panel-widget-style panel-widget-style-for-6080-3-2-1\" ><div\n\t\t\t\n\t\t\tclass=\"so-widget-orion_simple_gallery so-widget-orion_simple_gallery-base\"\n\t\t\t\n\t\t><div class=\"row orion-simple-gallery grid\">\r\n\r\n\r\n\t<div class=\"wrapper\">\t\r\n\t\t\t\t\t\t\t\t\t\t\t\t\t<div class=\"col-lg-12 col-sm-12 col-xs-12\">\r\n\t\t\t\t<div class=\"image-w relative\">\r\n\r\n\t\t\t\t\t\t\t\t\t\t\t\t\t<div class=\" overlay-none overlay-hover-none scale-zoomin\">\r\n\t\t\t\t\t\t\t\t\t\t\t\t\t\r\n\t\t\t\t\t\t\t\t\t\t\t\t\t<img loading=\"lazy\" decoding=\"async\" width=\"555\" height=\"740\" src=\"https:\/\/clinicadentalgaudi.com\/wp-content\/uploads\/2016\/10\/Cabecera-Implantologia-555x740.jpg\" class=\"attachment-orion_portrait size-orion_portrait\" alt=\"\" \/>\t\t\t\t\t\t\t<div class=\"overlay\"><\/div>\r\n\t\t\t\t\t\t\r\n\t\t\t\t\t\t\t\t\t\t\t\t\t<\/div>\r\n\t\t\t\t\t\t\t\r\n\t\t\t\t\t\r\n\t\t\t\t\t<div class=\"absolute\">\r\n\t\t\t\t\t\t\r\n\t\t\t\t\t<\/div>\t\t\t\t\t\r\n\t\t\t\t<\/div>\r\n\t\t\t<\/div>\r\n\t\t\t\t\r\n\t\t\r\n\t<\/div>\r\n<\/div><\/div><\/div><\/div><\/div><\/div><\/div><div id=\"pg-6080-4\"  class=\"panel-grid panel-has-style\" ><div class=\"siteorigin-panels-stretch divider-no-animation tablet-default mobile-1-in-row desktop-default panel-row-style panel-row-style-for-6080-4\" data-stretch-type=\"full\" ><div id=\"pgc-6080-4-0\"  class=\"panel-grid-cell\" ><div id=\"panel-6080-4-0-0\" class=\"so-panel widget widget_orion_simple_gallery panel-first-child panel-last-child\" data-index=\"24\" ><div class=\"orion default panel-widget-style panel-widget-style-for-6080-4-0-0\" ><div\n\t\t\t\n\t\t\tclass=\"so-widget-orion_simple_gallery so-widget-orion_simple_gallery-base\"\n\t\t\t\n\t\t><div class=\"row orion-simple-gallery grid\">\r\n\r\n\r\n\t<div class=\"wrapper\">\t\r\n\t\t\t\t\t\t\t\t\t\t\t\t\t<div class=\"col-lg-12 col-sm-12 col-xs-12\">\r\n\t\t\t\t<div class=\"image-w relative\">\r\n\r\n\t\t\t\t\t\t\t\t\t\t\t\t\t<div class=\" overlay-none overlay-hover-none scale-zoomout\">\r\n\t\t\t\t\t\t\t\t\t\t\t\t\t\r\n\t\t\t\t\t\t\t\t\t\t\t\t\t<img loading=\"lazy\" decoding=\"async\" width=\"750\" height=\"500\" src=\"https:\/\/clinicadentalgaudi.com\/wp-content\/uploads\/2017\/06\/Cabecera_Snap-OnSmile\u00ae-750x500.jpg\" class=\"attachment-orion_carousel size-orion_carousel\" alt=\"\" \/>\t\t\t\t\t\t\t<div class=\"overlay\"><\/div>\r\n\t\t\t\t\t\t\r\n\t\t\t\t\t\t\t\t\t\t\t\t\t<\/div>\r\n\t\t\t\t\t\t\t\r\n\t\t\t\t\t\r\n\t\t\t\t\t<div class=\"absolute\">\r\n\t\t\t\t\t\t\r\n\t\t\t\t\t<\/div>\t\t\t\t\t\r\n\t\t\t\t<\/div>\r\n\t\t\t<\/div>\r\n\t\t\t\t\r\n\t\t\r\n\t<\/div>\r\n<\/div><\/div><\/div><\/div><\/div><div id=\"pgc-6080-4-1\"  class=\"panel-grid-cell\" ><div id=\"panel-6080-4-1-0\" class=\"so-panel widget widget_orion_simple_gallery panel-first-child panel-last-child\" data-index=\"25\" ><div class=\"orion default panel-widget-style panel-widget-style-for-6080-4-1-0\" ><div\n\t\t\t\n\t\t\tclass=\"so-widget-orion_simple_gallery so-widget-orion_simple_gallery-base\"\n\t\t\t\n\t\t><div class=\"row orion-simple-gallery grid\">\r\n\r\n\r\n\t<div class=\"wrapper\">\t\r\n\t\t\t\t\t\t\t\t\t\t\t\t\t<div class=\"col-lg-12 col-sm-12 col-xs-12\">\r\n\t\t\t\t<div class=\"image-w relative\">\r\n\r\n\t\t\t\t\t\t\t\t\t\t\t\t\t<div class=\" overlay-none overlay-hover-greyscale scale-zoomout\">\r\n\t\t\t\t\t\t\t\t\t\t\t\t\t\r\n\t\t\t\t\t\t\t\t\t\t\t\t\t<img loading=\"lazy\" decoding=\"async\" width=\"750\" height=\"500\" src=\"https:\/\/clinicadentalgaudi.com\/wp-content\/uploads\/2017\/06\/Cabecera_Nuestro-compromiso-750x500.jpg\" class=\"attachment-orion_carousel size-orion_carousel\" alt=\"\" \/>\t\t\t\t\t\t\t<div class=\"overlay\"><\/div>\r\n\t\t\t\t\t\t\r\n\t\t\t\t\t\t\t\t\t\t\t\t\t<\/div>\r\n\t\t\t\t\t\t\t\r\n\t\t\t\t\t\r\n\t\t\t\t\t<div class=\"absolute\">\r\n\t\t\t\t\t\t\r\n\t\t\t\t\t<\/div>\t\t\t\t\t\r\n\t\t\t\t<\/div>\r\n\t\t\t<\/div>\r\n\t\t\t\t\r\n\t\t\r\n\t<\/div>\r\n<\/div><\/div><\/div><\/div><\/div><\/div><\/div><div id=\"pg-6080-5\"  class=\"panel-grid panel-has-style\" ><div class=\"siteorigin-panels-stretch orion-separator top-svg-2 top-svg-inside divider-no-animation tablet-default mobile-1-in-row desktop-default panel-row-style panel-row-style-for-6080-5\" data-stretch-type=\"full\" ><div id=\"pgc-6080-5-0\"  class=\"panel-grid-cell panel-grid-cell-empty\" ><\/div><div id=\"pgc-6080-5-1\"  class=\"panel-grid-cell panel-grid-cell-mobile-last\" ><div id=\"panel-6080-5-1-0\" class=\"so-panel widget widget_orion_empty_space_w panel-first-child\" data-index=\"26\" ><div class=\"orion default panel-widget-style panel-widget-style-for-6080-5-1-0\" ><div\n\t\t\t\n\t\t\tclass=\"so-widget-orion_empty_space_w so-widget-orion_empty_space_w-base\"\n\t\t\t\n\t\t>\t<div class=\"row empty-space visible-lg visible-md\" style=\"height:26px;\">\r\n\t<\/div><\/div><\/div><\/div><div id=\"panel-6080-5-1-1\" class=\"so-panel widget widget_sow-image\" data-index=\"27\" ><div class=\"orion default panel-widget-style panel-widget-style-for-6080-5-1-1\" ><div\n\t\t\t\n\t\t\tclass=\"so-widget-sow-image so-widget-sow-image-default-c67d20f9f743-6080\"\n\t\t\t\n\t\t>\n<div class=\"sow-image-container\">\n\t\t<img \n\tsrc=\"https:\/\/clinicadentalgaudi.com\/wp-content\/uploads\/2016\/10\/Recurso-323-300x226.png\" width=\"300\" height=\"226\" srcset=\"https:\/\/clinicadentalgaudi.com\/wp-content\/uploads\/2016\/10\/Recurso-323-300x226.png 300w, https:\/\/clinicadentalgaudi.com\/wp-content\/uploads\/2016\/10\/Recurso-323.png 567w\" sizes=\"(max-width: 300px) 100vw, 300px\" title=\"Recurso 323\" alt=\"Contacta con Cl\u00ednica Dental Gaud\u00ed\" \t\tclass=\"so-widget-image\"\/>\n\t<\/div>\n\n<\/div><\/div><\/div><div id=\"panel-6080-5-1-2\" class=\"so-panel widget widget_orion_empty_space_w\" data-index=\"28\" ><div class=\"orion default panel-widget-style panel-widget-style-for-6080-5-1-2\" ><div\n\t\t\t\n\t\t\tclass=\"so-widget-orion_empty_space_w so-widget-orion_empty_space_w-base\"\n\t\t\t\n\t\t>\t<div class=\"row empty-space visible-lg visible-md visible-sm visible-xs\" style=\"height:25px;\">\r\n\t<\/div><\/div><\/div><\/div><div id=\"panel-6080-5-1-3\" class=\"so-panel widget widget_orion_button_w\" data-index=\"29\" ><div class=\"orion default panel-widget-style panel-widget-style-for-6080-5-1-3\" ><div\n\t\t\t\n\t\t\tclass=\"so-widget-orion_button_w so-widget-orion_button_w-base\"\n\t\t\t\n\t\t>\t<div class=\"wrapper block\" style=\"text-align:center\">\r\n\r\n\t\t\t<a class=\"btn btn-white icon-left btn-wire btn-lg\"  href=\"https:\/\/clinicadentalgaudi.com\/ca\/contacte\/\"\r\n\t\t\t   \t\t>\r\n\t\t\t<span class=\"sow-icon-genericons\" data-sow-icon=\"&#xf308;\"\n\t\tstyle=\"\" \n\t\taria-hidden=\"true\"><\/span>CONTACTA AMB NOSALTRES\t\t\r\n\t\t<\/a>\r\n\t\r\n<\/div>\r\n<\/div><\/div><\/div><div id=\"panel-6080-5-1-4\" class=\"so-panel widget widget_orion_empty_space_w panel-last-child\" data-index=\"30\" ><div class=\"orion custom default panel-widget-style panel-widget-style-for-6080-5-1-4\" ><div\n\t\t\t\n\t\t\tclass=\"so-widget-orion_empty_space_w so-widget-orion_empty_space_w-base\"\n\t\t\t\n\t\t>\t<div class=\"row empty-space visible-lg visible-md visible-sm visible-xs\" style=\"height:170px;\">\r\n\t<\/div><\/div><\/div><\/div><\/div><div id=\"pgc-6080-5-2\"  class=\"panel-grid-cell panel-grid-cell-empty\" ><\/div><\/div><\/div><\/div>","protected":false},"excerpt":{"rendered":"<p>A Cl\u00ednica Dental Gaud\u00ed no hi ha major comprom\u00eds que oferir-te la m\u00e0xima qualitat en tots els tractaments dentals. Volem que recuperis la confian\u00e7a en el teu somriure, amb resultats duradors.<\/p>\n","protected":false},"author":2,"featured_media":0,"parent":0,"menu_order":0,"comment_status":"closed","ping_status":"closed","template":"","meta":{"_monsterinsights_skip_tracking":false,"_monsterinsights_sitenote_active":false,"_monsterinsights_sitenote_note":"","_monsterinsights_sitenote_category":0,"footnotes":""},"class_list":["post-6080","page","type-page","status-publish","hentry"],"_links":{"self":[{"href":"https:\/\/clinicadentalgaudi.com\/ca\/wp-json\/wp\/v2\/pages\/6080","targetHints":{"allow":["GET"]}}],"collection":[{"href":"https:\/\/clinicadentalgaudi.com\/ca\/wp-json\/wp\/v2\/pages"}],"about":[{"href":"https:\/\/clinicadentalgaudi.com\/ca\/wp-json\/wp\/v2\/types\/page"}],"author":[{"embeddable":true,"href":"https:\/\/clinicadentalgaudi.com\/ca\/wp-json\/wp\/v2\/users\/2"}],"replies":[{"embeddable":true,"href":"https:\/\/clinicadentalgaudi.com\/ca\/wp-json\/wp\/v2\/comments?post=6080"}],"version-history":[{"count":1,"href":"https:\/\/clinicadentalgaudi.com\/ca\/wp-json\/wp\/v2\/pages\/6080\/revisions"}],"predecessor-version":[{"id":13323,"href":"https:\/\/clinicadentalgaudi.com\/ca\/wp-json\/wp\/v2\/pages\/6080\/revisions\/13323"}],"wp:attachment":[{"href":"https:\/\/clinicadentalgaudi.com\/ca\/wp-json\/wp\/v2\/media?parent=6080"}],"curies":[{"name":"wp","href":"https:\/\/api.w.org\/{rel}","templated":true}]}}