{"id":6194,"date":"2017-06-21T12:16:01","date_gmt":"2017-06-21T12:16:01","guid":{"rendered":"https:\/\/clinicadentalgaudi.com\/protesis-dentales-sin-metal\/"},"modified":"2023-01-25T12:20:34","modified_gmt":"2023-01-25T12:20:34","slug":"protesis-dentals-sense-metall","status":"publish","type":"page","link":"https:\/\/clinicadentalgaudi.com\/ca\/protesis-dentals-sense-metall\/","title":{"rendered":"Pr\u00f2tesis dentals sense metall"},"content":{"rendered":"<div id=\"pl-6194\"  class=\"panel-layout\" ><div id=\"pg-6194-0\"  class=\"panel-grid panel-has-style\" ><div class=\"vertical_down orion-parallax siteorigin-panels-stretch orion-separator bottom-svg-3 bottom-svg-inside divider-no-animation tablet-1-in-row mobile-1-in-row desktop-default overlay-c2-c1 panel-row-style panel-row-style-for-6194-0\" data-stretch-type=\"full\" ><div id=\"pgc-6194-0-0\"  class=\"panel-grid-cell\" ><div id=\"panel-6194-0-0-0\" class=\"so-panel widget widget_orion_heading_w panel-first-child panel-last-child\" data-index=\"0\" ><div class=\"orion mobile-text-center default panel-widget-style panel-widget-style-for-6194-0-0-0\" ><div\n\t\t\t\n\t\t\tclass=\"so-widget-orion_heading_w so-widget-orion_heading_w-base\"\n\t\t\t\n\t\t> \r\n\t\t\t<div class=\"row orion-heading\" style=\"margin-bottom:0px;\">\r\n\t\t<div class=\"col-md-12   text-center style-h1 style-text-light\">\r\n\t\t\t<h1 class=\"text-light\">\r\n\t\t\t\t<strong>Llueix el teu millor somriure amb pr\u00f2tesis sense metall!<\/strong>\t\t\t<\/h1>\r\n\t\t<\/div>\r\n\t<\/div>\r\n\r\n\t<\/div><\/div><\/div><\/div><\/div><\/div><div id=\"pg-6194-1\"  class=\"panel-grid panel-has-style\" ><div class=\"siteorigin-panels-stretch divider-no-animation tablet-default mobile-1-in-row desktop-default panel-row-style panel-row-style-for-6194-1\" data-stretch-type=\"full\" ><div id=\"pgc-6194-1-0\"  class=\"panel-grid-cell\" ><div id=\"panel-6194-1-0-0\" class=\"so-panel widget widget_orion_empty_space_w panel-first-child\" data-index=\"1\" ><div class=\"orion default panel-widget-style panel-widget-style-for-6194-1-0-0\" ><div\n\t\t\t\n\t\t\tclass=\"so-widget-orion_empty_space_w so-widget-orion_empty_space_w-base\"\n\t\t\t\n\t\t>\t<div class=\"row empty-space visible-sm visible-xs\" style=\"height:40px;\">\r\n\t<\/div><\/div><\/div><\/div><div id=\"panel-6194-1-0-1\" class=\"so-panel widget widget_orion_heading_w\" data-index=\"2\" ><div class=\"orion default panel-widget-style panel-widget-style-for-6194-1-0-1\" ><div\n\t\t\t\n\t\t\tclass=\"so-widget-orion_heading_w so-widget-orion_heading_w-base\"\n\t\t\t\n\t\t> \r\n\t\t\t<div class=\"row orion-heading\" style=\"margin-bottom:0px;\">\r\n\t\t<div class=\"col-md-12  separator-style-1 text-left style-h2 style-primary-color\">\r\n\t\t\t<h2 class=\"primary-color text-uppercase\">\r\n\t\t\t\t<strong>Pr\u00f2tesis dental sense metall a Terrassa<\/strong>\t\t\t<\/h2>\r\n\t\t<\/div>\r\n\t<\/div>\r\n\r\n\t<\/div><\/div><\/div><div id=\"panel-6194-1-0-2\" class=\"so-panel widget widget_sow-editor\" data-index=\"3\" ><div class=\"orion default panel-widget-style panel-widget-style-for-6194-1-0-2\" ><div\n\t\t\t\n\t\t\tclass=\"so-widget-sow-editor so-widget-sow-editor-base\"\n\t\t\t\n\t\t>\n<div class=\"siteorigin-widget-tinymce textwidget\">\n\t<p style=\"text-align: justify;\"><img loading=\"lazy\" decoding=\"async\" class=\"alignleft size-thumbnail wp-image-9565\" src=\"https:\/\/clinicadentalgaudi.com\/wp-content\/uploads\/2017\/06\/Destacado-Protesis-sin-Metal_3-150x150.png\" alt=\"\" width=\"150\" height=\"150\" \/>En no tenir una estructura met\u00e0l\u00b7lica com a base, aquestes <strong>pr\u00f2tesis fixes exclusivament de porcellana<\/strong> tenen una transmissi\u00f3 de la llum i el color <strong>tan naturals<\/strong> com les teves pr\u00f2pies dents, sent <strong>altament est\u00e8tiques<\/strong>.<\/p>\n<p style=\"text-align: justify;\">Si necessites aquest tractament, a <strong>Cl\u00ednica Dental Gaud\u00ed<\/strong> estarem encantats d'ajudar-te a recuperar la funcionalitat i l'est\u00e8tica del teu somriure.<\/p>\n<\/div>\n<\/div><\/div><\/div><div id=\"panel-6194-1-0-3\" class=\"so-panel widget widget_orion_empty_space_w panel-last-child\" data-index=\"4\" ><div class=\"orion default panel-widget-style panel-widget-style-for-6194-1-0-3\" ><div\n\t\t\t\n\t\t\tclass=\"so-widget-orion_empty_space_w so-widget-orion_empty_space_w-base\"\n\t\t\t\n\t\t>\t<div class=\"row empty-space visible-sm visible-xs\" style=\"height:40px;\">\r\n\t<\/div><\/div><\/div><\/div><\/div><\/div><\/div><div id=\"pg-6194-2\"  class=\"panel-grid panel-has-style\" ><div class=\"siteorigin-panels-stretch divider-no-animation tablet-default mobile-1-in-row desktop-default panel-row-style panel-row-style-for-6194-2\" data-stretch-type=\"full-stretched\" ><div id=\"pgc-6194-2-0\"  class=\"panel-grid-cell\" ><div class=\"overlay-dark panel-cell-style panel-cell-style-for-6194-2-0\" ><div id=\"panel-6194-2-0-0\" class=\"so-panel widget widget_orion_heading_w panel-first-child panel-last-child\" data-index=\"5\" ><div class=\"orion default panel-widget-style panel-widget-style-for-6194-2-0-0\" ><div\n\t\t\t\n\t\t\tclass=\"so-widget-orion_heading_w so-widget-orion_heading_w-base\"\n\t\t\t\n\t\t> \r\n\t\t\t<div class=\"row orion-heading\" style=\"margin-bottom:0px;\">\r\n\t\t<div class=\"col-md-12  separator-style-1 text-left style-h3 style-text-light\">\r\n\t\t\t<h3 class=\"text-light text-uppercase\">\r\n\t\t\t\t<strong>Quins s\u00f3n els avantatges de la pr\u00f2tesi dental sense metall?<\/strong>\t\t\t<\/h3>\r\n\t\t<\/div>\r\n\t<\/div>\r\n\r\n\t<\/div><\/div><\/div><\/div><\/div><div id=\"pgc-6194-2-1\"  class=\"panel-grid-cell\" ><div class=\"panel-cell-style panel-cell-style-for-6194-2-1\" ><div id=\"panel-6194-2-1-0\" class=\"so-panel widget widget_orion_empty_space_w panel-first-child\" data-index=\"6\" ><div class=\"orion default panel-widget-style panel-widget-style-for-6194-2-1-0\" ><div\n\t\t\t\n\t\t\tclass=\"so-widget-orion_empty_space_w so-widget-orion_empty_space_w-base\"\n\t\t\t\n\t\t>\t<div class=\"row empty-space visible-lg visible-md visible-sm visible-xs\" style=\"height:40px;\">\r\n\t<\/div><\/div><\/div><\/div><div id=\"panel-6194-2-1-1\" class=\"so-panel widget widget_orion_icon_text_w panel-last-child\" data-index=\"7\" ><div class=\"orion default panel-widget-style panel-widget-style-for-6194-2-1-1\" ><div\n\t\t\t\n\t\t\tclass=\"so-widget-orion_icon_text_w so-widget-orion_icon_text_w-base\"\n\t\t\t\n\t\t>\r\n<div class=\"row icon-box-items-wrap grid short\">\r\n \r\n\t\r\n\t\t\r\n\t\t\r\n\t\t\t\t\r\n\t\t\r\n\t\t<div class=\"icon-box-wrap clearfix col-lg-12 col-sm-12 no_desc vertical-center text-dark\" style=\"margin-bottom:36px;\">\t\t\r\n\r\n\t\t\t<h4 class=\"item-title h6\">EL SEU ASPECTE EST\u00c8TIC<\/h4>\t\t\t\t\t\t\t<div class=\"icon-wrap absolute simple\">\r\n\t\t\t\t\t<span class=\"sow-icon-fontawesome sow-fas\" data-sow-icon=\"&#xf061;\"\n\t\tstyle=\"color: #4b7d96\" \n\t\taria-hidden=\"true\"><\/span>\t\t\t\t\t\t\t\t\t<\/div>\r\n\t\t\t\r\n\t\t\t\t\t\t\r\n\r\n\t\t\t\r\n\t\t<\/div>\r\n\t\r\n\t\t\r\n\t\t\r\n\t\t\t\t\r\n\t\t\r\n\t\t<div class=\"icon-box-wrap clearfix col-lg-12 col-sm-12 no_desc vertical-center text-dark\" style=\"margin-bottom:36px;\">\t\t\r\n\r\n\t\t\t<h4 class=\"item-title h6\">NO ES VEUEN VORES MET\u00c0L\u00b7LIQUES<\/h4>\t\t\t\t\t\t\t<div class=\"icon-wrap absolute simple\">\r\n\t\t\t\t\t<span class=\"sow-icon-fontawesome sow-fas\" data-sow-icon=\"&#xf061;\"\n\t\tstyle=\"color: #4b7d96\" \n\t\taria-hidden=\"true\"><\/span>\t\t\t\t\t\t\t\t\t<\/div>\r\n\t\t\t\r\n\t\t\t\t\t\t\r\n\r\n\t\t\t\r\n\t\t<\/div>\r\n\t\r\n\t\t\r\n\t\t\r\n\t\t\t\t\r\n\t\t\r\n\t\t<div class=\"icon-box-wrap clearfix col-lg-12 col-sm-12 no_desc vertical-center text-dark\" style=\"margin-bottom:36px;\">\t\t\r\n\r\n\t\t\t<h4 class=\"item-title h6\">S'EVITEN POSSIBLES AL\u00b7L\u00c8RGIES A METALLS<\/h4>\t\t\t\t\t\t\t<div class=\"icon-wrap absolute simple\">\r\n\t\t\t\t\t<span class=\"sow-icon-fontawesome sow-fas\" data-sow-icon=\"&#xf061;\"\n\t\tstyle=\"color: #4b7d96\" \n\t\taria-hidden=\"true\"><\/span>\t\t\t\t\t\t\t\t\t<\/div>\r\n\t\t\t\r\n\t\t\t\t\t\t\r\n\r\n\t\t\t\r\n\t\t<\/div>\r\n\t\r\n\t\t\r\n\t\t\r\n\t\t\t\t\r\n\t\t\r\n\t\t<div class=\"icon-box-wrap clearfix col-lg-12 col-sm-12 no_desc vertical-center text-dark\" style=\"margin-bottom:36px;\">\t\t\r\n\r\n\t\t\t<h4 class=\"item-title h6\">S'EVITEN POSSIBLES INTOLER\u00c0NCIES ENERG\u00c8TIQUES ALS METALLS<\/h4>\t\t\t\t\t\t\t<div class=\"icon-wrap absolute simple\">\r\n\t\t\t\t\t<span class=\"sow-icon-fontawesome sow-fas\" data-sow-icon=\"&#xf061;\"\n\t\tstyle=\"color: #4b7d96\" \n\t\taria-hidden=\"true\"><\/span>\t\t\t\t\t\t\t\t\t<\/div>\r\n\t\t\t\r\n\t\t\t\t\t\t\r\n\r\n\t\t\t\r\n\t\t<\/div>\r\n\t\r\n<\/div><\/div><\/div><\/div><\/div><\/div><\/div><\/div><div id=\"pg-6194-3\"  class=\"panel-grid panel-has-style\" ><div class=\"divider-no-animation tablet-default mobile-1-in-row desktop-default panel-row-style panel-row-style-for-6194-3\" ><div id=\"pgc-6194-3-0\"  class=\"panel-grid-cell\" ><div id=\"panel-6194-3-0-0\" class=\"so-panel widget widget_orion_empty_space_w panel-first-child panel-last-child\" data-index=\"8\" ><div class=\"orion default panel-widget-style panel-widget-style-for-6194-3-0-0\" ><div\n\t\t\t\n\t\t\tclass=\"so-widget-orion_empty_space_w so-widget-orion_empty_space_w-base\"\n\t\t\t\n\t\t>\t<div class=\"row empty-space visible-lg visible-md visible-sm visible-xs\" style=\"height:40px;\">\r\n\t<\/div><\/div><\/div><\/div><\/div><\/div><\/div><div id=\"pg-6194-4\"  class=\"panel-grid panel-has-style\" ><div class=\"siteorigin-panels-stretch divider-no-animation tablet-default mobile-1-in-row desktop-default panel-row-style panel-row-style-for-6194-4\" data-stretch-type=\"full\" ><div id=\"pgc-6194-4-0\"  class=\"panel-grid-cell\" ><div id=\"panel-6194-4-0-0\" class=\"so-panel widget widget_orion_empty_space_w panel-first-child\" data-index=\"9\" ><div class=\"orion default panel-widget-style panel-widget-style-for-6194-4-0-0\" ><div\n\t\t\t\n\t\t\tclass=\"so-widget-orion_empty_space_w so-widget-orion_empty_space_w-base\"\n\t\t\t\n\t\t>\t<div class=\"row empty-space visible-sm visible-xs\" style=\"height:40px;\">\r\n\t<\/div><\/div><\/div><\/div><div id=\"panel-6194-4-0-1\" class=\"so-panel widget widget_orion_heading_w\" data-index=\"10\" ><div class=\"orion default panel-widget-style panel-widget-style-for-6194-4-0-1\" ><div\n\t\t\t\n\t\t\tclass=\"so-widget-orion_heading_w so-widget-orion_heading_w-base\"\n\t\t\t\n\t\t> \r\n\t\t\t<div class=\"row orion-heading\" style=\"margin-bottom:0px;\">\r\n\t\t<div class=\"col-md-12  separator-style-1 text-left style-h3 style-primary-color\">\r\n\t\t\t<h3 class=\"primary-color text-uppercase\">\r\n\t\t\t\t<strong>Per qu\u00e8 \u00e9s important reempla\u00e7ar les dents perdudes?<\/strong>\t\t\t<\/h3>\r\n\t\t<\/div>\r\n\t<\/div>\r\n\r\n\t<\/div><\/div><\/div><div id=\"panel-6194-4-0-2\" class=\"so-panel widget widget_sow-editor\" data-index=\"11\" ><div class=\"orion default panel-widget-style panel-widget-style-for-6194-4-0-2\" ><div\n\t\t\t\n\t\t\tclass=\"so-widget-sow-editor so-widget-sow-editor-base\"\n\t\t\t\n\t\t>\n<div class=\"siteorigin-widget-tinymce textwidget\">\n\t<p style=\"text-align: justify;\">Si has patit la p\u00e8rdua d'una dent, \u00e9s important reempla\u00e7ar-la el m\u00e9s aviat possible. La principal ra\u00f3 per fer-ho \u00e9s que <strong>les dents tendeixen a moure's<\/strong> cap als espais desocupats, les dents adjacents s'inclinen i els antagonistes tendeixen a sortir del seu lloc, de manera que \u00e9s freq\u00fcent que es produeixin moviments de les peces dentals.<\/p>\n<p style=\"text-align: justify;\">Un altre dels motius pels quals s'han de substituir \u00e9s evitar la <strong>p\u00e8rdua de l'os<\/strong> que sustentava la dent, ja que deixa de rebre l'est\u00edmul de la masticaci\u00f3.<\/p>\n<p style=\"text-align: justify;\">A m\u00e9s, si falten peces dentals en una banda, inconscientment es mastega m\u00e9s per l'altra banda i <strong>es sobrec\u00e0rrega<\/strong>, facilitant fractures dentals i alterant la funci\u00f3 de l'articulaci\u00f3 temporomaxil\u00b7lar.<\/p>\n<\/div>\n<\/div><\/div><\/div><div id=\"panel-6194-4-0-3\" class=\"so-panel widget widget_orion_empty_space_w panel-last-child\" data-index=\"12\" ><div class=\"orion default panel-widget-style panel-widget-style-for-6194-4-0-3\" ><div\n\t\t\t\n\t\t\tclass=\"so-widget-orion_empty_space_w so-widget-orion_empty_space_w-base\"\n\t\t\t\n\t\t>\t<div class=\"row empty-space visible-sm visible-xs\" style=\"height:40px;\">\r\n\t<\/div><\/div><\/div><\/div><\/div><\/div><\/div><div id=\"pg-6194-5\"  class=\"panel-grid panel-has-style\" ><div class=\"divider-no-animation tablet-default mobile-1-in-row desktop-default panel-row-style panel-row-style-for-6194-5\" ><div id=\"pgc-6194-5-0\"  class=\"panel-grid-cell\" ><div id=\"panel-6194-5-0-0\" class=\"so-panel widget widget_orion_empty_space_w panel-first-child panel-last-child\" data-index=\"13\" ><div class=\"orion default panel-widget-style panel-widget-style-for-6194-5-0-0\" ><div\n\t\t\t\n\t\t\tclass=\"so-widget-orion_empty_space_w so-widget-orion_empty_space_w-base\"\n\t\t\t\n\t\t>\t<div class=\"row empty-space visible-lg visible-md visible-sm visible-xs\" style=\"height:30px;\">\r\n\t<\/div><\/div><\/div><\/div><\/div><\/div><\/div><div id=\"pg-6194-6\"  class=\"panel-grid panel-has-style\" ><div class=\"fixed-bg siteorigin-panels-stretch orion-separator top-svg-2 top-svg-inside divider-no-animation tablet-default mobile-1-in-row desktop-default overlay-c2-c1 panel-row-style panel-row-style-for-6194-6\" data-stretch-type=\"full-stretched\" ><div id=\"pgc-6194-6-0\"  class=\"panel-grid-cell\" ><div class=\"panel-cell-style panel-cell-style-for-6194-6-0\" ><div id=\"panel-6194-6-0-0\" class=\"so-panel widget widget_orion_icon_text_w panel-first-child\" data-index=\"14\" ><div class=\"orion default panel-widget-style panel-widget-style-for-6194-6-0-0\" ><div\n\t\t\t\n\t\t\tclass=\"so-widget-orion_icon_text_w so-widget-orion_icon_text_w-base\"\n\t\t\t\n\t\t>\r\n<div class=\"row icon-box-items-wrap grid icon-top\">\r\n \r\n\t\r\n\t\t\r\n\t\t\r\n\t\t\t\t\r\n\t\t\r\n\t\t<div class=\"icon-box-wrap clearfix col-lg-12 col-sm-12 no_desc vertical-center text-center text-light\" style=\"margin-bottom:0px;\">\t\t\r\n\r\n\t\t\t\t\t\t\t\t\t\t<div class=\"icon-wrap relative text-center simple\">\r\n\t\t\t\t\t<span class=\"sow-icon-dentalicons2\" data-sow-icon=\"&#xe908;\"\n\t\tstyle=\"color: #fff\" \n\t\taria-hidden=\"true\"><\/span>\t\t\t\t\t\t\t\t\t<\/div>\r\n\t\t\t\r\n\t\t\t\t\t\t\r\n\r\n\t\t\t\r\n\t\t<\/div>\r\n\t\r\n<\/div><\/div><\/div><\/div><div id=\"panel-6194-6-0-1\" class=\"so-panel widget widget_orion_heading_w\" data-index=\"15\" ><div class=\"orion default panel-widget-style panel-widget-style-for-6194-6-0-1\" ><div\n\t\t\t\n\t\t\tclass=\"so-widget-orion_heading_w so-widget-orion_heading_w-base\"\n\t\t\t\n\t\t> \r\n\t\t\t<div class=\"row orion-heading\" style=\"margin-bottom:0px;\">\r\n\t\t<div class=\"col-md-12  separator-style-1 text-center style-h3 style-text-light\">\r\n\t\t\t<h3 class=\"text-light text-uppercase\">\r\n\t\t\t\t<strong>T'esperem!<\/strong>\t\t\t<\/h3>\r\n\t\t<\/div>\r\n\t<\/div>\r\n\r\n\t<\/div><\/div><\/div><div id=\"panel-6194-6-0-2\" class=\"so-panel widget widget_sow-editor\" data-index=\"16\" ><div class=\"orion text-light panel-widget-style panel-widget-style-for-6194-6-0-2\" ><div\n\t\t\t\n\t\t\tclass=\"so-widget-sow-editor so-widget-sow-editor-base\"\n\t\t\t\n\t\t>\n<div class=\"siteorigin-widget-tinymce textwidget\">\n\t<h6 style=\"text-align: center;\">Si t'agraden les caracter\u00edstiques de la pr\u00f2tesi dental sense metall,<br \/>\nno tens m\u00e9s que demanar cita a la nostra cl\u00ednica dental a Terrassa. T'hi esperem!.<\/h6>\n<\/div>\n<\/div><\/div><\/div><div id=\"panel-6194-6-0-3\" class=\"so-panel widget widget_orion_empty_space_w\" data-index=\"17\" ><div class=\"orion default panel-widget-style panel-widget-style-for-6194-6-0-3\" ><div\n\t\t\t\n\t\t\tclass=\"so-widget-orion_empty_space_w so-widget-orion_empty_space_w-base\"\n\t\t\t\n\t\t>\t<div class=\"row empty-space visible-lg visible-md visible-sm visible-xs\" style=\"height:24px;\">\r\n\t<\/div><\/div><\/div><\/div><div id=\"panel-6194-6-0-4\" class=\"so-panel widget widget_orion_empty_space_w\" data-index=\"18\" ><div class=\"orion default panel-widget-style panel-widget-style-for-6194-6-0-4\" ><div\n\t\t\t\n\t\t\tclass=\"so-widget-orion_empty_space_w so-widget-orion_empty_space_w-base\"\n\t\t\t\n\t\t>\t<div class=\"row empty-space visible-lg visible-md\" style=\"height:10px;\">\r\n\t<\/div><\/div><\/div><\/div><div id=\"panel-6194-6-0-5\" class=\"so-panel widget widget_orion_button_w panel-last-child\" data-index=\"19\" ><div class=\"orion default panel-widget-style panel-widget-style-for-6194-6-0-5\" ><div\n\t\t\t\n\t\t\tclass=\"so-widget-orion_button_w so-widget-orion_button_w-base\"\n\t\t\t\n\t\t>\t<div class=\"wrapper block\" style=\"text-align:center\">\r\n\r\n\t\t\t<a class=\"btn btn-white icon-left btn-wire btn-lg\"  href=\"https:\/\/clinicadentalgaudi.com\/ca\/contacte\/\"\r\n\t\t\t   \t\t>\r\n\t\t\t<span class=\"sow-icon-genericons\" data-sow-icon=\"&#xf308;\"\n\t\tstyle=\"\" \n\t\taria-hidden=\"true\"><\/span>Demana la teva cita!\t\t\r\n\t\t<\/a>\r\n\t\r\n<\/div>\r\n<\/div><\/div><\/div><\/div><\/div><\/div><\/div><\/div>","protected":false},"excerpt":{"rendered":"<p>A beautiful smile contributes to a better mood, it affects self-esteem, and it allows us to make a good impression on others.<\/p>\n","protected":false},"author":2,"featured_media":0,"parent":0,"menu_order":0,"comment_status":"closed","ping_status":"closed","template":"","meta":{"_monsterinsights_skip_tracking":false,"_monsterinsights_sitenote_active":false,"_monsterinsights_sitenote_note":"","_monsterinsights_sitenote_category":0,"footnotes":""},"class_list":["post-6194","page","type-page","status-publish","hentry"],"_links":{"self":[{"href":"https:\/\/clinicadentalgaudi.com\/ca\/wp-json\/wp\/v2\/pages\/6194","targetHints":{"allow":["GET"]}}],"collection":[{"href":"https:\/\/clinicadentalgaudi.com\/ca\/wp-json\/wp\/v2\/pages"}],"about":[{"href":"https:\/\/clinicadentalgaudi.com\/ca\/wp-json\/wp\/v2\/types\/page"}],"author":[{"embeddable":true,"href":"https:\/\/clinicadentalgaudi.com\/ca\/wp-json\/wp\/v2\/users\/2"}],"replies":[{"embeddable":true,"href":"https:\/\/clinicadentalgaudi.com\/ca\/wp-json\/wp\/v2\/comments?post=6194"}],"version-history":[{"count":2,"href":"https:\/\/clinicadentalgaudi.com\/ca\/wp-json\/wp\/v2\/pages\/6194\/revisions"}],"predecessor-version":[{"id":12747,"href":"https:\/\/clinicadentalgaudi.com\/ca\/wp-json\/wp\/v2\/pages\/6194\/revisions\/12747"}],"wp:attachment":[{"href":"https:\/\/clinicadentalgaudi.com\/ca\/wp-json\/wp\/v2\/media?parent=6194"}],"curies":[{"name":"wp","href":"https:\/\/api.w.org\/{rel}","templated":true}]}}