{"id":6233,"date":"2016-10-09T12:12:01","date_gmt":"2016-10-09T12:12:01","guid":{"rendered":"https:\/\/clinicadentalgaudi.com\/equilibrio-muscular\/"},"modified":"2017-11-24T16:56:24","modified_gmt":"2017-11-24T16:56:24","slug":"equilibri-neuromuscular","status":"publish","type":"page","link":"https:\/\/clinicadentalgaudi.com\/ca\/equilibri-neuromuscular\/","title":{"rendered":"Equilibri neuromuscular"},"content":{"rendered":"<div id=\"pl-6233\"  class=\"panel-layout\" ><div id=\"pg-6233-0\"  class=\"panel-grid panel-has-style\" ><div class=\"divider-no-animation tablet-1-in-row mobile-1-in-row desktop-default panel-row-style panel-row-style-for-6233-0\" ><div id=\"pgc-6233-0-0\"  class=\"panel-grid-cell\" ><div id=\"panel-6233-0-0-0\" class=\"so-panel widget widget_orion_heading_w panel-first-child\" data-index=\"0\" ><div class=\"orion default panel-widget-style panel-widget-style-for-6233-0-0-0\" ><div\n\t\t\t\n\t\t\tclass=\"so-widget-orion_heading_w so-widget-orion_heading_w-base\"\n\t\t\t\n\t\t> \r\n\t\t\t<div class=\"row orion-heading\" style=\"margin-bottom:0px;\">\r\n\t\t<div class=\"col-md-12   text-left style-h3 style-primary-color\">\r\n\t\t\t<h3 class=\"primary-color\">\r\n\t\t\t\tEQUILIBRI NEUROMUSCULAR\t\t\t<\/h3>\r\n\t\t<\/div>\r\n\t<\/div>\r\n\r\n\t<\/div><\/div><\/div><div id=\"panel-6233-0-0-1\" class=\"so-panel widget widget_orion_heading_w\" data-index=\"1\" ><div class=\"orion mobile-text-center tablets-text-center default panel-widget-style panel-widget-style-for-6233-0-0-1\" ><div\n\t\t\t\n\t\t\tclass=\"so-widget-orion_heading_w so-widget-orion_heading_w-base\"\n\t\t\t\n\t\t> \r\n\t\t\t<div class=\"row orion-heading\" style=\"margin-bottom:0px;\">\r\n\t\t<div class=\"col-md-12   text-left style-h2 style-text-dark\">\r\n\t\t\t<h2 class=\"text-dark\">\r\n\t\t\t\tATM i Bruxisme\t\t\t<\/h2>\r\n\t\t<\/div>\r\n\t<\/div>\r\n\r\n\t<\/div><\/div><\/div><div id=\"panel-6233-0-0-2\" class=\"so-panel widget widget_sow-editor\" data-index=\"2\" ><div class=\"orion mobile-text-center tablets-text-center default panel-widget-style panel-widget-style-for-6233-0-0-2\" ><div\n\t\t\t\n\t\t\tclass=\"so-widget-sow-editor so-widget-sow-editor-base\"\n\t\t\t\n\t\t>\n<div class=\"siteorigin-widget-tinymce textwidget\">\n\t<p><strong>La posturodoncia \u00e9s la ci\u00e8ncia que estudia l'equilibri esquel\u00e8tic i neuromuscular de tot el nostre cos<\/strong>, del cap als peus, relacionant-lo amb la nostra articulaci\u00f3 temporomandibular i dental.<\/p>\n<p><strong>Quan sentim tensi\u00f3 muscular a la mand\u00edbula<\/strong>, que estrenyem les dents de dia i \/ o nit, que sentim sorolls a l'orella en obrir o tancar la boca, que notem tensi\u00f3 al coll o en les espatlles hem de consultar la possibilitat que la causa estigui en l'engranatge de la nostra mand\u00edbula.<\/p>\n<p>Hem de comprovar els contactes dentals i l'articulaci\u00f3 temporomandibular (ATM). Moltes vegades es descarrega la tensi\u00f3 nerviosa serrant les dents (bruxisme) durant la nit mentre es dorm, no sent conscients del problema, que es manifesta, al cap del temps, amb subluxacions doloroses de l'ATM, sorolls (clics) articulars, tensi\u00f3 muscular a la cara i desgastos de les dents, que arriben fins i tot a fracturar-se.<\/p>\n<p>La posici\u00f3 de la mand\u00edbula est\u00e0 en relaci\u00f3 amb les posicions del coll, de la columna vertebral, dels malucs i de tot el cos, incl\u00f2s el suport plantar. <strong>El tractament sol consistir en una f\u00e8rula de desc\u00e0rrega<\/strong> acompanyada de medicaci\u00f3 i fisioter\u00e0pia en els casos aguts.<\/p>\n<\/div>\n<\/div><\/div><\/div><div id=\"panel-6233-0-0-3\" class=\"so-panel widget widget_orion_upload_w panel-last-child\" data-index=\"3\" ><div class=\"orion default panel-widget-style panel-widget-style-for-6233-0-0-3\" ><div\n\t\t\t\n\t\t\tclass=\"so-widget-orion_upload_w so-widget-orion_upload_w-base\"\n\t\t\t\n\t\t><div class=\"row button-wrap\">\r\n\t\r\n\t\r\n\t\t\t\t<div class=\"col-md-12\">\t\t\r\n\t\t\t<a class=\"btn-download icon-right btn btn-c1 btn-flat\" href=\"https:\/\/clinicadentalgaudi.com\/wp-content\/uploads\/2017\/09\/articemporomandicat.pdf\" download=\"articemporomandicat.pdf\">\r\n\t\t\t\t\tS\u00edndrome de disfunci\u00f3 masticat\u00f2ria.pdf\t\t\t\t\t\t\t\t\t\t\t<span class=\"sow-icon-fontawesome sow-far\" data-sow-icon=\"&#xf1c1;\"\n\t\tstyle=\"\" \n\t\taria-hidden=\"true\"><\/span>\t\r\n\t\t\t\t\t\t\t\t\t\t<span class=\"orionicon orionicon-icon_check btn-visited\"><\/span>\r\n\t\t\t<\/a>\r\n\t\t<\/div>\r\n\t\r\n<\/div><\/div><\/div><\/div><\/div><div id=\"pgc-6233-0-1\"  class=\"panel-grid-cell\" ><div id=\"panel-6233-0-1-0\" class=\"so-panel widget widget_orion_image_w panel-first-child panel-last-child\" data-index=\"4\" ><div class=\"orion mobile-text-center default panel-widget-style panel-widget-style-for-6233-0-1-0\" ><div\n\t\t\t\n\t\t\tclass=\"so-widget-orion_image_w so-widget-orion_image_w-base\"\n\t\t\t\n\t\t>\r\n<div class=\"image-w relative\">\r\n\r\n\t\t\t\t\t\t\t<div class=\" overlay-none overlay-hover-none\">\r\n\t\t\r\n\t\t\t\t\t<img loading=\"lazy\" decoding=\"async\" width=\"1200\" height=\"1200\" src=\"https:\/\/clinicadentalgaudi.com\/wp-content\/uploads\/2016\/10\/AdobeStock_49060559-1.jpg\" class=\"attachment- size-\" alt=\"Equilibrio Neuromuscular \/ Equilibri neuromuscular\" \/>\t\t\t<div class=\"overlay\"><\/div>\r\n\t\t\r\n\t\t\t\t\t<\/div>\r\n\t\t\t\r\n\t\r\n\t<div class=\"absolute\">\r\n\t\t<div class=\"hover-desc table-wrap\">\r\n\t\t\t<div class=\"cell-wrap\">\r\n\t\t\t\t<h4 class=\"text-light\"><\/h4>\r\n\t\t\t<\/div>\r\n\t\t<\/div>\r\n\t<\/div>\t\t\t\t\t\r\n<\/div>\r\n\r\n<\/div><\/div><\/div><\/div><\/div><\/div><div id=\"pg-6233-1\"  class=\"panel-grid panel-has-style\" ><div class=\"siteorigin-panels-stretch divider-no-animation tablet-default mobile-1-in-row desktop-default panel-row-style panel-row-style-for-6233-1\" data-stretch-type=\"full-stretched\" ><div id=\"pgc-6233-1-0\"  class=\"panel-grid-cell\" ><div id=\"panel-6233-1-0-0\" class=\"so-panel widget widget_orion_empty_space_w panel-first-child\" data-index=\"5\" ><div class=\"orion default panel-widget-style panel-widget-style-for-6233-1-0-0\" ><div\n\t\t\t\n\t\t\tclass=\"so-widget-orion_empty_space_w so-widget-orion_empty_space_w-base\"\n\t\t\t\n\t\t>\t<div class=\"row empty-space visible-lg visible-md visible-sm visible-xs\" style=\"height:39px;\">\r\n\t<\/div><\/div><\/div><\/div><div id=\"panel-6233-1-0-1\" class=\"so-panel widget widget_orion_button_w panel-last-child\" data-index=\"6\" ><div class=\"orion default panel-widget-style panel-widget-style-for-6233-1-0-1\" ><div\n\t\t\t\n\t\t\tclass=\"so-widget-orion_button_w so-widget-orion_button_w-base\"\n\t\t\t\n\t\t>\t<div class=\"wrapper block\" style=\"text-align:center\">\r\n\r\n\t\t\t<a class=\"btn btn-c1 btn-round icon-right btn-flat btn-md\"  href=\"https:\/\/clinicadentalgaudi.com\/ca\/contacte\/\"\r\n\t\t\t   \t\t>\r\n\t\t\tDemana la teva cita<span class=\"sow-icon-fontawesome sow-far\" data-sow-icon=\"&#xf133;\"\n\t\tstyle=\"\" \n\t\taria-hidden=\"true\"><\/span>\t\t\r\n\t\t<\/a>\r\n\t\r\n<\/div>\r\n<\/div><\/div><\/div><\/div><\/div><\/div><\/div>","protected":false},"excerpt":{"rendered":"<p>We work passionately toward creating the most youthful smiles for patients whose natural teeth require replacement.<\/p>\n","protected":false},"author":2,"featured_media":0,"parent":0,"menu_order":0,"comment_status":"closed","ping_status":"closed","template":"","meta":{"_monsterinsights_skip_tracking":false,"_monsterinsights_sitenote_active":false,"_monsterinsights_sitenote_note":"","_monsterinsights_sitenote_category":0,"footnotes":""},"class_list":["post-6233","page","type-page","status-publish","hentry"],"_links":{"self":[{"href":"https:\/\/clinicadentalgaudi.com\/ca\/wp-json\/wp\/v2\/pages\/6233","targetHints":{"allow":["GET"]}}],"collection":[{"href":"https:\/\/clinicadentalgaudi.com\/ca\/wp-json\/wp\/v2\/pages"}],"about":[{"href":"https:\/\/clinicadentalgaudi.com\/ca\/wp-json\/wp\/v2\/types\/page"}],"author":[{"embeddable":true,"href":"https:\/\/clinicadentalgaudi.com\/ca\/wp-json\/wp\/v2\/users\/2"}],"replies":[{"embeddable":true,"href":"https:\/\/clinicadentalgaudi.com\/ca\/wp-json\/wp\/v2\/comments?post=6233"}],"version-history":[{"count":0,"href":"https:\/\/clinicadentalgaudi.com\/ca\/wp-json\/wp\/v2\/pages\/6233\/revisions"}],"wp:attachment":[{"href":"https:\/\/clinicadentalgaudi.com\/ca\/wp-json\/wp\/v2\/media?parent=6233"}],"curies":[{"name":"wp","href":"https:\/\/api.w.org\/{rel}","templated":true}]}}