{"id":6304,"date":"2017-06-21T11:58:23","date_gmt":"2017-06-21T11:58:23","guid":{"rendered":"https:\/\/clinicadentalgaudi.com\/medicina-oral\/"},"modified":"2017-11-27T17:24:40","modified_gmt":"2017-11-27T17:24:40","slug":"medicina-oral","status":"publish","type":"page","link":"https:\/\/clinicadentalgaudi.com\/ca\/medicina-oral\/","title":{"rendered":"Medicina oral"},"content":{"rendered":"<div id=\"pl-6304\"  class=\"panel-layout\" ><div id=\"pg-6304-0\"  class=\"panel-grid panel-has-style\" ><div class=\"divider-no-animation tablet-1-in-row mobile-1-in-row desktop-default panel-row-style panel-row-style-for-6304-0\" ><div id=\"pgc-6304-0-0\"  class=\"panel-grid-cell\" ><div id=\"panel-6304-0-0-0\" class=\"so-panel widget widget_orion_heading_w panel-first-child\" data-index=\"0\" ><div class=\"orion default panel-widget-style panel-widget-style-for-6304-0-0-0\" ><div\n\t\t\t\n\t\t\tclass=\"so-widget-orion_heading_w so-widget-orion_heading_w-base\"\n\t\t\t\n\t\t> \r\n\t\t\t<div class=\"row orion-heading\" style=\"margin-bottom:0px;\">\r\n\t\t<div class=\"col-md-12  separator-style-1 text-left style-h3 style-primary-color\">\r\n\t\t\t<h3 class=\"primary-color\">\r\n\t\t\t\tMEDICINA ORAL\t\t\t<\/h3>\r\n\t\t<\/div>\r\n\t<\/div>\r\n\r\n\t<\/div><\/div><\/div><div id=\"panel-6304-0-0-1\" class=\"so-panel widget widget_sow-editor\" data-index=\"1\" ><div class=\"orion mobile-text-center tablets-text-center default panel-widget-style panel-widget-style-for-6304-0-0-1\" ><div\n\t\t\t\n\t\t\tclass=\"so-widget-sow-editor so-widget-sow-editor-base\"\n\t\t\t\n\t\t>\n<div class=\"siteorigin-widget-tinymce textwidget\">\n\t<p><b>La nostra dedicaci\u00f3 docent a la Facultat d'Odontologia de la Universitat de Barcelona i Investigadora a l'Hospital Cl\u00ednic i Universitari de Barcelona<\/b> ens permet oferir el diagn\u00f2stic i tractament de malalties que afecten la boca i necessiten tractament m\u00e8dic.<\/p>\n<p><b>Coneixem com les malalties generals afecten les dents i genives.<\/b><\/p>\n<p>Sabem les cures especials que s'han de tenir en el tractament odontol\u00f2gic dels pacients amb certes malalties o rebent cert tractament m\u00e8dic, com a pacients oncol\u00f2gics, inmunosuprimido, anticoagulats, etc.<\/p>\n<\/div>\n<\/div><\/div><\/div><div id=\"panel-6304-0-0-2\" class=\"so-panel widget widget_orion_list_w panel-last-child\" data-index=\"2\" ><div class=\"orion default panel-widget-style panel-widget-style-for-6304-0-0-2\" ><div\n\t\t\t\n\t\t\tclass=\"so-widget-orion_list_w so-widget-orion_list_w-base\"\n\t\t\t\n\t\t><div class=\"row button-wrap\">\r\n\t\r\n\t<div class=\"list-wrap col-md-12\">\r\n\t\t<ul class=\"no-liststyle size-normal\" style=\"background:transparent\">\r\n\t\t\t\t\r\n\t\t<li class=\"text-dark\" >\r\n\t\t\t\t\t\t\t<span class=\"icon\">\r\n\t\t\t\t\t<span class=\"sow-icon-fontawesome sow-fas\" data-sow-icon=\"&#xf061;\"\n\t\tstyle=\"color: #4b7d96\" \n\t\taria-hidden=\"true\"><\/span>\t\t\t\t<\/span>\r\n\t\t\t\t\t\t\t<div class=\"wrapper\">\r\n\t\t\t\t\tDetecci\u00f3 preco\u00e7 del c\u00e0ncer oral.\t\t\t\t<\/div>\r\n\t\t<\/li>\t\r\n\r\n\t\t\t\t\r\n\t\t<li class=\"text-dark\" >\r\n\t\t\t\t\t\t\t<span class=\"icon\">\r\n\t\t\t\t\t<span class=\"sow-icon-fontawesome sow-fas\" data-sow-icon=\"&#xf061;\"\n\t\tstyle=\"color: #4b7d96\" \n\t\taria-hidden=\"true\"><\/span>\t\t\t\t<\/span>\r\n\t\t\t\t\t\t\t<div class=\"wrapper\">\r\n\t\t\t\t\tDiagn\u00f2stic de malalties autoimmunes a la boca.\t\t\t\t<\/div>\r\n\t\t<\/li>\t\r\n\r\n\t\t\t\t\r\n\t\t<li class=\"text-dark\" >\r\n\t\t\t\t\t\t\t<span class=\"icon\">\r\n\t\t\t\t\t<span class=\"sow-icon-fontawesome sow-fas\" data-sow-icon=\"&#xf061;\"\n\t\tstyle=\"color: #4b7d96\" \n\t\taria-hidden=\"true\"><\/span>\t\t\t\t<\/span>\r\n\t\t\t\t\t\t\t<div class=\"wrapper\">\r\n\t\t\t\t\tTractament de la boca seca.\t\t\t\t<\/div>\r\n\t\t<\/li>\t\r\n\r\n\t\t\t\t\r\n\t\t<li class=\"text-dark\" >\r\n\t\t\t\t\t\t\t<span class=\"icon\">\r\n\t\t\t\t\t<span class=\"sow-icon-fontawesome sow-fas\" data-sow-icon=\"&#xf061;\"\n\t\tstyle=\"color: #4b7d96\" \n\t\taria-hidden=\"true\"><\/span>\t\t\t\t<\/span>\r\n\t\t\t\t\t\t\t<div class=\"wrapper\">\r\n\t\t\t\t\tTractament d'infeccions de la cavitat oral.\t\t\t\t<\/div>\r\n\t\t<\/li>\t\r\n\r\n\t\t\t\t\r\n\t\t<li class=\"text-dark\" >\r\n\t\t\t\t\t\t\t<span class=\"icon\">\r\n\t\t\t\t\t<span class=\"sow-icon-fontawesome sow-fas\" data-sow-icon=\"&#xf061;\"\n\t\tstyle=\"color: #4b7d96\" \n\t\taria-hidden=\"true\"><\/span>\t\t\t\t<\/span>\r\n\t\t\t\t\t\t\t<div class=\"wrapper\">\r\n\t\t\t\t\tTractament de la mucositis per quimioter\u00e0pia i \/ o radioter\u00e0pia.\t\t\t\t<\/div>\r\n\t\t<\/li>\t\r\n\r\n\t\t\t<\/ul>\r\n\t<\/div>\r\n<\/div><\/div><\/div><\/div><\/div><div id=\"pgc-6304-0-1\"  class=\"panel-grid-cell\" ><div id=\"panel-6304-0-1-0\" class=\"so-panel widget widget_orion_image_w panel-first-child panel-last-child\" data-index=\"3\" ><div class=\"orion mobile-text-center tablets-text-center default panel-widget-style panel-widget-style-for-6304-0-1-0\" ><div\n\t\t\t\n\t\t\tclass=\"so-widget-orion_image_w so-widget-orion_image_w-base\"\n\t\t\t\n\t\t>\r\n<div class=\"image-w relative rounded\">\r\n\r\n\t\t\t\t\t\t\t<div class=\"orion_circle image-wrap rounded overlay-none overlay-hover-none\">\r\n\t\t\r\n\t\t\t\t<div class=\"circle-wrap\">\r\n\t\t\t\t\t<img loading=\"lazy\" decoding=\"async\" width=\"240\" height=\"240\" src=\"https:\/\/clinicadentalgaudi.com\/wp-content\/uploads\/2017\/06\/240_F_66427354_PRyC9mq9zRV7s8lSOHYFQzSk0wdTcSwr.jpg\" class=\"attachment-orion_square size-orion_square\" alt=\"Ofrecemos tratamientos de Medicina Oral\" \/>\t\t\t<div class=\"overlay\"><\/div>\r\n\t\t\t\t<\/div>\r\n\t\t\r\n\t\t\t\t\t<\/div>\r\n\t\t\t\r\n\t\r\n\t<div class=\"absolute\">\r\n\t\t<div class=\"hover-desc table-wrap\">\r\n\t\t\t<div class=\"cell-wrap\">\r\n\t\t\t\t<h4 class=\"text-light\"><\/h4>\r\n\t\t\t<\/div>\r\n\t\t<\/div>\r\n\t<\/div>\t\t\t\t\t\r\n<\/div>\r\n\r\n<\/div><\/div><\/div><\/div><\/div><\/div><div id=\"pg-6304-1\"  class=\"panel-grid panel-has-style\" ><div class=\"divider-no-animation tablet-default mobile-1-in-row desktop-default panel-row-style panel-row-style-for-6304-1\" ><div id=\"pgc-6304-1-0\"  class=\"panel-grid-cell\" ><div id=\"panel-6304-1-0-0\" class=\"so-panel widget widget_orion_heading_w panel-first-child\" data-index=\"4\" ><div class=\"orion default panel-widget-style panel-widget-style-for-6304-1-0-0\" ><div\n\t\t\t\n\t\t\tclass=\"so-widget-orion_heading_w so-widget-orion_heading_w-base\"\n\t\t\t\n\t\t> \r\n\t\t\t<div class=\"row orion-heading\" style=\"margin-bottom:0px;\">\r\n\t\t<div class=\"col-md-12  separator-style-1 text-left style-h5 style-text-default\">\r\n\t\t\t<h5 class=\"text-default\">\r\n\t\t\t\tMalalties generals afecten les dents i genives.\t\t\t<\/h5>\r\n\t\t<\/div>\r\n\t<\/div>\r\n\r\n\t<\/div><\/div><\/div><div id=\"panel-6304-1-0-1\" class=\"so-panel widget widget_orion_icon_text_w\" data-index=\"5\" ><div class=\"orion default panel-widget-style panel-widget-style-for-6304-1-0-1\" ><div\n\t\t\t\n\t\t\tclass=\"so-widget-orion_icon_text_w so-widget-orion_icon_text_w-base\"\n\t\t\t\n\t\t>\r\n<div class=\"row icon-box-items-wrap grid short\">\r\n \r\n\t\r\n\t\t\r\n\t\t\r\n\t\t\t\t\r\n\t\t\r\n\t\t<div class=\"icon-box-wrap clearfix col-lg-12 col-sm-12 no_desc vertical-center text-left text-dark\" style=\"margin-bottom:4px;\">\t\t\r\n\r\n\t\t\t<h4 class=\"item-title h6\">Candidiasi<\/h4>\t\t\t\t\t\t\t<div class=\"icon-wrap absolute text-left simple\">\r\n\t\t\t\t\t<span class=\"sow-icon-fontawesome sow-fas\" data-sow-icon=\"&#xf105;\"\n\t\tstyle=\"color: #007081\" \n\t\taria-hidden=\"true\"><\/span>\t\t\t\t\t\t\t\t\t<\/div>\r\n\t\t\t\r\n\t\t\t\t\t\t\r\n\r\n\t\t\t\r\n\t\t<\/div>\r\n\t\r\n\t\t\r\n\t\t\r\n\t\t\t\t\r\n\t\t\r\n\t\t<div class=\"icon-box-wrap clearfix col-lg-12 col-sm-12 no_desc vertical-center text-left text-dark\" style=\"margin-bottom:4px;\">\t\t\r\n\r\n\t\t\t<h4 class=\"item-title h6\">Malaltia autoinmune<\/h4>\t\t\t\t\t\t\t<div class=\"icon-wrap absolute text-left simple\">\r\n\t\t\t\t\t<span class=\"sow-icon-fontawesome sow-fas\" data-sow-icon=\"&#xf105;\"\n\t\tstyle=\"color: #007081\" \n\t\taria-hidden=\"true\"><\/span>\t\t\t\t\t\t\t\t\t<\/div>\r\n\t\t\t\r\n\t\t\t\t\t\t\r\n\r\n\t\t\t\r\n\t\t<\/div>\r\n\t\r\n\t\t\r\n\t\t\r\n\t\t\t\t\r\n\t\t\r\n\t\t<div class=\"icon-box-wrap clearfix col-lg-12 col-sm-12 no_desc vertical-center text-left text-dark\" style=\"margin-bottom:4px;\">\t\t\r\n\r\n\t\t\t<h4 class=\"item-title h6\">Lesi\u00f3 maligna<\/h4>\t\t\t\t\t\t\t<div class=\"icon-wrap absolute text-left simple\">\r\n\t\t\t\t\t<span class=\"sow-icon-fontawesome sow-fas\" data-sow-icon=\"&#xf105;\"\n\t\tstyle=\"color: #007081\" \n\t\taria-hidden=\"true\"><\/span>\t\t\t\t\t\t\t\t\t<\/div>\r\n\t\t\t\r\n\t\t\t\t\t\t\r\n\r\n\t\t\t\r\n\t\t<\/div>\r\n\t\r\n\t\t\r\n\t\t\r\n\t\t\t\t\r\n\t\t\r\n\t\t<div class=\"icon-box-wrap clearfix col-lg-12 col-sm-12 no_desc vertical-center text-left text-dark\" style=\"margin-bottom:4px;\">\t\t\r\n\r\n\t\t\t<h4 class=\"item-title h6\">Mucositis por radioter\u00e0pia <\/h4>\t\t\t\t\t\t\t<div class=\"icon-wrap absolute text-left simple\">\r\n\t\t\t\t\t<span class=\"sow-icon-fontawesome sow-fas\" data-sow-icon=\"&#xf105;\"\n\t\tstyle=\"color: #007081\" \n\t\taria-hidden=\"true\"><\/span>\t\t\t\t\t\t\t\t\t<\/div>\r\n\t\t\t\r\n\t\t\t\t\t\t\r\n\r\n\t\t\t\r\n\t\t<\/div>\r\n\t\r\n\t\t\r\n\t\t\r\n\t\t\t\t\r\n\t\t\r\n\t\t<div class=\"icon-box-wrap clearfix col-lg-12 col-sm-12 no_desc vertical-center text-left text-dark\" style=\"margin-bottom:4px;\">\t\t\r\n\r\n\t\t\t<h4 class=\"item-title h6\">Papiloma v\u00edric<\/h4>\t\t\t\t\t\t\t<div class=\"icon-wrap absolute text-left simple\">\r\n\t\t\t\t\t<span class=\"sow-icon-fontawesome sow-fas\" data-sow-icon=\"&#xf105;\"\n\t\tstyle=\"color: #007081\" \n\t\taria-hidden=\"true\"><\/span>\t\t\t\t\t\t\t\t\t<\/div>\r\n\t\t\t\r\n\t\t\t\t\t\t\r\n\r\n\t\t\t\r\n\t\t<\/div>\r\n\t\r\n<\/div><\/div><\/div><\/div><div id=\"panel-6304-1-0-2\" class=\"so-panel widget widget_orion_empty_space_w\" data-index=\"6\" ><div class=\"orion default panel-widget-style panel-widget-style-for-6304-1-0-2\" ><div\n\t\t\t\n\t\t\tclass=\"so-widget-orion_empty_space_w so-widget-orion_empty_space_w-base\"\n\t\t\t\n\t\t>\t<div class=\"row empty-space visible-lg visible-md visible-sm visible-xs\" style=\"height:24px;\">\r\n\t<\/div><\/div><\/div><\/div><div id=\"panel-6304-1-0-3\" class=\"so-panel widget widget_orion_button_w\" data-index=\"7\" ><div class=\"orion default panel-widget-style panel-widget-style-for-6304-1-0-3\" ><div\n\t\t\t\n\t\t\tclass=\"so-widget-orion_button_w so-widget-orion_button_w-base\"\n\t\t\t\n\t\t>\r\n\t\t\t<a class=\"btn btn-c1 btn-round btn-wire btn-xs float-left\"  href=\"https:\/\/clinicadentalgaudi.com\/ca\/casos-reals-medicina-oral\/\"\r\n\t\t\t   \t\t>\r\n\t\t\tVeure casos reals\t\t\r\n\t\t<\/a>\r\n\t\r\n<\/div><\/div><\/div><div id=\"panel-6304-1-0-4\" class=\"so-panel widget widget_orion_button_w panel-last-child\" data-index=\"8\" ><div class=\"orion default panel-widget-style panel-widget-style-for-6304-1-0-4\" ><div\n\t\t\t\n\t\t\tclass=\"so-widget-orion_button_w so-widget-orion_button_w-base\"\n\t\t\t\n\t\t>\t<div class=\"wrapper block\" style=\"text-align:center\">\r\n\r\n\t\t\t<a class=\"btn btn-c1 btn-round icon-right btn-flat btn-md\"  href=\"https:\/\/clinicadentalgaudi.com\/ca\/contacte\/\"\r\n\t\t\t   \t\t>\r\n\t\t\tDemana la teva cita<span class=\"sow-icon-fontawesome sow-far\" data-sow-icon=\"&#xf133;\"\n\t\tstyle=\"\" \n\t\taria-hidden=\"true\"><\/span>\t\t\r\n\t\t<\/a>\r\n\t\r\n<\/div>\r\n<\/div><\/div><\/div><\/div><\/div><\/div><\/div>","protected":false},"excerpt":{"rendered":"<p>Proper oral hygiene does not only prevent caries and periodontal disease but also affects our overall health.<\/p>\n","protected":false},"author":2,"featured_media":0,"parent":0,"menu_order":0,"comment_status":"closed","ping_status":"closed","template":"","meta":{"_monsterinsights_skip_tracking":false,"_monsterinsights_sitenote_active":false,"_monsterinsights_sitenote_note":"","_monsterinsights_sitenote_category":0,"footnotes":""},"class_list":["post-6304","page","type-page","status-publish","hentry"],"_links":{"self":[{"href":"https:\/\/clinicadentalgaudi.com\/ca\/wp-json\/wp\/v2\/pages\/6304","targetHints":{"allow":["GET"]}}],"collection":[{"href":"https:\/\/clinicadentalgaudi.com\/ca\/wp-json\/wp\/v2\/pages"}],"about":[{"href":"https:\/\/clinicadentalgaudi.com\/ca\/wp-json\/wp\/v2\/types\/page"}],"author":[{"embeddable":true,"href":"https:\/\/clinicadentalgaudi.com\/ca\/wp-json\/wp\/v2\/users\/2"}],"replies":[{"embeddable":true,"href":"https:\/\/clinicadentalgaudi.com\/ca\/wp-json\/wp\/v2\/comments?post=6304"}],"version-history":[{"count":0,"href":"https:\/\/clinicadentalgaudi.com\/ca\/wp-json\/wp\/v2\/pages\/6304\/revisions"}],"wp:attachment":[{"href":"https:\/\/clinicadentalgaudi.com\/ca\/wp-json\/wp\/v2\/media?parent=6304"}],"curies":[{"name":"wp","href":"https:\/\/api.w.org\/{rel}","templated":true}]}}