{"id":6307,"date":"2017-06-21T08:59:18","date_gmt":"2017-06-21T08:59:18","guid":{"rendered":"https:\/\/clinicadentalgaudi.com\/endodoncia\/"},"modified":"2023-01-25T13:36:50","modified_gmt":"2023-01-25T13:36:50","slug":"endodoncia","status":"publish","type":"page","link":"https:\/\/clinicadentalgaudi.com\/ca\/endodoncia\/","title":{"rendered":"Endod\u00f2ncia"},"content":{"rendered":"<div id=\"pl-6307\"  class=\"panel-layout\" ><div id=\"pg-6307-0\"  class=\"panel-grid panel-has-style\" ><div class=\"vertical_down orion-parallax siteorigin-panels-stretch orion-separator bottom-svg-3 bottom-svg-inside divider-no-animation tablet-1-in-row mobile-1-in-row desktop-default overlay-c2-c1 panel-row-style panel-row-style-for-6307-0\" data-stretch-type=\"full\" ><div id=\"pgc-6307-0-0\"  class=\"panel-grid-cell\" ><div id=\"panel-6307-0-0-0\" class=\"so-panel widget widget_orion_heading_w panel-first-child panel-last-child\" data-index=\"0\" ><div class=\"orion mobile-text-center default panel-widget-style panel-widget-style-for-6307-0-0-0\" ><div\n\t\t\t\n\t\t\tclass=\"so-widget-orion_heading_w so-widget-orion_heading_w-base\"\n\t\t\t\n\t\t> \r\n\t\t\t<div class=\"row orion-heading\" style=\"margin-bottom:0px;\">\r\n\t\t<div class=\"col-md-12   text-center style-h1 style-text-light\">\r\n\t\t\t<h1 class=\"text-light\">\r\n\t\t\t\t<strong>Torna a somriure amb nosaltres!<\/strong>\t\t\t<\/h1>\r\n\t\t<\/div>\r\n\t<\/div>\r\n\r\n\t<\/div><\/div><\/div><\/div><\/div><\/div><div id=\"pg-6307-1\"  class=\"panel-grid panel-has-style\" ><div class=\"siteorigin-panels-stretch divider-no-animation tablet-default mobile-1-in-row desktop-default panel-row-style panel-row-style-for-6307-1\" data-stretch-type=\"full\" ><div id=\"pgc-6307-1-0\"  class=\"panel-grid-cell\" ><div id=\"panel-6307-1-0-0\" class=\"so-panel widget widget_orion_empty_space_w panel-first-child\" data-index=\"1\" ><div class=\"orion default panel-widget-style panel-widget-style-for-6307-1-0-0\" ><div\n\t\t\t\n\t\t\tclass=\"so-widget-orion_empty_space_w so-widget-orion_empty_space_w-base\"\n\t\t\t\n\t\t>\t<div class=\"row empty-space visible-sm visible-xs\" style=\"height:40px;\">\r\n\t<\/div><\/div><\/div><\/div><div id=\"panel-6307-1-0-1\" class=\"so-panel widget widget_orion_heading_w\" data-index=\"2\" ><div class=\"orion default panel-widget-style panel-widget-style-for-6307-1-0-1\" ><div\n\t\t\t\n\t\t\tclass=\"so-widget-orion_heading_w so-widget-orion_heading_w-base\"\n\t\t\t\n\t\t> \r\n\t\t\t<div class=\"row orion-heading\" style=\"margin-bottom:0px;\">\r\n\t\t<div class=\"col-md-12  separator-style-1 text-left style-h2 style-primary-color\">\r\n\t\t\t<h2 class=\"primary-color text-uppercase\">\r\n\t\t\t\t<strong>Endod\u00f2ncia a Terrassa<\/strong>\t\t\t<\/h2>\r\n\t\t<\/div>\r\n\t<\/div>\r\n\r\n\t<\/div><\/div><\/div><div id=\"panel-6307-1-0-2\" class=\"so-panel widget widget_sow-editor\" data-index=\"3\" ><div class=\"orion default panel-widget-style panel-widget-style-for-6307-1-0-2\" ><div\n\t\t\t\n\t\t\tclass=\"so-widget-sow-editor so-widget-sow-editor-base\"\n\t\t\t\n\t\t>\n<div class=\"siteorigin-widget-tinymce textwidget\">\n\t<p style=\"text-align: justify;\">A la nostra <strong><a href=\"https:\/\/clinicadentalgaudi.com\/ca\/\">cl\u00ednica dental a Terrassa<\/a>\u00a0<\/strong> realitzem tractaments d'endod\u00f2ncia, gr\u00e0cies als quals evitem l'extracci\u00f3 d'una dent quan la c\u00e0ries \u00e9s profunda i afecta els teixits m\u00e9s interns.<\/p>\n<p style=\"text-align: justify;\">Quan apareix dolor dental pot ser degut a que estigui afectat internament. Aix\u00f2 vol dir que inicialment tenia una <strong>c\u00e0ries<\/strong> que no va ser tractada a temps, de manera que aquesta va arribar fins a la polpa dental.<\/p>\n<p style=\"text-align: justify;\">Les <strong>causes m\u00e9s freq\u00fcents<\/strong> per les quals s'acostuma a realitzar aquest tipus de tractament es deuen a la <strong>infecci\u00f3 i inflamaci\u00f3<\/strong> de la polpa, l'exist\u00e8ncia de <strong>c\u00e0ries profundes<\/strong>, fractures dentals o possibles <strong>lesions<\/strong> i traumatismes, com podria ser un cop fort a l'arrel dental.<\/p>\n<p style=\"text-align: justify;\">Si els conductes radiculars estan completament contaminats, s'allibera un major nombre de bacteris i toxines cap a l'interior de l'os maxil\u00b7lar, cosa que pot provocar f\u00edstules, quists o fins i tot flegmons.<\/p>\n<\/div>\n<\/div><\/div><\/div><div id=\"panel-6307-1-0-3\" class=\"so-panel widget widget_orion_empty_space_w panel-last-child\" data-index=\"4\" ><div class=\"orion default panel-widget-style panel-widget-style-for-6307-1-0-3\" ><div\n\t\t\t\n\t\t\tclass=\"so-widget-orion_empty_space_w so-widget-orion_empty_space_w-base\"\n\t\t\t\n\t\t>\t<div class=\"row empty-space visible-sm visible-xs\" style=\"height:40px;\">\r\n\t<\/div><\/div><\/div><\/div><\/div><\/div><\/div><div id=\"pg-6307-2\"  class=\"panel-grid panel-has-style\" ><div class=\"fixed-bg siteorigin-panels-stretch orion-separator bottom-svg-1 bottom-svg-inside divider-no-animation tablet-default mobile-1-in-row desktop-default overlay-c1-t panel-row-style panel-row-style-for-6307-2\" data-stretch-type=\"full\" data-svg-bottom-color=\"#f8f8f8\" ><div id=\"pgc-6307-2-0\"  class=\"panel-grid-cell\" ><div class=\"panel-cell-style panel-cell-style-for-6307-2-0\" ><div id=\"panel-6307-2-0-0\" class=\"so-panel widget widget_orion_image_w panel-first-child\" data-index=\"5\" ><div class=\"orion default panel-widget-style panel-widget-style-for-6307-2-0-0\" ><div\n\t\t\t\n\t\t\tclass=\"so-widget-orion_image_w so-widget-orion_image_w-base\"\n\t\t\t\n\t\t>\r\n<div class=\"image-w relative\">\r\n\r\n\t\t\t\t\t\t\t<div class=\"orion_carousel overlay-none overlay-hover-none\">\r\n\t\t\r\n\t\t\t\t\t<img loading=\"lazy\" decoding=\"async\" width=\"750\" height=\"404\" src=\"https:\/\/clinicadentalgaudi.com\/wp-content\/uploads\/2017\/06\/Destacado_Endodoncia_2-750x404.png\" class=\"attachment-orion_carousel size-orion_carousel\" alt=\"\" \/>\t\t\t<div class=\"overlay\"><\/div>\r\n\t\t\r\n\t\t\t\t\t<\/div>\r\n\t\t\t\r\n\t\r\n\t<div class=\"absolute\">\r\n\t\t<div class=\"hover-desc table-wrap\">\r\n\t\t\t<div class=\"cell-wrap\">\r\n\t\t\t\t<h4 class=\"text-light\"><\/h4>\r\n\t\t\t<\/div>\r\n\t\t<\/div>\r\n\t<\/div>\t\t\t\t\t\r\n<\/div>\r\n\r\n<\/div><\/div><\/div><div id=\"panel-6307-2-0-1\" class=\"so-panel widget widget_orion_empty_space_w\" data-index=\"6\" ><div class=\"orion default panel-widget-style panel-widget-style-for-6307-2-0-1\" ><div\n\t\t\t\n\t\t\tclass=\"so-widget-orion_empty_space_w so-widget-orion_empty_space_w-base\"\n\t\t\t\n\t\t>\t<div class=\"row empty-space visible-sm visible-xs\" style=\"height:20px;\">\r\n\t<\/div><\/div><\/div><\/div><div id=\"panel-6307-2-0-2\" class=\"so-panel widget widget_orion_heading_w\" data-index=\"7\" ><div class=\"orion default panel-widget-style panel-widget-style-for-6307-2-0-2\" ><div\n\t\t\t\n\t\t\tclass=\"so-widget-orion_heading_w so-widget-orion_heading_w-base\"\n\t\t\t\n\t\t> \r\n\t\t\t<div class=\"row orion-heading\" style=\"margin-bottom:0px;\">\r\n\t\t<div class=\"col-md-12   text-left style-h1 style-text-light\">\r\n\t\t\t<h1 class=\"text-light\">\r\n\t\t\t\t<strong>En qu\u00e8 consisteix el tractament d'endod\u00f2ncia?<\/strong>\t\t\t<\/h1>\r\n\t\t<\/div>\r\n\t<\/div>\r\n\r\n\t<\/div><\/div><\/div><div id=\"panel-6307-2-0-3\" class=\"so-panel widget widget_orion_dividers_w\" data-index=\"8\" ><div class=\"orion default panel-widget-style panel-widget-style-for-6307-2-0-3\" ><div\n\t\t\t\n\t\t\tclass=\"so-widget-orion_dividers_w so-widget-orion_dividers_w-base\"\n\t\t\t\n\t\t>\t<hr style=\"border-top-width:3px; border-top-color:rgba(255,255,255,1); border-style: solid; width: 100%;  margin-top: 0;\"><\/div><\/div><\/div><div id=\"panel-6307-2-0-4\" class=\"so-panel widget widget_sow-editor panel-last-child\" data-index=\"9\" ><div class=\"orion text-light panel-widget-style panel-widget-style-for-6307-2-0-4\" ><div\n\t\t\t\n\t\t\tclass=\"so-widget-sow-editor so-widget-sow-editor-base\"\n\t\t\t\n\t\t>\n<div class=\"siteorigin-widget-tinymce textwidget\">\n\t<h6 style=\"text-align: justify;\">El <strong>tractament d'endod\u00f2ncia a Terrassa<\/strong> consisteix en l'extracci\u00f3 i el posterior segellat de la polpa de la dent.<\/h6>\n<p>&nbsp;<\/p>\n<\/div>\n<\/div><\/div><\/div><\/div><\/div><div id=\"pgc-6307-2-1\"  class=\"panel-grid-cell\" ><div class=\"panel-cell-style panel-cell-style-for-6307-2-1\" ><div id=\"panel-6307-2-1-0\" class=\"so-panel widget widget_orion_empty_space_w panel-first-child\" data-index=\"10\" ><div class=\"orion default panel-widget-style panel-widget-style-for-6307-2-1-0\" ><div\n\t\t\t\n\t\t\tclass=\"so-widget-orion_empty_space_w so-widget-orion_empty_space_w-base\"\n\t\t\t\n\t\t>\t<div class=\"row empty-space visible-lg visible-md visible-sm visible-xs\" style=\"height:30px;\">\r\n\t<\/div><\/div><\/div><\/div><div id=\"panel-6307-2-1-1\" class=\"so-panel widget widget_orion_icon_text_w\" data-index=\"11\" ><div class=\"orion custom default panel-widget-style panel-widget-style-for-6307-2-1-1\" ><div\n\t\t\t\n\t\t\tclass=\"so-widget-orion_icon_text_w so-widget-orion_icon_text_w-base\"\n\t\t\t\n\t\t>\r\n<div class=\"row icon-box-items-wrap grid short\">\r\n \r\n\t\r\n\t\t\r\n\t\t\r\n\t\t\t\t\r\n\t\t\r\n\t\t<div class=\"icon-box-wrap clearfix col-lg-12 col-sm-12 text-light\" style=\"margin-bottom:36px;\">\t\t\r\n\r\n\t\t\t<h4 class=\"item-title h6\">S'ANEST\u00c8SIA LA ZONA AFECTADA<\/h4>\t\t\t\t\t\t\t<div class=\"icon-wrap absolute square\">\r\n\t\t\t\t\t<span class=\"sow-icon-fontawesome sow-fas\" data-sow-icon=\"&#xf061;\"\n\t\tstyle=\"color: #ffffff; background-color: #4b7d96\" \n\t\taria-hidden=\"true\"><\/span>\t\t\t\t\t\t\t\t\t<\/div>\r\n\t\t\t\r\n\t\t\t\t\t\t\r\n\r\n\t\t\t\t\t\t<span class=\"description\"><p style=\"text-align: justify\">En primer lloc, s'anest\u00e8sia la zona afectada i es realitza un forat a la corona dental.<\/p><\/span>\r\n\t\t\t\r\n\t\t<\/div>\r\n\t\r\n\t\t\r\n\t\t\r\n\t\t\t\t\r\n\t\t\r\n\t\t<div class=\"icon-box-wrap clearfix col-lg-12 col-sm-12 text-light\" style=\"margin-bottom:36px;\">\t\t\r\n\r\n\t\t\t<h4 class=\"item-title h6\">S'EXTREU LA POLPA DEL DENT<\/h4>\t\t\t\t\t\t\t<div class=\"icon-wrap absolute square\">\r\n\t\t\t\t\t<span class=\"sow-icon-fontawesome sow-fas\" data-sow-icon=\"&#xf061;\"\n\t\tstyle=\"color: #ffffff; background-color: #4b7d96\" \n\t\taria-hidden=\"true\"><\/span>\t\t\t\t\t\t\t\t\t<\/div>\r\n\t\t\t\r\n\t\t\t\t\t\t\r\n\r\n\t\t\t\t\t\t<span class=\"description\"><p style=\"text-align: justify\">Posteriorment, s'extreu la polpa de la dent, ja que ha estat danyada i la c\u00e0ries existent \u00e9s tan profunda que un empastament deixa de ser una opci\u00f3.<\/p><\/span>\r\n\t\t\t\r\n\t\t<\/div>\r\n\t\r\n\t\t\r\n\t\t\r\n\t\t\t\t\r\n\t\t\r\n\t\t<div class=\"icon-box-wrap clearfix col-lg-12 col-sm-12 text-light\" style=\"margin-bottom:36px;\">\t\t\r\n\r\n\t\t\t<h4 class=\"item-title h6\">ES NETEJA EL CONDUCTE<\/h4>\t\t\t\t\t\t\t<div class=\"icon-wrap absolute square\">\r\n\t\t\t\t\t<span class=\"sow-icon-fontawesome sow-fas\" data-sow-icon=\"&#xf061;\"\n\t\tstyle=\"color: #ffffff; background-color: #4b7d96\" \n\t\taria-hidden=\"true\"><\/span>\t\t\t\t\t\t\t\t\t<\/div>\r\n\t\t\t\r\n\t\t\t\t\t\t\r\n\r\n\t\t\t\t\t\t<span class=\"description\"><p style=\"text-align: justify\">Finalment, es procedeix a la neteja del conducte, s'obtura i es segella amb materials espec\u00edfics. D'aquesta manera, la dent queda insensibilitzada i a\u00efllada de possibles mals o afeccions futures.<\/p><\/span>\r\n\t\t\t\r\n\t\t<\/div>\r\n\t\r\n\t\t\r\n\t\t\r\n\t\t\t\t\r\n\t\t\r\n\t\t<div class=\"icon-box-wrap clearfix col-lg-12 col-sm-12 text-light\" style=\"margin-bottom:36px;\">\t\t\r\n\r\n\t\t\t<h4 class=\"item-title h6\">SEMPRE REALITZAT PER UN ESPECIALISTA<\/h4>\t\t\t\t\t\t\t<div class=\"icon-wrap absolute square\">\r\n\t\t\t\t\t<span class=\"sow-icon-fontawesome sow-fas\" data-sow-icon=\"&#xf061;\"\n\t\tstyle=\"color: #ffffff; background-color: #4b7d96\" \n\t\taria-hidden=\"true\"><\/span>\t\t\t\t\t\t\t\t\t<\/div>\r\n\t\t\t\r\n\t\t\t\t\t\t\r\n\r\n\t\t\t\t\t\t<span class=\"description\"><p style=\"text-align: justify\">Per a la correcta realitzaci\u00f3 d'aquest tractament, a Cl\u00ednica Dental Gaud\u00ed disposem d'un especialista que utilitza les t\u00e8cniques m\u00e9s avan\u00e7ades.<\/p><\/span>\r\n\t\t\t\r\n\t\t<\/div>\r\n\t\r\n<\/div><\/div><\/div><\/div><div id=\"panel-6307-2-1-2\" class=\"so-panel widget widget_orion_empty_space_w panel-last-child\" data-index=\"12\" ><div class=\"orion custom default panel-widget-style panel-widget-style-for-6307-2-1-2\" ><div\n\t\t\t\n\t\t\tclass=\"so-widget-orion_empty_space_w so-widget-orion_empty_space_w-base\"\n\t\t\t\n\t\t>\t<div class=\"row empty-space visible-lg visible-md\" style=\"height:30px;\">\r\n\t<\/div><\/div><\/div><\/div><\/div><\/div><\/div><\/div><div id=\"pg-6307-3\"  class=\"panel-grid panel-has-style\" ><div class=\"siteorigin-panels-stretch divider-no-animation tablet-default mobile-1-in-row desktop-default panel-row-style panel-row-style-for-6307-3\" data-stretch-type=\"full\" ><div id=\"pgc-6307-3-0\"  class=\"panel-grid-cell\" ><div id=\"panel-6307-3-0-0\" class=\"so-panel widget widget_orion_empty_space_w panel-first-child\" data-index=\"13\" ><div class=\"orion default panel-widget-style panel-widget-style-for-6307-3-0-0\" ><div\n\t\t\t\n\t\t\tclass=\"so-widget-orion_empty_space_w so-widget-orion_empty_space_w-base\"\n\t\t\t\n\t\t>\t<div class=\"row empty-space visible-sm visible-xs\" style=\"height:40px;\">\r\n\t<\/div><\/div><\/div><\/div><div id=\"panel-6307-3-0-1\" class=\"so-panel widget widget_orion_heading_w\" data-index=\"14\" ><div class=\"orion default panel-widget-style panel-widget-style-for-6307-3-0-1\" ><div\n\t\t\t\n\t\t\tclass=\"so-widget-orion_heading_w so-widget-orion_heading_w-base\"\n\t\t\t\n\t\t> \r\n\t\t\t<div class=\"row orion-heading\" style=\"margin-bottom:0px;\">\r\n\t\t<div class=\"col-md-12  separator-style-1 text-center style-h3 style-primary-color\">\r\n\t\t\t<h3 class=\"primary-color text-uppercase\">\r\n\t\t\t\t<strong>Avantatges del tractament d'endod\u00f2ncia<\/strong>\t\t\t<\/h3>\r\n\t\t<\/div>\r\n\t<\/div>\r\n\r\n\t<\/div><\/div><\/div><div id=\"panel-6307-3-0-2\" class=\"so-panel widget widget_orion_empty_space_w panel-last-child\" data-index=\"15\" ><div class=\"orion default panel-widget-style panel-widget-style-for-6307-3-0-2\" ><div\n\t\t\t\n\t\t\tclass=\"so-widget-orion_empty_space_w so-widget-orion_empty_space_w-base\"\n\t\t\t\n\t\t>\t<div class=\"row empty-space visible-sm visible-xs\" style=\"height:25px;\">\r\n\t<\/div><\/div><\/div><\/div><\/div><\/div><\/div><div id=\"pg-6307-4\"  class=\"panel-grid panel-has-style\" ><div class=\"siteorigin-panels-stretch orion-separator bottom-svg-1 bottom-svg-outside divider-no-animation tablet-default mobile-1-in-row desktop-default panel-row-style panel-row-style-for-6307-4\" data-stretch-type=\"full\" data-svg-bottom-color=\"#f8f8f8\" ><div id=\"pgc-6307-4-0\"  class=\"panel-grid-cell panel-grid-cell-empty\" ><\/div><div id=\"pgc-6307-4-1\"  class=\"panel-grid-cell panel-grid-cell-mobile-last\" ><div id=\"panel-6307-4-1-0\" class=\"so-panel widget widget_orion_icon_text_w panel-first-child panel-last-child\" data-index=\"16\" ><div class=\"orion default panel-widget-style panel-widget-style-for-6307-4-1-0\" ><div\n\t\t\t\n\t\t\tclass=\"so-widget-orion_icon_text_w so-widget-orion_icon_text_w-base\"\n\t\t\t\n\t\t>\r\n<div class=\"row icon-box-items-wrap grid icon-top\">\r\n \r\n\t\r\n\t\t\r\n\t\t\r\n\t\t\t\t\r\n\t\t\r\n\t\t<div class=\"icon-box-wrap clearfix col-lg-12 col-sm-12 vertical-center text-center text-dark\" style=\"margin-bottom:36px;\">\t\t\r\n\r\n\t\t\t\t\t\t\t\t\t\t<div class=\"icon-wrap relative text-center simple\">\r\n\t\t\t\t\t<span class=\"sow-icon-dentalicons\" data-sow-icon=\"&#xe816;\"\n\t\tstyle=\"color: #4b7d96\" \n\t\taria-hidden=\"true\"><\/span>\t\t\t\t\t\t\t\t\t<\/div>\r\n\t\t\t\r\n\t\t\t\t\t\t\r\n\r\n\t\t\t\t\t\t<span class=\"description\"><p style=\"text-align: justify\">Avui dia, un <strong>tractament d'endod\u00f2ncia a Terrassa<\/strong> aconsegueix salvar dents que, de qualsevol altra manera, s'haguessin perdut. A m\u00e9s, com m\u00e9s r\u00e0pid es realitzi aquest procediment, s'evitaran infeccions i el pron\u00f2stic ser\u00e0 m\u00e9s favorable, evitant l'extracci\u00f3 de la dent de forma immediata.<\/p><\/span>\r\n\t\t\t\r\n\t\t<\/div>\r\n\t\r\n<\/div><\/div><\/div><\/div><\/div><div id=\"pgc-6307-4-2\"  class=\"panel-grid-cell panel-grid-cell-empty\" ><\/div><\/div><\/div><div id=\"pg-6307-5\"  class=\"panel-grid panel-has-style\" ><div class=\"siteorigin-panels-stretch divider-no-animation tablet-default mobile-1-in-row desktop-default panel-row-style panel-row-style-for-6307-5\" data-stretch-type=\"full-stretched\" ><div id=\"pgc-6307-5-0\"  class=\"panel-grid-cell\" ><div id=\"panel-6307-5-0-0\" class=\"so-panel widget widget_orion_empty_space_w panel-first-child panel-last-child\" data-index=\"17\" ><div class=\"orion default panel-widget-style panel-widget-style-for-6307-5-0-0\" ><div\n\t\t\t\n\t\t\tclass=\"so-widget-orion_empty_space_w so-widget-orion_empty_space_w-base\"\n\t\t\t\n\t\t>\t<div class=\"row empty-space visible-lg visible-md visible-sm visible-xs\" style=\"height:60px;\">\r\n\t<\/div><\/div><\/div><\/div><\/div><\/div><\/div><div id=\"pg-6307-6\"  class=\"panel-grid panel-has-style\" ><div class=\"fixed-bg siteorigin-panels-stretch orion-separator top-svg-2 top-svg-inside divider-no-animation tablet-default mobile-1-in-row desktop-default overlay-c2-c1 panel-row-style panel-row-style-for-6307-6\" data-stretch-type=\"full-stretched\" data-svg-top-color=\"#f8f8f8\" ><div id=\"pgc-6307-6-0\"  class=\"panel-grid-cell\" ><div class=\"panel-cell-style panel-cell-style-for-6307-6-0\" ><div id=\"panel-6307-6-0-0\" class=\"so-panel widget widget_orion_icon_text_w panel-first-child\" data-index=\"18\" ><div class=\"orion default panel-widget-style panel-widget-style-for-6307-6-0-0\" ><div\n\t\t\t\n\t\t\tclass=\"so-widget-orion_icon_text_w so-widget-orion_icon_text_w-base\"\n\t\t\t\n\t\t>\r\n<div class=\"row icon-box-items-wrap grid icon-top\">\r\n \r\n\t\r\n\t\t\r\n\t\t\r\n\t\t\t\t\r\n\t\t\r\n\t\t<div class=\"icon-box-wrap clearfix col-lg-12 col-sm-12 no_desc vertical-center text-center text-light\" style=\"margin-bottom:0px;\">\t\t\r\n\r\n\t\t\t\t\t\t\t\t\t\t<div class=\"icon-wrap relative text-center simple\">\r\n\t\t\t\t\t<span class=\"sow-icon-dentalicons2\" data-sow-icon=\"&#xe908;\"\n\t\tstyle=\"color: #fff\" \n\t\taria-hidden=\"true\"><\/span>\t\t\t\t\t\t\t\t\t<\/div>\r\n\t\t\t\r\n\t\t\t\t\t\t\r\n\r\n\t\t\t\r\n\t\t<\/div>\r\n\t\r\n<\/div><\/div><\/div><\/div><div id=\"panel-6307-6-0-1\" class=\"so-panel widget widget_orion_heading_w\" data-index=\"19\" ><div class=\"orion default panel-widget-style panel-widget-style-for-6307-6-0-1\" ><div\n\t\t\t\n\t\t\tclass=\"so-widget-orion_heading_w so-widget-orion_heading_w-base\"\n\t\t\t\n\t\t> \r\n\t\t\t<div class=\"row orion-heading\" style=\"margin-bottom:0px;\">\r\n\t\t<div class=\"col-md-12  separator-style-1 text-center style-h3 style-text-light\">\r\n\t\t\t<h3 class=\"text-light text-uppercase\">\r\n\t\t\t\t<strong>Vine a visitar-nos!<\/strong>\t\t\t<\/h3>\r\n\t\t<\/div>\r\n\t<\/div>\r\n\r\n\t<\/div><\/div><\/div><div id=\"panel-6307-6-0-2\" class=\"so-panel widget widget_sow-editor\" data-index=\"20\" ><div class=\"orion text-light panel-widget-style panel-widget-style-for-6307-6-0-2\" ><div\n\t\t\t\n\t\t\tclass=\"so-widget-sow-editor so-widget-sow-editor-base\"\n\t\t\t\n\t\t>\n<div class=\"siteorigin-widget-tinymce textwidget\">\n\t<h6 style=\"text-align: center;\">Si tens algun dolor dental acudeix r\u00e0pidament a cl\u00ednica dental<br \/>\nGaud\u00ed a Terrassa i et tractarem amb urg\u00e8ncia.<\/h6>\n<\/div>\n<\/div><\/div><\/div><div id=\"panel-6307-6-0-3\" class=\"so-panel widget widget_orion_empty_space_w\" data-index=\"21\" ><div class=\"orion default panel-widget-style panel-widget-style-for-6307-6-0-3\" ><div\n\t\t\t\n\t\t\tclass=\"so-widget-orion_empty_space_w so-widget-orion_empty_space_w-base\"\n\t\t\t\n\t\t>\t<div class=\"row empty-space visible-lg visible-md visible-sm visible-xs\" style=\"height:24px;\">\r\n\t<\/div><\/div><\/div><\/div><div id=\"panel-6307-6-0-4\" class=\"so-panel widget widget_orion_empty_space_w\" data-index=\"22\" ><div class=\"orion default panel-widget-style panel-widget-style-for-6307-6-0-4\" ><div\n\t\t\t\n\t\t\tclass=\"so-widget-orion_empty_space_w so-widget-orion_empty_space_w-base\"\n\t\t\t\n\t\t>\t<div class=\"row empty-space visible-lg visible-md\" style=\"height:10px;\">\r\n\t<\/div><\/div><\/div><\/div><div id=\"panel-6307-6-0-5\" class=\"so-panel widget widget_orion_button_w panel-last-child\" data-index=\"23\" ><div class=\"orion default panel-widget-style panel-widget-style-for-6307-6-0-5\" ><div\n\t\t\t\n\t\t\tclass=\"so-widget-orion_button_w so-widget-orion_button_w-base\"\n\t\t\t\n\t\t>\t<div class=\"wrapper block\" style=\"text-align:center\">\r\n\r\n\t\t\t<a class=\"btn btn-white icon-left btn-wire btn-lg\"  href=\"https:\/\/clinicadentalgaudi.com\/ca\/contacte\/\"\r\n\t\t\t   \t\t>\r\n\t\t\t<span class=\"sow-icon-genericons\" data-sow-icon=\"&#xf308;\"\n\t\tstyle=\"\" \n\t\taria-hidden=\"true\"><\/span>Demana la teva cita!\t\t\r\n\t\t<\/a>\r\n\t\r\n<\/div>\r\n<\/div><\/div><\/div><\/div><\/div><\/div><\/div><\/div>","protected":false},"excerpt":{"rendered":"<p>A la nostra cl\u00ednica dental a Terrassa\u00a0 realitzem tractaments d&#8217;endod\u00f2ncia, gr\u00e0cies als quals evitem l&#8217;extracci\u00f3 d&#8217;una dent quan la c\u00e0ries \u00e9s profunda i afecta els teixits m\u00e9s interns. Quan apareix dolor dental pot ser degut a que estigui afectat internament. Aix\u00f2 vol dir que inicialment tenia una c\u00e0ries que no va ser tractada a temps,<\/p>\n","protected":false},"author":2,"featured_media":0,"parent":0,"menu_order":0,"comment_status":"closed","ping_status":"closed","template":"","meta":{"_monsterinsights_skip_tracking":false,"_monsterinsights_sitenote_active":false,"_monsterinsights_sitenote_note":"","_monsterinsights_sitenote_category":0,"footnotes":""},"class_list":["post-6307","page","type-page","status-publish","hentry"],"_links":{"self":[{"href":"https:\/\/clinicadentalgaudi.com\/ca\/wp-json\/wp\/v2\/pages\/6307","targetHints":{"allow":["GET"]}}],"collection":[{"href":"https:\/\/clinicadentalgaudi.com\/ca\/wp-json\/wp\/v2\/pages"}],"about":[{"href":"https:\/\/clinicadentalgaudi.com\/ca\/wp-json\/wp\/v2\/types\/page"}],"author":[{"embeddable":true,"href":"https:\/\/clinicadentalgaudi.com\/ca\/wp-json\/wp\/v2\/users\/2"}],"replies":[{"embeddable":true,"href":"https:\/\/clinicadentalgaudi.com\/ca\/wp-json\/wp\/v2\/comments?post=6307"}],"version-history":[{"count":2,"href":"https:\/\/clinicadentalgaudi.com\/ca\/wp-json\/wp\/v2\/pages\/6307\/revisions"}],"predecessor-version":[{"id":12776,"href":"https:\/\/clinicadentalgaudi.com\/ca\/wp-json\/wp\/v2\/pages\/6307\/revisions\/12776"}],"wp:attachment":[{"href":"https:\/\/clinicadentalgaudi.com\/ca\/wp-json\/wp\/v2\/media?parent=6307"}],"curies":[{"name":"wp","href":"https:\/\/api.w.org\/{rel}","templated":true}]}}