{"id":6310,"date":"2017-06-23T11:22:11","date_gmt":"2017-06-23T11:22:11","guid":{"rendered":"https:\/\/clinicadentalgaudi.com\/protectores-bucales\/"},"modified":"2017-12-12T17:23:46","modified_gmt":"2017-12-12T17:23:46","slug":"protectors-bucals","status":"publish","type":"page","link":"https:\/\/clinicadentalgaudi.com\/ca\/protectors-bucals\/","title":{"rendered":"Protectors bucals"},"content":{"rendered":"<div id=\"pl-6310\"  class=\"panel-layout\" ><div id=\"pg-6310-0\"  class=\"panel-grid panel-has-style\" ><div class=\"siteorigin-panels-stretch divider-no-animation tablet-default mobile-1-in-row desktop-default panel-row-style panel-row-style-for-6310-0\" data-stretch-type=\"full\" ><div id=\"pgc-6310-0-0\"  class=\"panel-grid-cell\" ><div id=\"panel-6310-0-0-0\" class=\"so-panel widget widget_orion_empty_space_w panel-first-child panel-last-child\" data-index=\"0\" ><div class=\"orion default panel-widget-style panel-widget-style-for-6310-0-0-0\" ><div\n\t\t\t\n\t\t\tclass=\"so-widget-orion_empty_space_w so-widget-orion_empty_space_w-base\"\n\t\t\t\n\t\t>\t<div class=\"row empty-space visible-lg visible-md visible-sm visible-xs\" style=\"height:88px;\">\r\n\t<\/div><\/div><\/div><\/div><\/div><\/div><\/div><div id=\"pg-6310-1\"  class=\"panel-grid panel-has-style\" ><div class=\"siteorigin-panels-stretch divider-no-animation tablet-default mobile-1-in-row desktop-default panel-row-style panel-row-style-for-6310-1\" data-stretch-type=\"full\" ><div id=\"pgc-6310-1-0\"  class=\"panel-grid-cell\" ><div id=\"panel-6310-1-0-0\" class=\"so-panel widget widget_orion_heading_w panel-first-child\" data-index=\"1\" ><div class=\"orion default panel-widget-style panel-widget-style-for-6310-1-0-0\" ><div\n\t\t\t\n\t\t\tclass=\"so-widget-orion_heading_w so-widget-orion_heading_w-base\"\n\t\t\t\n\t\t> \r\n\t\t\t<div class=\"row orion-heading\" style=\"margin-bottom:0px;\">\r\n\t\t<div class=\"col-md-12  separator-style-1 text-left style-h6 style-primary-color\">\r\n\t\t\t<h6 class=\"primary-color\">\r\n\t\t\t\tPROTECTORS BUCALS\t\t\t<\/h6>\r\n\t\t<\/div>\r\n\t<\/div>\r\n\r\n\t<\/div><\/div><\/div><div id=\"panel-6310-1-0-1\" class=\"so-panel widget widget_sow-editor panel-last-child\" data-index=\"2\" ><div class=\"orion mobile-text-center tablets-text-center default panel-widget-style panel-widget-style-for-6310-1-0-1\" ><div\n\t\t\t\n\t\t\tclass=\"so-widget-sow-editor so-widget-sow-editor-base\"\n\t\t\t\n\t\t>\n<div class=\"siteorigin-widget-tinymce textwidget\">\n\t<p><b>Practica esports de risc o de contacte protegint les dents d'impactes i cops, mitjan\u00e7ant un aparell personalitzat fet a mida, com fan els professionals.<\/b><\/p>\n<p>&nbsp;<\/p>\n<\/div>\n<\/div><\/div><\/div><\/div><div id=\"pgc-6310-1-1\"  class=\"panel-grid-cell\" ><div id=\"panel-6310-1-1-0\" class=\"so-panel widget widget_orion_image_w panel-first-child panel-last-child\" data-index=\"3\" ><div class=\"orion mobile-text-center default panel-widget-style panel-widget-style-for-6310-1-1-0\" ><div\n\t\t\t\n\t\t\tclass=\"so-widget-orion_image_w so-widget-orion_image_w-base\"\n\t\t\t\n\t\t>\r\n<div class=\"image-w relative\">\r\n\r\n\t\t\t\t\t\t\t<div class=\" overlay-none overlay-hover-none\">\r\n\t\t\r\n\t\t\t\t\t<img loading=\"lazy\" decoding=\"async\" width=\"1134\" height=\"465\" src=\"https:\/\/clinicadentalgaudi.com\/wp-content\/uploads\/2017\/06\/2-3.jpg\" class=\"attachment- size-\" alt=\"protectores bucales\" \/>\t\t\t<div class=\"overlay\"><\/div>\r\n\t\t\r\n\t\t\t\t\t<\/div>\r\n\t\t\t\r\n\t\r\n\t<div class=\"absolute\">\r\n\t\t<div class=\"hover-desc table-wrap\">\r\n\t\t\t<div class=\"cell-wrap\">\r\n\t\t\t\t<h4 class=\"text-light\"><\/h4>\r\n\t\t\t<\/div>\r\n\t\t<\/div>\r\n\t<\/div>\t\t\t\t\t\r\n<\/div>\r\n\r\n<\/div><\/div><\/div><\/div><\/div><\/div><div id=\"pg-6310-2\"  class=\"panel-grid panel-has-style\" ><div class=\"siteorigin-panels-stretch divider-no-animation tablet-default mobile-1-in-row desktop-default panel-row-style panel-row-style-for-6310-2\" data-stretch-type=\"full\" ><div id=\"pgc-6310-2-0\"  class=\"panel-grid-cell\" ><div id=\"panel-6310-2-0-0\" class=\"so-panel widget widget_orion_empty_space_w panel-first-child\" data-index=\"4\" ><div class=\"orion default panel-widget-style panel-widget-style-for-6310-2-0-0\" ><div\n\t\t\t\n\t\t\tclass=\"so-widget-orion_empty_space_w so-widget-orion_empty_space_w-base\"\n\t\t\t\n\t\t>\t<div class=\"row empty-space visible-lg visible-md visible-sm visible-xs\" style=\"height:88px;\">\r\n\t<\/div><\/div><\/div><\/div><div id=\"panel-6310-2-0-1\" class=\"so-panel widget widget_sow-editor\" data-index=\"5\" ><div class=\"orion mobile-text-center tablets-text-center default panel-widget-style panel-widget-style-for-6310-2-0-1\" ><div\n\t\t\t\n\t\t\tclass=\"so-widget-sow-editor so-widget-sow-editor-base\"\n\t\t\t\n\t\t>\n<div class=\"siteorigin-widget-tinymce textwidget\">\n\t<h2><b>Quins avantatges t\u00e9?<\/b><\/h2>\n<\/div>\n<\/div><\/div><\/div><div id=\"panel-6310-2-0-2\" class=\"so-panel widget widget_orion_icon_text_w\" data-index=\"6\" ><div class=\"orion default panel-widget-style panel-widget-style-for-6310-2-0-2\" ><div\n\t\t\t\n\t\t\tclass=\"so-widget-orion_icon_text_w so-widget-orion_icon_text_w-base\"\n\t\t\t\n\t\t>\r\n<div class=\"row icon-box-items-wrap grid short\">\r\n \r\n\t\r\n\t\t\r\n\t\t\r\n\t\t\t\t\r\n\t\t\r\n\t\t<div class=\"icon-box-wrap clearfix col-lg-12 col-sm-12 vertical-center\" style=\"margin-bottom:36px;\">\t\t\r\n\r\n\t\t\t\t\t\t\t\t\t\t<div class=\"icon-wrap absolute square\">\r\n\t\t\t\t\t<span class=\"sow-icon-fontawesome sow-fas\" data-sow-icon=\"&#xf00c;\"\n\t\tstyle=\"color: #fff; background-color: #4b99a0\" \n\t\taria-hidden=\"true\"><\/span>\t\t\t\t\t\t\t\t\t<\/div>\r\n\t\t\t\r\n\t\t\t\t\t\t\r\n\r\n\t\t\t\t\t\t<span class=\"description\"><strong>\u00c9s la millor inversi\u00f3 per evitar doloroses fractures de dents i mand\u00edbula, protegint tamb\u00e9 llengua i genives.<\/strong><\/span>\r\n\t\t\t\r\n\t\t<\/div>\r\n\t\r\n\t\t\r\n\t\t\r\n\t\t\t\t\r\n\t\t\r\n\t\t<div class=\"icon-box-wrap clearfix col-lg-12 col-sm-12 vertical-center\" style=\"margin-bottom:36px;\">\t\t\r\n\r\n\t\t\t\t\t\t\t\t\t\t<div class=\"icon-wrap absolute square\">\r\n\t\t\t\t\t<span class=\"sow-icon-fontawesome sow-fas\" data-sow-icon=\"&#xf00c;\"\n\t\tstyle=\"color: #fff; background-color: #4b99a0\" \n\t\taria-hidden=\"true\"><\/span>\t\t\t\t\t\t\t\t\t<\/div>\r\n\t\t\t\r\n\t\t\t\t\t\t\r\n\r\n\t\t\t\t\t\t<span class=\"description\">Nom\u00e9s imaginant les possibles conseq\u00fc\u00e8ncies d'un traumatisme aix\u00ed, estar\u00e0s segur que prevenir \u00e9s millor i m\u00e9s barat que curar. <\/span>\r\n\t\t\t\r\n\t\t<\/div>\r\n\t\r\n\t\t\r\n\t\t\r\n\t\t\t\t\r\n\t\t\r\n\t\t<div class=\"icon-box-wrap clearfix col-lg-12 col-sm-12 vertical-center\" style=\"margin-bottom:36px;\">\t\t\r\n\r\n\t\t\t\t\t\t\t\t\t\t<div class=\"icon-wrap absolute square\">\r\n\t\t\t\t\t<span class=\"sow-icon-fontawesome sow-fas\" data-sow-icon=\"&#xf00c;\"\n\t\tstyle=\"color: #fff; background-color: #4b99a0\" \n\t\taria-hidden=\"true\"><\/span>\t\t\t\t\t\t\t\t\t<\/div>\r\n\t\t\t\r\n\t\t\t\t\t\t\r\n\r\n\t\t\t\t\t\t<span class=\"description\">Com sempre, recorda que <strong> la seva efic\u00e0cia real dep\u00e8n del fet que estigui fet a mida <\/strong>i controlat per l'especialista.<\/span>\r\n\t\t\t\r\n\t\t<\/div>\r\n\t\r\n<\/div><\/div><\/div><\/div><div id=\"panel-6310-2-0-3\" class=\"so-panel widget widget_orion_empty_space_w\" data-index=\"7\" ><div class=\"orion default panel-widget-style panel-widget-style-for-6310-2-0-3\" ><div\n\t\t\t\n\t\t\tclass=\"so-widget-orion_empty_space_w so-widget-orion_empty_space_w-base\"\n\t\t\t\n\t\t>\t<div class=\"row empty-space visible-lg visible-md visible-sm visible-xs\" style=\"height:59px;\">\r\n\t<\/div><\/div><\/div><\/div><div id=\"panel-6310-2-0-4\" class=\"so-panel widget widget_orion_button_w panel-last-child\" data-index=\"8\" ><div class=\"orion default panel-widget-style panel-widget-style-for-6310-2-0-4\" ><div\n\t\t\t\n\t\t\tclass=\"so-widget-orion_button_w so-widget-orion_button_w-base\"\n\t\t\t\n\t\t>\t<div class=\"wrapper block\" style=\"text-align:center\">\r\n\r\n\t\t\t<a class=\"btn btn-c1 btn-round icon-right btn-flat btn-md\"  href=\"https:\/\/clinicadentalgaudi.com\/ca\/contacte\/\"\r\n\t\t\t   \t\t>\r\n\t\t\tDemana la teva cita<span class=\"sow-icon-fontawesome sow-far\" data-sow-icon=\"&#xf133;\"\n\t\tstyle=\"\" \n\t\taria-hidden=\"true\"><\/span>\t\t\r\n\t\t<\/a>\r\n\t\r\n<\/div>\r\n<\/div><\/div><\/div><\/div><\/div><\/div><\/div>","protected":false},"excerpt":{"rendered":"<p>Practica deportes de riesgo o de contacto protegiendo tus dientes de impactos y golpes mediante un aparato personalizado.<\/p>\n","protected":false},"author":2,"featured_media":0,"parent":0,"menu_order":0,"comment_status":"closed","ping_status":"closed","template":"","meta":{"_monsterinsights_skip_tracking":false,"_monsterinsights_sitenote_active":false,"_monsterinsights_sitenote_note":"","_monsterinsights_sitenote_category":0,"footnotes":""},"class_list":["post-6310","page","type-page","status-publish","hentry"],"_links":{"self":[{"href":"https:\/\/clinicadentalgaudi.com\/ca\/wp-json\/wp\/v2\/pages\/6310","targetHints":{"allow":["GET"]}}],"collection":[{"href":"https:\/\/clinicadentalgaudi.com\/ca\/wp-json\/wp\/v2\/pages"}],"about":[{"href":"https:\/\/clinicadentalgaudi.com\/ca\/wp-json\/wp\/v2\/types\/page"}],"author":[{"embeddable":true,"href":"https:\/\/clinicadentalgaudi.com\/ca\/wp-json\/wp\/v2\/users\/2"}],"replies":[{"embeddable":true,"href":"https:\/\/clinicadentalgaudi.com\/ca\/wp-json\/wp\/v2\/comments?post=6310"}],"version-history":[{"count":0,"href":"https:\/\/clinicadentalgaudi.com\/ca\/wp-json\/wp\/v2\/pages\/6310\/revisions"}],"wp:attachment":[{"href":"https:\/\/clinicadentalgaudi.com\/ca\/wp-json\/wp\/v2\/media?parent=6310"}],"curies":[{"name":"wp","href":"https:\/\/api.w.org\/{rel}","templated":true}]}}