{"id":6316,"date":"2017-06-23T11:25:28","date_gmt":"2017-06-23T11:25:28","guid":{"rendered":"https:\/\/clinicadentalgaudi.com\/odontologia-holistica\/"},"modified":"2023-01-25T16:22:25","modified_gmt":"2023-01-25T16:22:25","slug":"odontologia-holistica","status":"publish","type":"page","link":"https:\/\/clinicadentalgaudi.com\/ca\/odontologia-holistica\/","title":{"rendered":"Odontologia Hol\u00edstica"},"content":{"rendered":"<div id=\"pl-6316\"  class=\"panel-layout\" ><div id=\"pg-6316-0\"  class=\"panel-grid panel-has-style\" ><div class=\"vertical_down orion-parallax siteorigin-panels-stretch orion-separator bottom-svg-3 bottom-svg-inside divider-no-animation tablet-1-in-row mobile-1-in-row desktop-default overlay-c2-c1 panel-row-style panel-row-style-for-6316-0\" data-stretch-type=\"full\" ><div id=\"pgc-6316-0-0\"  class=\"panel-grid-cell\" ><div id=\"panel-6316-0-0-0\" class=\"so-panel widget widget_orion_heading_w panel-first-child panel-last-child\" data-index=\"0\" ><div class=\"orion mobile-text-center default panel-widget-style panel-widget-style-for-6316-0-0-0\" ><div\n\t\t\t\n\t\t\tclass=\"so-widget-orion_heading_w so-widget-orion_heading_w-base\"\n\t\t\t\n\t\t> \r\n\t\t\t<div class=\"row orion-heading\" style=\"margin-bottom:0px;\">\r\n\t\t<div class=\"col-md-12   text-center style-h1 style-text-light\">\r\n\t\t\t<h1 class=\"text-light\">\r\n\t\t\t\t<strong>La cura de la teva salut oral com mai ho havies vist<\/strong>\t\t\t<\/h1>\r\n\t\t<\/div>\r\n\t<\/div>\r\n\r\n\t<\/div><\/div><\/div><\/div><\/div><\/div><div id=\"pg-6316-1\"  class=\"panel-grid panel-has-style\" ><div class=\"siteorigin-panels-stretch divider-no-animation tablet-default mobile-1-in-row desktop-default panel-row-style panel-row-style-for-6316-1\" data-stretch-type=\"full\" ><div id=\"pgc-6316-1-0\"  class=\"panel-grid-cell\" ><div id=\"panel-6316-1-0-0\" class=\"so-panel widget widget_orion_empty_space_w panel-first-child\" data-index=\"1\" ><div class=\"orion default panel-widget-style panel-widget-style-for-6316-1-0-0\" ><div\n\t\t\t\n\t\t\tclass=\"so-widget-orion_empty_space_w so-widget-orion_empty_space_w-base\"\n\t\t\t\n\t\t>\t<div class=\"row empty-space visible-sm visible-xs\" style=\"height:40px;\">\r\n\t<\/div><\/div><\/div><\/div><div id=\"panel-6316-1-0-1\" class=\"so-panel widget widget_orion_heading_w\" data-index=\"2\" ><div class=\"orion default panel-widget-style panel-widget-style-for-6316-1-0-1\" ><div\n\t\t\t\n\t\t\tclass=\"so-widget-orion_heading_w so-widget-orion_heading_w-base\"\n\t\t\t\n\t\t> \r\n\t\t\t<div class=\"row orion-heading\" style=\"margin-bottom:0px;\">\r\n\t\t<div class=\"col-md-12  separator-style-1 text-left style-h2 style-primary-color\">\r\n\t\t\t<h2 class=\"primary-color text-uppercase\">\r\n\t\t\t\t<strong>Odontologia Hol\u00edstica a Terrassa<\/strong>\t\t\t<\/h2>\r\n\t\t<\/div>\r\n\t<\/div>\r\n\r\n\t<\/div><\/div><\/div><div id=\"panel-6316-1-0-2\" class=\"so-panel widget widget_sow-editor\" data-index=\"3\" ><div class=\"orion default panel-widget-style panel-widget-style-for-6316-1-0-2\" ><div\n\t\t\t\n\t\t\tclass=\"so-widget-sow-editor so-widget-sow-editor-base\"\n\t\t\t\n\t\t>\n<div class=\"siteorigin-widget-tinymce textwidget\">\n\t<p style=\"text-align: justify;\">L'Odontologia Hol\u00edstica \u00e9s una manera d'entendre l'odontologia per la qual s'at\u00e9n al pacient des d'una <strong>perspectiva global<\/strong>, observant la seva salut oral com un reflex de la totalitat de l'individu, tant de la seva salut general com del seu estat psicol\u00f2gic, les seves emocions o la seva personalitat, entre d'altres aspectes.<\/p>\n<p style=\"text-align: justify;\">L'Odontologia Hol\u00edstica estudia la <strong>relaci\u00f3 entre la salut bucodental i la de la resta del cos<\/strong> i viceversa. Per exemple, molts problemes orals tenen conseq\u00fc\u00e8ncies en la salut general de l'organisme, i les malalties en altres parts del cos tenen els seus s\u00edmptomes en la cavitat bucal.<\/p>\n<p style=\"text-align: justify;\">Si t'interessa aquest tipus d'Odontologia, no tens m\u00e9s que demanar cita a <strong>Cl\u00ednica Dental Gaud\u00ed<\/strong>. T'hi esperem!.<\/p>\n<\/div>\n<\/div><\/div><\/div><div id=\"panel-6316-1-0-3\" class=\"so-panel widget widget_orion_empty_space_w panel-last-child\" data-index=\"4\" ><div class=\"orion default panel-widget-style panel-widget-style-for-6316-1-0-3\" ><div\n\t\t\t\n\t\t\tclass=\"so-widget-orion_empty_space_w so-widget-orion_empty_space_w-base\"\n\t\t\t\n\t\t>\t<div class=\"row empty-space visible-sm visible-xs\" style=\"height:40px;\">\r\n\t<\/div><\/div><\/div><\/div><\/div><\/div><\/div><div id=\"pg-6316-2\"  class=\"panel-grid panel-has-style\" ><div class=\"fixed-bg siteorigin-panels-stretch orion-separator bottom-svg-1 bottom-svg-inside divider-no-animation tablet-default mobile-1-in-row desktop-default overlay-c1-t panel-row-style panel-row-style-for-6316-2\" data-stretch-type=\"full\" data-svg-bottom-color=\"#f8f8f8\" ><div id=\"pgc-6316-2-0\"  class=\"panel-grid-cell\" ><div class=\"panel-cell-style panel-cell-style-for-6316-2-0\" ><div id=\"panel-6316-2-0-0\" class=\"so-panel widget widget_orion_empty_space_w panel-first-child\" data-index=\"5\" ><div class=\"orion default panel-widget-style panel-widget-style-for-6316-2-0-0\" ><div\n\t\t\t\n\t\t\tclass=\"so-widget-orion_empty_space_w so-widget-orion_empty_space_w-base\"\n\t\t\t\n\t\t>\t<div class=\"row empty-space visible-lg visible-md\" style=\"height:10px;\">\r\n\t<\/div><\/div><\/div><\/div><div id=\"panel-6316-2-0-1\" class=\"so-panel widget widget_orion_image_w\" data-index=\"6\" ><div class=\"orion default shadow-1 panel-widget-style panel-widget-style-for-6316-2-0-1\" ><div\n\t\t\t\n\t\t\tclass=\"so-widget-orion_image_w so-widget-orion_image_w-base\"\n\t\t\t\n\t\t>\r\n<div class=\"image-w relative\">\r\n\r\n\t\t\t\t\t\t\t<div class=\"orion_carousel overlay-none overlay-hover-greyscale\">\r\n\t\t\r\n\t\t\t\t\t<img loading=\"lazy\" decoding=\"async\" width=\"640\" height=\"407\" src=\"https:\/\/clinicadentalgaudi.com\/wp-content\/uploads\/2017\/06\/Destacado_Odontologia-holistica.jpg\" class=\"attachment-orion_carousel size-orion_carousel\" alt=\"\" \/>\t\t\t<div class=\"overlay\"><\/div>\r\n\t\t\r\n\t\t\t\t\t<\/div>\r\n\t\t\t\r\n\t\r\n\t<div class=\"absolute\">\r\n\t\t<div class=\"hover-desc table-wrap\">\r\n\t\t\t<div class=\"cell-wrap\">\r\n\t\t\t\t<h4 class=\"text-light\"><\/h4>\r\n\t\t\t<\/div>\r\n\t\t<\/div>\r\n\t<\/div>\t\t\t\t\t\r\n<\/div>\r\n\r\n<\/div><\/div><\/div><div id=\"panel-6316-2-0-2\" class=\"so-panel widget widget_orion_empty_space_w\" data-index=\"7\" ><div class=\"orion default panel-widget-style panel-widget-style-for-6316-2-0-2\" ><div\n\t\t\t\n\t\t\tclass=\"so-widget-orion_empty_space_w so-widget-orion_empty_space_w-base\"\n\t\t\t\n\t\t>\t<div class=\"row empty-space visible-sm visible-xs\" style=\"height:20px;\">\r\n\t<\/div><\/div><\/div><\/div><div id=\"panel-6316-2-0-3\" class=\"so-panel widget widget_orion_heading_w\" data-index=\"8\" ><div class=\"orion default panel-widget-style panel-widget-style-for-6316-2-0-3\" ><div\n\t\t\t\n\t\t\tclass=\"so-widget-orion_heading_w so-widget-orion_heading_w-base\"\n\t\t\t\n\t\t> \r\n\t\t\t<div class=\"row orion-heading\" style=\"margin-bottom:0px;\">\r\n\t\t<div class=\"col-md-12   text-left style-h1 style-text-light\">\r\n\t\t\t<h1 class=\"text-light\">\r\n\t\t\t\t<strong>Quina relaci\u00f3 hi ha entre la salut oral i la resta de l'organisme?<\/strong>\t\t\t<\/h1>\r\n\t\t<\/div>\r\n\t<\/div>\r\n\r\n\t<\/div><\/div><\/div><div id=\"panel-6316-2-0-4\" class=\"so-panel widget widget_orion_dividers_w\" data-index=\"9\" ><div class=\"orion default panel-widget-style panel-widget-style-for-6316-2-0-4\" ><div\n\t\t\t\n\t\t\tclass=\"so-widget-orion_dividers_w so-widget-orion_dividers_w-base\"\n\t\t\t\n\t\t>\t<hr style=\"border-top-width:3px; border-top-color:rgba(255,255,255,1); border-style: solid; width: 100%;  margin-top: 0;\"><\/div><\/div><\/div><div id=\"panel-6316-2-0-5\" class=\"so-panel widget widget_sow-editor\" data-index=\"10\" ><div class=\"orion text-light panel-widget-style panel-widget-style-for-6316-2-0-5\" ><div\n\t\t\t\n\t\t\tclass=\"so-widget-sow-editor so-widget-sow-editor-base\"\n\t\t\t\n\t\t>\n<div class=\"siteorigin-widget-tinymce textwidget\">\n\t<h6 style=\"text-align: justify;\">Aquestes s\u00f3n algunes malalties que estan estretament relacionades amb la salut oral:<\/h6>\n<\/div>\n<\/div><\/div><\/div><div id=\"panel-6316-2-0-6\" class=\"so-panel widget widget_orion_empty_space_w panel-last-child\" data-index=\"11\" ><div class=\"orion default panel-widget-style panel-widget-style-for-6316-2-0-6\" ><div\n\t\t\t\n\t\t\tclass=\"so-widget-orion_empty_space_w so-widget-orion_empty_space_w-base\"\n\t\t\t\n\t\t>\t<div class=\"row empty-space visible-lg visible-md\" style=\"height:55px;\">\r\n\t<\/div><\/div><\/div><\/div><\/div><\/div><div id=\"pgc-6316-2-1\"  class=\"panel-grid-cell\" ><div class=\"panel-cell-style panel-cell-style-for-6316-2-1\" ><div id=\"panel-6316-2-1-0\" class=\"so-panel widget widget_orion_empty_space_w panel-first-child\" data-index=\"12\" ><div class=\"orion default panel-widget-style panel-widget-style-for-6316-2-1-0\" ><div\n\t\t\t\n\t\t\tclass=\"so-widget-orion_empty_space_w so-widget-orion_empty_space_w-base\"\n\t\t\t\n\t\t>\t<div class=\"row empty-space visible-lg visible-md\" style=\"height:40px;\">\r\n\t<\/div><\/div><\/div><\/div><div id=\"panel-6316-2-1-1\" class=\"so-panel widget widget_orion_empty_space_w\" data-index=\"13\" ><div class=\"orion default panel-widget-style panel-widget-style-for-6316-2-1-1\" ><div\n\t\t\t\n\t\t\tclass=\"so-widget-orion_empty_space_w so-widget-orion_empty_space_w-base\"\n\t\t\t\n\t\t>\t<div class=\"row empty-space visible-lg visible-md visible-sm visible-xs\" style=\"height:30px;\">\r\n\t<\/div><\/div><\/div><\/div><div id=\"panel-6316-2-1-2\" class=\"so-panel widget widget_orion_icon_text_w\" data-index=\"14\" ><div class=\"orion custom default panel-widget-style panel-widget-style-for-6316-2-1-2\" ><div\n\t\t\t\n\t\t\tclass=\"so-widget-orion_icon_text_w so-widget-orion_icon_text_w-base\"\n\t\t\t\n\t\t>\r\n<div class=\"row icon-box-items-wrap grid short\">\r\n \r\n\t\r\n\t\t\r\n\t\t\r\n\t\t\t\t\r\n\t\t\r\n\t\t<div class=\"icon-box-wrap clearfix col-lg-12 col-sm-12 text-light\" style=\"margin-bottom:36px;\">\t\t\r\n\r\n\t\t\t<h4 class=\"item-title h6\">MALALTIES CARD\u00cdAQUES<\/h4>\t\t\t\t\t\t\t<div class=\"icon-wrap absolute square\">\r\n\t\t\t\t\t<span class=\"sow-icon-fontawesome sow-fas\" data-sow-icon=\"&#xf061;\"\n\t\tstyle=\"color: #ffffff; background-color: #4b7d96\" \n\t\taria-hidden=\"true\"><\/span>\t\t\t\t\t\t\t\t\t<\/div>\r\n\t\t\t\r\n\t\t\t\t\t\t\r\n\r\n\t\t\t\t\t\t<span class=\"description\"><p style=\"text-align: justify\">Una mala salut en les genives incrementa el risc de patir malalties cardiovasculars.<\/p><\/span>\r\n\t\t\t\r\n\t\t<\/div>\r\n\t\r\n\t\t\r\n\t\t\r\n\t\t\t\t\r\n\t\t\r\n\t\t<div class=\"icon-box-wrap clearfix col-lg-12 col-sm-12 text-light\" style=\"margin-bottom:36px;\">\t\t\r\n\r\n\t\t\t<h4 class=\"item-title h6\">ANSIETAT<\/h4>\t\t\t\t\t\t\t<div class=\"icon-wrap absolute square\">\r\n\t\t\t\t\t<span class=\"sow-icon-fontawesome sow-fas\" data-sow-icon=\"&#xf061;\"\n\t\tstyle=\"color: #ffffff; background-color: #4b7d96\" \n\t\taria-hidden=\"true\"><\/span>\t\t\t\t\t\t\t\t\t<\/div>\r\n\t\t\t\r\n\t\t\t\t\t\t\r\n\r\n\t\t\t\t\t\t<span class=\"description\"><p style=\"text-align: justify\">Aquesta patologia pot produir bruxisme i el cos baixa les seves defenses davant les infeccions.<\/p><\/span>\r\n\t\t\t\r\n\t\t<\/div>\r\n\t\r\n\t\t\r\n\t\t\r\n\t\t\t\t\r\n\t\t\r\n\t\t<div class=\"icon-box-wrap clearfix col-lg-12 col-sm-12 text-light\" style=\"margin-bottom:36px;\">\t\t\r\n\r\n\t\t\t<h4 class=\"item-title h6\">DIABETIS<\/h4>\t\t\t\t\t\t\t<div class=\"icon-wrap absolute square\">\r\n\t\t\t\t\t<span class=\"sow-icon-fontawesome sow-fas\" data-sow-icon=\"&#xf061;\"\n\t\tstyle=\"color: #ffffff; background-color: #4b7d96\" \n\t\taria-hidden=\"true\"><\/span>\t\t\t\t\t\t\t\t\t<\/div>\r\n\t\t\t\r\n\t\t\t\t\t\t\r\n\r\n\t\t\t\t\t\t<span class=\"description\"><p style=\"text-align: justify\">Els diab\u00e8tics tenen una probabilitat m\u00e9s gran de patir la malaltia periodontal.<\/p><\/span>\r\n\t\t\t\r\n\t\t<\/div>\r\n\t\r\n\t\t\r\n\t\t\r\n\t\t\t\t\r\n\t\t\r\n\t\t<div class=\"icon-box-wrap clearfix col-lg-12 col-sm-12 text-light\" style=\"margin-bottom:36px;\">\t\t\r\n\r\n\t\t\t<h4 class=\"item-title h6\">MALALTIES RENALS<\/h4>\t\t\t\t\t\t\t<div class=\"icon-wrap absolute square\">\r\n\t\t\t\t\t<span class=\"sow-icon-fontawesome sow-fas\" data-sow-icon=\"&#xf061;\"\n\t\tstyle=\"color: #ffffff; background-color: #4b7d96\" \n\t\taria-hidden=\"true\"><\/span>\t\t\t\t\t\t\t\t\t<\/div>\r\n\t\t\t\r\n\t\t\t\t\t\t\r\n\r\n\t\t\t\t\t\t<span class=\"description\"><p style=\"text-align: justify\">Poden provocar halitosi o sequedat bucal.<\/p><\/span>\r\n\t\t\t\r\n\t\t<\/div>\r\n\t\r\n<\/div><\/div><\/div><\/div><div id=\"panel-6316-2-1-3\" class=\"so-panel widget widget_orion_empty_space_w panel-last-child\" data-index=\"15\" ><div class=\"orion default panel-widget-style panel-widget-style-for-6316-2-1-3\" ><div\n\t\t\t\n\t\t\tclass=\"so-widget-orion_empty_space_w so-widget-orion_empty_space_w-base\"\n\t\t\t\n\t\t>\t<div class=\"row empty-space visible-lg visible-md visible-xs\" style=\"height:30px;\">\r\n\t<\/div><\/div><\/div><\/div><\/div><\/div><\/div><\/div><div id=\"pg-6316-3\"  class=\"panel-grid panel-has-style\" ><div class=\"siteorigin-panels-stretch divider-no-animation tablet-default mobile-1-in-row desktop-default panel-row-style panel-row-style-for-6316-3\" data-stretch-type=\"full\" ><div id=\"pgc-6316-3-0\"  class=\"panel-grid-cell\" ><div id=\"panel-6316-3-0-0\" class=\"so-panel widget widget_orion_empty_space_w panel-first-child\" data-index=\"16\" ><div class=\"orion default panel-widget-style panel-widget-style-for-6316-3-0-0\" ><div\n\t\t\t\n\t\t\tclass=\"so-widget-orion_empty_space_w so-widget-orion_empty_space_w-base\"\n\t\t\t\n\t\t>\t<div class=\"row empty-space visible-sm visible-xs\" style=\"height:40px;\">\r\n\t<\/div><\/div><\/div><\/div><div id=\"panel-6316-3-0-1\" class=\"so-panel widget widget_orion_heading_w\" data-index=\"17\" ><div class=\"orion default panel-widget-style panel-widget-style-for-6316-3-0-1\" ><div\n\t\t\t\n\t\t\tclass=\"so-widget-orion_heading_w so-widget-orion_heading_w-base\"\n\t\t\t\n\t\t> \r\n\t\t\t<div class=\"row orion-heading\" style=\"margin-bottom:0px;\">\r\n\t\t<div class=\"col-md-12  separator-style-1 text-center style-h3 style-primary-color\">\r\n\t\t\t<h3 class=\"primary-color text-uppercase\">\r\n\t\t\t\t<strong>Quins avantatges ofereix la Odontologia Hol\u00edstica?<\/strong>\t\t\t<\/h3>\r\n\t\t<\/div>\r\n\t<\/div>\r\n\r\n\t<\/div><\/div><\/div><div id=\"panel-6316-3-0-2\" class=\"so-panel widget widget_orion_empty_space_w panel-last-child\" data-index=\"18\" ><div class=\"orion default panel-widget-style panel-widget-style-for-6316-3-0-2\" ><div\n\t\t\t\n\t\t\tclass=\"so-widget-orion_empty_space_w so-widget-orion_empty_space_w-base\"\n\t\t\t\n\t\t>\t<div class=\"row empty-space visible-sm visible-xs\" style=\"height:25px;\">\r\n\t<\/div><\/div><\/div><\/div><\/div><\/div><\/div><div id=\"pg-6316-4\"  class=\"panel-grid panel-has-style\" ><div class=\"siteorigin-panels-stretch orion-separator bottom-svg-1 bottom-svg-outside divider-no-animation tablet-default mobile-1-in-row desktop-default panel-row-style panel-row-style-for-6316-4\" data-stretch-type=\"full\" data-svg-bottom-color=\"#f8f8f8\" ><div id=\"pgc-6316-4-0\"  class=\"panel-grid-cell panel-grid-cell-empty\" ><\/div><div id=\"pgc-6316-4-1\"  class=\"panel-grid-cell panel-grid-cell-mobile-last\" ><div id=\"panel-6316-4-1-0\" class=\"so-panel widget widget_orion_icon_text_w panel-first-child panel-last-child\" data-index=\"19\" ><div class=\"orion default panel-widget-style panel-widget-style-for-6316-4-1-0\" ><div\n\t\t\t\n\t\t\tclass=\"so-widget-orion_icon_text_w so-widget-orion_icon_text_w-base\"\n\t\t\t\n\t\t>\r\n<div class=\"row icon-box-items-wrap grid icon-top\">\r\n \r\n\t\r\n\t\t\r\n\t\t\r\n\t\t\t\t\r\n\t\t\r\n\t\t<div class=\"icon-box-wrap clearfix col-lg-12 col-sm-12 vertical-center text-center text-dark\" style=\"margin-bottom:36px;\">\t\t\r\n\r\n\t\t\t\t\t\t\t\t\t\t<div class=\"icon-wrap relative text-center simple\">\r\n\t\t\t\t\t<span class=\"sow-icon-dentalicons\" data-sow-icon=\"&#xe816;\"\n\t\tstyle=\"color: #4b7d96\" \n\t\taria-hidden=\"true\"><\/span>\t\t\t\t\t\t\t\t\t<\/div>\r\n\t\t\t\r\n\t\t\t\t\t\t\r\n\r\n\t\t\t\t\t\t<span class=\"description\"><p style=\"text-align: justify\">Una de les grans avantatges de la Odontologia Hol\u00edstica \u00e9s que disminueix l'\u00fas de metalls contaminants, utilitzant preferentment altres materials com zirconi, cer\u00e0mica o composites. A m\u00e9s, a trav\u00e9s de s\u00edmptomes en la cavitat oral es pot diagnosticar diferents patologies en la resta de l'organisme.<\/p><\/span>\r\n\t\t\t\r\n\t\t<\/div>\r\n\t\r\n<\/div><\/div><\/div><\/div><\/div><div id=\"pgc-6316-4-2\"  class=\"panel-grid-cell panel-grid-cell-empty\" ><\/div><\/div><\/div><div id=\"pg-6316-5\"  class=\"panel-grid panel-has-style\" ><div class=\"siteorigin-panels-stretch divider-no-animation tablet-default mobile-1-in-row desktop-default panel-row-style panel-row-style-for-6316-5\" data-stretch-type=\"full-stretched\" ><div id=\"pgc-6316-5-0\"  class=\"panel-grid-cell\" ><div id=\"panel-6316-5-0-0\" class=\"so-panel widget widget_orion_empty_space_w panel-first-child panel-last-child\" data-index=\"20\" ><div class=\"orion default panel-widget-style panel-widget-style-for-6316-5-0-0\" ><div\n\t\t\t\n\t\t\tclass=\"so-widget-orion_empty_space_w so-widget-orion_empty_space_w-base\"\n\t\t\t\n\t\t>\t<div class=\"row empty-space visible-lg visible-md visible-sm visible-xs\" style=\"height:60px;\">\r\n\t<\/div><\/div><\/div><\/div><\/div><\/div><\/div><div id=\"pg-6316-6\"  class=\"panel-grid panel-has-style\" ><div class=\"fixed-bg siteorigin-panels-stretch orion-separator top-svg-2 top-svg-inside divider-no-animation tablet-default mobile-1-in-row desktop-default overlay-c2-c1 panel-row-style panel-row-style-for-6316-6\" data-stretch-type=\"full-stretched\" data-svg-top-color=\"#f8f8f8\" ><div id=\"pgc-6316-6-0\"  class=\"panel-grid-cell\" ><div class=\"panel-cell-style panel-cell-style-for-6316-6-0\" ><div id=\"panel-6316-6-0-0\" class=\"so-panel widget widget_orion_icon_text_w panel-first-child\" data-index=\"21\" ><div class=\"orion default panel-widget-style panel-widget-style-for-6316-6-0-0\" ><div\n\t\t\t\n\t\t\tclass=\"so-widget-orion_icon_text_w so-widget-orion_icon_text_w-base\"\n\t\t\t\n\t\t>\r\n<div class=\"row icon-box-items-wrap grid icon-top\">\r\n \r\n\t\r\n\t\t\r\n\t\t\r\n\t\t\t\t\r\n\t\t\r\n\t\t<div class=\"icon-box-wrap clearfix col-lg-12 col-sm-12 no_desc vertical-center text-center text-light\" style=\"margin-bottom:0px;\">\t\t\r\n\r\n\t\t\t\t\t\t\t\t\t\t<div class=\"icon-wrap relative text-center simple\">\r\n\t\t\t\t\t<span class=\"sow-icon-dentalicons2\" data-sow-icon=\"&#xe908;\"\n\t\tstyle=\"color: #fff\" \n\t\taria-hidden=\"true\"><\/span>\t\t\t\t\t\t\t\t\t<\/div>\r\n\t\t\t\r\n\t\t\t\t\t\t\r\n\r\n\t\t\t\r\n\t\t<\/div>\r\n\t\r\n<\/div><\/div><\/div><\/div><div id=\"panel-6316-6-0-1\" class=\"so-panel widget widget_orion_heading_w\" data-index=\"22\" ><div class=\"orion default panel-widget-style panel-widget-style-for-6316-6-0-1\" ><div\n\t\t\t\n\t\t\tclass=\"so-widget-orion_heading_w so-widget-orion_heading_w-base\"\n\t\t\t\n\t\t> \r\n\t\t\t<div class=\"row orion-heading\" style=\"margin-bottom:0px;\">\r\n\t\t<div class=\"col-md-12  separator-style-1 text-center style-h3 style-text-light\">\r\n\t\t\t<h3 class=\"text-light text-uppercase\">\r\n\t\t\t\t<strong>Vine a visitar-nos!<\/strong>\t\t\t<\/h3>\r\n\t\t<\/div>\r\n\t<\/div>\r\n\r\n\t<\/div><\/div><\/div><div id=\"panel-6316-6-0-2\" class=\"so-panel widget widget_sow-editor\" data-index=\"23\" ><div class=\"orion text-light panel-widget-style panel-widget-style-for-6316-6-0-2\" ><div\n\t\t\t\n\t\t\tclass=\"so-widget-sow-editor so-widget-sow-editor-base\"\n\t\t\t\n\t\t>\n<div class=\"siteorigin-widget-tinymce textwidget\">\n\t<h6 style=\"text-align: center;\">Si vols provar l'Odontologia Hol\u00edstica, vine a visitar-nos a la nostra<br \/>\n<a href=\"https:\/\/clinicadentalgaudi.com\/ca\/\">cl\u00ednica dental a Terrassa<\/a>. Estarem encantats d'atendre't!.<\/h6>\n<\/div>\n<\/div><\/div><\/div><div id=\"panel-6316-6-0-3\" class=\"so-panel widget widget_orion_empty_space_w\" data-index=\"24\" ><div class=\"orion default panel-widget-style panel-widget-style-for-6316-6-0-3\" ><div\n\t\t\t\n\t\t\tclass=\"so-widget-orion_empty_space_w so-widget-orion_empty_space_w-base\"\n\t\t\t\n\t\t>\t<div class=\"row empty-space visible-lg visible-md visible-sm visible-xs\" style=\"height:24px;\">\r\n\t<\/div><\/div><\/div><\/div><div id=\"panel-6316-6-0-4\" class=\"so-panel widget widget_orion_empty_space_w\" data-index=\"25\" ><div class=\"orion default panel-widget-style panel-widget-style-for-6316-6-0-4\" ><div\n\t\t\t\n\t\t\tclass=\"so-widget-orion_empty_space_w so-widget-orion_empty_space_w-base\"\n\t\t\t\n\t\t>\t<div class=\"row empty-space visible-lg visible-md\" style=\"height:10px;\">\r\n\t<\/div><\/div><\/div><\/div><div id=\"panel-6316-6-0-5\" class=\"so-panel widget widget_orion_button_w panel-last-child\" data-index=\"26\" ><div class=\"orion default panel-widget-style panel-widget-style-for-6316-6-0-5\" ><div\n\t\t\t\n\t\t\tclass=\"so-widget-orion_button_w so-widget-orion_button_w-base\"\n\t\t\t\n\t\t>\t<div class=\"wrapper block\" style=\"text-align:center\">\r\n\r\n\t\t\t<a class=\"btn btn-white icon-left btn-wire btn-lg\"  href=\"https:\/\/clinicadentalgaudi.com\/ca\/contacte\/\"\r\n\t\t\t   \t\t>\r\n\t\t\t<span class=\"sow-icon-genericons\" data-sow-icon=\"&#xf308;\"\n\t\tstyle=\"\" \n\t\taria-hidden=\"true\"><\/span>Demana la teva cita!\t\t\r\n\t\t<\/a>\r\n\t\r\n<\/div>\r\n<\/div><\/div><\/div><\/div><\/div><\/div><\/div><\/div>","protected":false},"excerpt":{"rendered":"<p>Comprendemos aspectos de la terapia neural y estamos atentos a los problemas de intolerancias met\u00e1licas , qu\u00edmicas y energ\u00e9ticas.<\/p>\n","protected":false},"author":2,"featured_media":0,"parent":0,"menu_order":0,"comment_status":"closed","ping_status":"closed","template":"","meta":{"_monsterinsights_skip_tracking":false,"_monsterinsights_sitenote_active":false,"_monsterinsights_sitenote_note":"","_monsterinsights_sitenote_category":0,"footnotes":""},"class_list":["post-6316","page","type-page","status-publish","hentry"],"_links":{"self":[{"href":"https:\/\/clinicadentalgaudi.com\/ca\/wp-json\/wp\/v2\/pages\/6316","targetHints":{"allow":["GET"]}}],"collection":[{"href":"https:\/\/clinicadentalgaudi.com\/ca\/wp-json\/wp\/v2\/pages"}],"about":[{"href":"https:\/\/clinicadentalgaudi.com\/ca\/wp-json\/wp\/v2\/types\/page"}],"author":[{"embeddable":true,"href":"https:\/\/clinicadentalgaudi.com\/ca\/wp-json\/wp\/v2\/users\/2"}],"replies":[{"embeddable":true,"href":"https:\/\/clinicadentalgaudi.com\/ca\/wp-json\/wp\/v2\/comments?post=6316"}],"version-history":[{"count":2,"href":"https:\/\/clinicadentalgaudi.com\/ca\/wp-json\/wp\/v2\/pages\/6316\/revisions"}],"predecessor-version":[{"id":12806,"href":"https:\/\/clinicadentalgaudi.com\/ca\/wp-json\/wp\/v2\/pages\/6316\/revisions\/12806"}],"wp:attachment":[{"href":"https:\/\/clinicadentalgaudi.com\/ca\/wp-json\/wp\/v2\/media?parent=6316"}],"curies":[{"name":"wp","href":"https:\/\/api.w.org\/{rel}","templated":true}]}}