{"id":6339,"date":"2017-06-23T10:58:46","date_gmt":"2017-06-23T10:58:46","guid":{"rendered":"https:\/\/clinicadentalgaudi.com\/snap-on-smile\/"},"modified":"2023-01-25T15:55:39","modified_gmt":"2023-01-25T15:55:39","slug":"snap-on-smile","status":"publish","type":"page","link":"https:\/\/clinicadentalgaudi.com\/ca\/snap-on-smile\/","title":{"rendered":"Snap-OnSmile\u00ae"},"content":{"rendered":"<div id=\"pl-6339\"  class=\"panel-layout\" ><div id=\"pg-6339-0\"  class=\"panel-grid panel-has-style\" ><div class=\"vertical_down orion-parallax siteorigin-panels-stretch orion-separator bottom-svg-3 bottom-svg-inside divider-no-animation tablet-1-in-row mobile-1-in-row desktop-default overlay-c2-c1 panel-row-style panel-row-style-for-6339-0\" data-stretch-type=\"full\" ><div id=\"pgc-6339-0-0\"  class=\"panel-grid-cell\" ><div id=\"panel-6339-0-0-0\" class=\"so-panel widget widget_orion_heading_w panel-first-child panel-last-child\" data-index=\"0\" ><div class=\"orion mobile-text-center default panel-widget-style panel-widget-style-for-6339-0-0-0\" ><div\n\t\t\t\n\t\t\tclass=\"so-widget-orion_heading_w so-widget-orion_heading_w-base\"\n\t\t\t\n\t\t> \r\n\t\t\t<div class=\"row orion-heading\" style=\"margin-bottom:0px;\">\r\n\t\t<div class=\"col-md-12   text-center style-h1 style-text-light\">\r\n\t\t\t<h1 class=\"text-light\">\r\n\t\t\t\t<strong>Millorem la teva est\u00e8tica oral<\/strong>\t\t\t<\/h1>\r\n\t\t<\/div>\r\n\t<\/div>\r\n\r\n\t<\/div><\/div><\/div><\/div><\/div><\/div><div id=\"pg-6339-1\"  class=\"panel-grid panel-has-style\" ><div class=\"siteorigin-panels-stretch divider-no-animation tablet-default mobile-1-in-row desktop-default panel-row-style panel-row-style-for-6339-1\" data-stretch-type=\"full\" ><div id=\"pgc-6339-1-0\"  class=\"panel-grid-cell\" ><div id=\"panel-6339-1-0-0\" class=\"so-panel widget widget_orion_empty_space_w panel-first-child\" data-index=\"1\" ><div class=\"orion default panel-widget-style panel-widget-style-for-6339-1-0-0\" ><div\n\t\t\t\n\t\t\tclass=\"so-widget-orion_empty_space_w so-widget-orion_empty_space_w-base\"\n\t\t\t\n\t\t>\t<div class=\"row empty-space visible-sm visible-xs\" style=\"height:40px;\">\r\n\t<\/div><\/div><\/div><\/div><div id=\"panel-6339-1-0-1\" class=\"so-panel widget widget_orion_heading_w\" data-index=\"2\" ><div class=\"orion default panel-widget-style panel-widget-style-for-6339-1-0-1\" ><div\n\t\t\t\n\t\t\tclass=\"so-widget-orion_heading_w so-widget-orion_heading_w-base\"\n\t\t\t\n\t\t> \r\n\t\t\t<div class=\"row orion-heading\" style=\"margin-bottom:0px;\">\r\n\t\t<div class=\"col-md-12  separator-style-1 text-left style-h2 style-primary-color\">\r\n\t\t\t<h2 class=\"primary-color text-uppercase\">\r\n\t\t\t\t<strong>Snap-OnSmile\u00ae a Terrassa<\/strong>\t\t\t<\/h2>\r\n\t\t<\/div>\r\n\t<\/div>\r\n\r\n\t<\/div><\/div><\/div><div id=\"panel-6339-1-0-2\" class=\"so-panel widget widget_sow-editor\" data-index=\"3\" ><div class=\"orion default panel-widget-style panel-widget-style-for-6339-1-0-2\" ><div\n\t\t\t\n\t\t\tclass=\"so-widget-sow-editor so-widget-sow-editor-base\"\n\t\t\t\n\t\t>\n<div class=\"siteorigin-widget-tinymce textwidget\">\n\t<p style=\"text-align: justify;\">A <strong>Cl\u00ednica Dental Gaud\u00ed<\/strong> treballem amb el sistema Snap-OnSmile\u00ae, el primer tractament d'est\u00e8tica dental <strong>no invasiu, assequible i totalment reversible<\/strong>. A la cl\u00ednica, el nostre equip d'odont\u00f2legs t'ajudar\u00e0 a tornar a somriure sense cap complex.<\/p>\n<p>&nbsp;<\/p>\n<\/div>\n<\/div><\/div><\/div><div id=\"panel-6339-1-0-3\" class=\"so-panel widget widget_orion_empty_space_w panel-last-child\" data-index=\"4\" ><div class=\"orion default panel-widget-style panel-widget-style-for-6339-1-0-3\" ><div\n\t\t\t\n\t\t\tclass=\"so-widget-orion_empty_space_w so-widget-orion_empty_space_w-base\"\n\t\t\t\n\t\t>\t<div class=\"row empty-space visible-sm visible-xs\" style=\"height:40px;\">\r\n\t<\/div><\/div><\/div><\/div><\/div><\/div><\/div><div id=\"pg-6339-2\"  class=\"panel-grid panel-has-style\" ><div class=\"siteorigin-panels-stretch divider-no-animation tablet-default mobile-1-in-row desktop-default panel-row-style panel-row-style-for-6339-2\" data-stretch-type=\"full-stretched\" ><div id=\"pgc-6339-2-0\"  class=\"panel-grid-cell\" ><div class=\"overlay-dark panel-cell-style panel-cell-style-for-6339-2-0\" ><div id=\"panel-6339-2-0-0\" class=\"so-panel widget widget_orion_heading_w panel-first-child panel-last-child\" data-index=\"5\" ><div class=\"orion default panel-widget-style panel-widget-style-for-6339-2-0-0\" ><div\n\t\t\t\n\t\t\tclass=\"so-widget-orion_heading_w so-widget-orion_heading_w-base\"\n\t\t\t\n\t\t> \r\n\t\t\t<div class=\"row orion-heading\" style=\"margin-bottom:0px;\">\r\n\t\t<div class=\"col-md-12  separator-style-1 text-left style-h3 style-text-light\">\r\n\t\t\t<h3 class=\"text-light text-uppercase\">\r\n\t\t\t\t<strong>La t\u00e8cnica Snap-OnSmile\u00ae<\/strong>\t\t\t<\/h3>\r\n\t\t<\/div>\r\n\t<\/div>\r\n\r\n\t<\/div><\/div><\/div><\/div><\/div><div id=\"pgc-6339-2-1\"  class=\"panel-grid-cell\" ><div class=\"panel-cell-style panel-cell-style-for-6339-2-1\" ><div id=\"panel-6339-2-1-0\" class=\"so-panel widget widget_orion_empty_space_w panel-first-child\" data-index=\"6\" ><div class=\"orion default panel-widget-style panel-widget-style-for-6339-2-1-0\" ><div\n\t\t\t\n\t\t\tclass=\"so-widget-orion_empty_space_w so-widget-orion_empty_space_w-base\"\n\t\t\t\n\t\t>\t<div class=\"row empty-space visible-sm visible-xs\" style=\"height:24px;\">\r\n\t<\/div><\/div><\/div><\/div><div id=\"panel-6339-2-1-1\" class=\"so-panel widget widget_orion_empty_space_w\" data-index=\"7\" ><div class=\"orion default panel-widget-style panel-widget-style-for-6339-2-1-1\" ><div\n\t\t\t\n\t\t\tclass=\"so-widget-orion_empty_space_w so-widget-orion_empty_space_w-base\"\n\t\t\t\n\t\t>\t<div class=\"row empty-space visible-lg visible-md visible-sm visible-xs\" style=\"height:40px;\">\r\n\t<\/div><\/div><\/div><\/div><div id=\"panel-6339-2-1-2\" class=\"so-panel widget widget_orion_icon_text_w\" data-index=\"8\" ><div class=\"orion default panel-widget-style panel-widget-style-for-6339-2-1-2\" ><div\n\t\t\t\n\t\t\tclass=\"so-widget-orion_icon_text_w so-widget-orion_icon_text_w-base\"\n\t\t\t\n\t\t>\r\n<div class=\"row icon-box-items-wrap grid short\">\r\n \r\n\t\r\n\t\t\r\n\t\t\r\n\t\t\t\t\r\n\t\t\r\n\t\t<div class=\"icon-box-wrap clearfix col-lg-12 col-sm-12 text-dark\" style=\"margin-bottom:36px;\">\t\t\r\n\r\n\t\t\t<h4 class=\"item-title h6\">R\u00c0PIDA I F\u00c0CIL<\/h4>\t\t\t\t\t\t\t<div class=\"icon-wrap absolute simple\">\r\n\t\t\t\t\t<span class=\"sow-icon-fontawesome sow-fas\" data-sow-icon=\"&#xf061;\"\n\t\tstyle=\"color: #4b7d96\" \n\t\taria-hidden=\"true\"><\/span>\t\t\t\t\t\t\t\t\t<\/div>\r\n\t\t\t\r\n\t\t\t\t\t\t\r\n\r\n\t\t\t\t\t\t<span class=\"description\">Es va inventar amb l'objectiu principal d'aconseguir un somriure est\u00e8tic de forma r\u00e0pida i f\u00e0cil.<\/span>\r\n\t\t\t\r\n\t\t<\/div>\r\n\t\r\n\t\t\r\n\t\t\r\n\t\t\t\t\r\n\t\t\r\n\t\t<div class=\"icon-box-wrap clearfix col-lg-12 col-sm-12 text-dark\" style=\"margin-bottom:36px;\">\t\t\r\n\r\n\t\t\t<h4 class=\"item-title h6\">REMOVIBLE<\/h4>\t\t\t\t\t\t\t<div class=\"icon-wrap absolute simple\">\r\n\t\t\t\t\t<span class=\"sow-icon-fontawesome sow-fas\" data-sow-icon=\"&#xf061;\"\n\t\tstyle=\"color: #4b7d96\" \n\t\taria-hidden=\"true\"><\/span>\t\t\t\t\t\t\t\t\t<\/div>\r\n\t\t\t\r\n\t\t\t\t\t\t\r\n\r\n\t\t\t\t\t\t<span class=\"description\">En general, es treballa amb un aparell removible de resina especial que encaixa en la dentici\u00f3 natural dels nostres pacients de manera forta i resistent.<\/span>\r\n\t\t\t\r\n\t\t<\/div>\r\n\t\r\n\t\t\r\n\t\t\r\n\t\t\t\t\r\n\t\t\r\n\t\t<div class=\"icon-box-wrap clearfix col-lg-12 col-sm-12 text-dark\" style=\"margin-bottom:36px;\">\t\t\r\n\r\n\t\t\t<h4 class=\"item-title h6\">GAIREB\u00c9 IMPERCEPTIBLE<\/h4>\t\t\t\t\t\t\t<div class=\"icon-wrap absolute simple\">\r\n\t\t\t\t\t<span class=\"sow-icon-fontawesome sow-fas\" data-sow-icon=\"&#xf061;\"\n\t\tstyle=\"color: #4b7d96\" \n\t\taria-hidden=\"true\"><\/span>\t\t\t\t\t\t\t\t\t<\/div>\r\n\t\t\t\r\n\t\t\t\t\t\t\r\n\r\n\t\t\t\t\t\t<span class=\"description\">Aquest aparell pot utilitzar-se a llarg termini, ja que no es cau i \u00e9s gaireb\u00e9 imperceptible a la vista.<\/span>\r\n\t\t\t\r\n\t\t<\/div>\r\n\t\r\n<\/div><\/div><\/div><\/div><div id=\"panel-6339-2-1-3\" class=\"so-panel widget widget_orion_empty_space_w panel-last-child\" data-index=\"9\" ><div class=\"orion default panel-widget-style panel-widget-style-for-6339-2-1-3\" ><div\n\t\t\t\n\t\t\tclass=\"so-widget-orion_empty_space_w so-widget-orion_empty_space_w-base\"\n\t\t\t\n\t\t>\t<div class=\"row empty-space visible-sm visible-xs\" style=\"height:24px;\">\r\n\t<\/div><\/div><\/div><\/div><\/div><\/div><\/div><\/div><div id=\"pg-6339-3\"  class=\"panel-grid panel-has-style\" ><div class=\"divider-no-animation tablet-default mobile-1-in-row desktop-default panel-row-style panel-row-style-for-6339-3\" ><div id=\"pgc-6339-3-0\"  class=\"panel-grid-cell\" ><div id=\"panel-6339-3-0-0\" class=\"so-panel widget widget_orion_empty_space_w panel-first-child panel-last-child\" data-index=\"10\" ><div class=\"orion default panel-widget-style panel-widget-style-for-6339-3-0-0\" ><div\n\t\t\t\n\t\t\tclass=\"so-widget-orion_empty_space_w so-widget-orion_empty_space_w-base\"\n\t\t\t\n\t\t>\t<div class=\"row empty-space visible-lg visible-md visible-sm visible-xs\" style=\"height:40px;\">\r\n\t<\/div><\/div><\/div><\/div><\/div><\/div><\/div><div id=\"pg-6339-4\"  class=\"panel-grid panel-has-style\" ><div class=\"siteorigin-panels-stretch divider-no-animation tablet-default mobile-1-in-row desktop-default panel-row-style panel-row-style-for-6339-4\" data-stretch-type=\"full\" ><div id=\"pgc-6339-4-0\"  class=\"panel-grid-cell\" ><div id=\"panel-6339-4-0-0\" class=\"so-panel widget widget_orion_empty_space_w panel-first-child\" data-index=\"11\" ><div class=\"orion default panel-widget-style panel-widget-style-for-6339-4-0-0\" ><div\n\t\t\t\n\t\t\tclass=\"so-widget-orion_empty_space_w so-widget-orion_empty_space_w-base\"\n\t\t\t\n\t\t>\t<div class=\"row empty-space visible-sm visible-xs\" style=\"height:40px;\">\r\n\t<\/div><\/div><\/div><\/div><div id=\"panel-6339-4-0-1\" class=\"so-panel widget widget_orion_heading_w\" data-index=\"12\" ><div class=\"orion default panel-widget-style panel-widget-style-for-6339-4-0-1\" ><div\n\t\t\t\n\t\t\tclass=\"so-widget-orion_heading_w so-widget-orion_heading_w-base\"\n\t\t\t\n\t\t> \r\n\t\t\t<div class=\"row orion-heading\" style=\"margin-bottom:0px;\">\r\n\t\t<div class=\"col-md-12  separator-style-1 text-left style-h3 style-primary-color\">\r\n\t\t\t<h3 class=\"primary-color text-uppercase\">\r\n\t\t\t\t<strong>Per a quins pacients est\u00e0 indicat?<\/strong>\t\t\t<\/h3>\r\n\t\t<\/div>\r\n\t<\/div>\r\n\r\n\t<\/div><\/div><\/div><div id=\"panel-6339-4-0-2\" class=\"so-panel widget widget_sow-editor\" data-index=\"13\" ><div class=\"orion default panel-widget-style panel-widget-style-for-6339-4-0-2\" ><div\n\t\t\t\n\t\t\tclass=\"so-widget-sow-editor so-widget-sow-editor-base\"\n\t\t\t\n\t\t>\n<div class=\"siteorigin-widget-tinymce textwidget\">\n\t<p style=\"text-align: justify;\"><strong>Snap-OnSmile\u00ae<\/strong> est\u00e0 indicat en pacients tinguin <strong>les dents tenyides<\/strong> per l'acci\u00f3 de tetraciclines, <strong>apinyades<\/strong>, amb abs\u00e8ncia de peces dentals o <strong>amb espais<\/strong> entre les dents.<\/p>\n<p><img loading=\"lazy\" decoding=\"async\" class=\"aligncenter wp-image-3661 size-full\" src=\"https:\/\/clinicadentalgaudi.com\/wp-content\/uploads\/2017\/06\/logo.jpg\" alt=\"\" width=\"169\" height=\"112\" \/><\/p>\n<\/div>\n<\/div><\/div><\/div><div id=\"panel-6339-4-0-3\" class=\"so-panel widget widget_orion_empty_space_w panel-last-child\" data-index=\"14\" ><div class=\"orion default panel-widget-style panel-widget-style-for-6339-4-0-3\" ><div\n\t\t\t\n\t\t\tclass=\"so-widget-orion_empty_space_w so-widget-orion_empty_space_w-base\"\n\t\t\t\n\t\t>\t<div class=\"row empty-space visible-sm visible-xs\" style=\"height:40px;\">\r\n\t<\/div><\/div><\/div><\/div><\/div><div id=\"pgc-6339-4-1\"  class=\"panel-grid-cell\" ><div class=\"panel-cell-style panel-cell-style-for-6339-4-1\" ><div id=\"panel-6339-4-1-0\" class=\"so-panel widget widget_orion_empty_space_w panel-first-child\" data-index=\"15\" ><div class=\"orion default panel-widget-style panel-widget-style-for-6339-4-1-0\" ><div\n\t\t\t\n\t\t\tclass=\"so-widget-orion_empty_space_w so-widget-orion_empty_space_w-base\"\n\t\t\t\n\t\t>\t<div class=\"row empty-space visible-lg visible-md\" style=\"height:10px;\">\r\n\t<\/div><\/div><\/div><\/div><div id=\"panel-6339-4-1-1\" class=\"so-panel widget widget_orion_empty_space_w\" data-index=\"16\" ><div class=\"orion default panel-widget-style panel-widget-style-for-6339-4-1-1\" ><div\n\t\t\t\n\t\t\tclass=\"so-widget-orion_empty_space_w so-widget-orion_empty_space_w-base\"\n\t\t\t\n\t\t>\t<div class=\"row empty-space visible-sm visible-xs\" style=\"height:10px;\">\r\n\t<\/div><\/div><\/div><\/div><div id=\"panel-6339-4-1-2\" class=\"so-panel widget widget_orion_before_after_w\" data-index=\"17\" ><div class=\"orion default panel-widget-style panel-widget-style-for-6339-4-1-2\" ><div\n\t\t\t\n\t\t\tclass=\"so-widget-orion_before_after_w so-widget-orion_before_after_w-base\"\n\t\t\t\n\t\t>\t<div class=\"twentytwenty-container orion-before-after overlay-none overlay-hover-none handle-transparent\" id=\"ba_69e1db174c31b\">\r\n\t\t\t<img decoding=\"async\" src=\"https:\/\/clinicadentalgaudi.com\/wp-content\/uploads\/2017\/06\/Snap-onSmile_ANTES...2.jpg\" \r\n\t\t\tclass=\"before\" \r\n\t\t\t\t\t\t\/>\t\r\n\t\t\t\t\t\t<img decoding=\"async\" src=\"https:\/\/clinicadentalgaudi.com\/wp-content\/uploads\/2017\/06\/Snap-onSmile_DESPUES...2.jpg\" class=\"after\" \r\n\t\t\t\t\t\t\/>\r\n\t\t\t\t\t\r\n\t\t<div class=\"overlay\"><\/div>\r\n\t<\/div>\r\n\r\n\t<script>\r\n\tjQuery(window).on('load',function(){\r\n\t\tjQuery(\"#ba_69e1db174c31b\").twentytwenty({\r\n\t\t\tdefault_offset_pct: 0.5, \r\n\t\t\torientation: 'horizontal', \r\n\t\t});\r\n\t});\r\n\t<\/script> <\/div><\/div><\/div><div id=\"panel-6339-4-1-3\" class=\"so-panel widget widget_sow-editor\" data-index=\"18\" ><div class=\"orion default panel-widget-style panel-widget-style-for-6339-4-1-3\" ><div\n\t\t\t\n\t\t\tclass=\"so-widget-sow-editor so-widget-sow-editor-base\"\n\t\t\t\n\t\t>\n<div class=\"siteorigin-widget-tinymce textwidget\">\n\t<p style=\"text-align: left;\">Snap-OnSmile\u00ae,\u00a0<em><strong>Abans &amp; Despr\u00e9s<\/strong><\/em> del tractament.<\/p>\n<\/div>\n<\/div><\/div><\/div><div id=\"panel-6339-4-1-4\" class=\"so-panel widget widget_orion_empty_space_w panel-last-child\" data-index=\"19\" ><div class=\"orion default panel-widget-style panel-widget-style-for-6339-4-1-4\" ><div\n\t\t\t\n\t\t\tclass=\"so-widget-orion_empty_space_w so-widget-orion_empty_space_w-base\"\n\t\t\t\n\t\t>\t<div class=\"row empty-space visible-sm visible-xs\" style=\"height:15px;\">\r\n\t<\/div><\/div><\/div><\/div><\/div><\/div><\/div><\/div><div id=\"pg-6339-5\"  class=\"panel-grid panel-has-style\" ><div class=\"divider-no-animation tablet-default mobile-1-in-row desktop-default panel-row-style panel-row-style-for-6339-5\" ><div id=\"pgc-6339-5-0\"  class=\"panel-grid-cell\" ><div id=\"panel-6339-5-0-0\" class=\"so-panel widget widget_orion_empty_space_w panel-first-child panel-last-child\" data-index=\"20\" ><div class=\"orion default panel-widget-style panel-widget-style-for-6339-5-0-0\" ><div\n\t\t\t\n\t\t\tclass=\"so-widget-orion_empty_space_w so-widget-orion_empty_space_w-base\"\n\t\t\t\n\t\t>\t<div class=\"row empty-space visible-lg visible-md visible-sm visible-xs\" style=\"height:30px;\">\r\n\t<\/div><\/div><\/div><\/div><\/div><\/div><\/div><div id=\"pg-6339-6\"  class=\"panel-grid panel-has-style\" ><div class=\"fixed-bg siteorigin-panels-stretch orion-separator top-svg-2 top-svg-inside divider-no-animation tablet-default mobile-1-in-row desktop-default overlay-c2-c1 panel-row-style panel-row-style-for-6339-6\" data-stretch-type=\"full-stretched\" ><div id=\"pgc-6339-6-0\"  class=\"panel-grid-cell\" ><div class=\"panel-cell-style panel-cell-style-for-6339-6-0\" ><div id=\"panel-6339-6-0-0\" class=\"so-panel widget widget_orion_icon_text_w panel-first-child\" data-index=\"21\" ><div class=\"orion default panel-widget-style panel-widget-style-for-6339-6-0-0\" ><div\n\t\t\t\n\t\t\tclass=\"so-widget-orion_icon_text_w so-widget-orion_icon_text_w-base\"\n\t\t\t\n\t\t>\r\n<div class=\"row icon-box-items-wrap grid icon-top\">\r\n \r\n\t\r\n\t\t\r\n\t\t\r\n\t\t\t\t\r\n\t\t\r\n\t\t<div class=\"icon-box-wrap clearfix col-lg-12 col-sm-12 no_desc vertical-center text-center text-light\" style=\"margin-bottom:0px;\">\t\t\r\n\r\n\t\t\t\t\t\t\t\t\t\t<div class=\"icon-wrap relative text-center simple\">\r\n\t\t\t\t\t<span class=\"sow-icon-dentalicons2\" data-sow-icon=\"&#xe908;\"\n\t\tstyle=\"color: #fff\" \n\t\taria-hidden=\"true\"><\/span>\t\t\t\t\t\t\t\t\t<\/div>\r\n\t\t\t\r\n\t\t\t\t\t\t\r\n\r\n\t\t\t\r\n\t\t<\/div>\r\n\t\r\n<\/div><\/div><\/div><\/div><div id=\"panel-6339-6-0-1\" class=\"so-panel widget widget_orion_heading_w\" data-index=\"22\" ><div class=\"orion default panel-widget-style panel-widget-style-for-6339-6-0-1\" ><div\n\t\t\t\n\t\t\tclass=\"so-widget-orion_heading_w so-widget-orion_heading_w-base\"\n\t\t\t\n\t\t> \r\n\t\t\t<div class=\"row orion-heading\" style=\"margin-bottom:0px;\">\r\n\t\t<div class=\"col-md-12  separator-style-1 text-center style-h3 style-text-light\">\r\n\t\t\t<h3 class=\"text-light text-uppercase\">\r\n\t\t\t\t<strong>Vine a visitar-nos!<\/strong>\t\t\t<\/h3>\r\n\t\t<\/div>\r\n\t<\/div>\r\n\r\n\t<\/div><\/div><\/div><div id=\"panel-6339-6-0-2\" class=\"so-panel widget widget_sow-editor\" data-index=\"23\" ><div class=\"orion text-light panel-widget-style panel-widget-style-for-6339-6-0-2\" ><div\n\t\t\t\n\t\t\tclass=\"so-widget-sow-editor so-widget-sow-editor-base\"\n\t\t\t\n\t\t>\n<div class=\"siteorigin-widget-tinymce textwidget\">\n\t<h6 style=\"text-align: center;\">A Cl\u00ednica Dental Gaud\u00ed som experts en Snap-OnSmile\u00ae. Vine a visitar-nos! i beneficia't<br \/>\nd'aquest nou tractament que et permetr\u00e0 tenir un somriure a mida!.<\/h6>\n<\/div>\n<\/div><\/div><\/div><div id=\"panel-6339-6-0-3\" class=\"so-panel widget widget_orion_empty_space_w\" data-index=\"24\" ><div class=\"orion default panel-widget-style panel-widget-style-for-6339-6-0-3\" ><div\n\t\t\t\n\t\t\tclass=\"so-widget-orion_empty_space_w so-widget-orion_empty_space_w-base\"\n\t\t\t\n\t\t>\t<div class=\"row empty-space visible-lg visible-md visible-sm visible-xs\" style=\"height:24px;\">\r\n\t<\/div><\/div><\/div><\/div><div id=\"panel-6339-6-0-4\" class=\"so-panel widget widget_orion_empty_space_w\" data-index=\"25\" ><div class=\"orion default panel-widget-style panel-widget-style-for-6339-6-0-4\" ><div\n\t\t\t\n\t\t\tclass=\"so-widget-orion_empty_space_w so-widget-orion_empty_space_w-base\"\n\t\t\t\n\t\t>\t<div class=\"row empty-space visible-lg visible-md\" style=\"height:10px;\">\r\n\t<\/div><\/div><\/div><\/div><div id=\"panel-6339-6-0-5\" class=\"so-panel widget widget_orion_button_w panel-last-child\" data-index=\"26\" ><div class=\"orion default panel-widget-style panel-widget-style-for-6339-6-0-5\" ><div\n\t\t\t\n\t\t\tclass=\"so-widget-orion_button_w so-widget-orion_button_w-base\"\n\t\t\t\n\t\t>\t<div class=\"wrapper block\" style=\"text-align:center\">\r\n\r\n\t\t\t<a class=\"btn btn-white icon-left btn-wire btn-lg\"  href=\"https:\/\/clinicadentalgaudi.com\/ca\/contacte\/\"\r\n\t\t\t   \t\t>\r\n\t\t\t<span class=\"sow-icon-genericons\" data-sow-icon=\"&#xf308;\"\n\t\tstyle=\"\" \n\t\taria-hidden=\"true\"><\/span>Demana la teva cita!\t\t\r\n\t\t<\/a>\r\n\t\r\n<\/div>\r\n<\/div><\/div><\/div><\/div><\/div><\/div><\/div><\/div>","protected":false},"excerpt":{"rendered":"<p>Es un tratamiento dental no invasivo, econ\u00f3mico y completamente reversible que en solo unas semanas puede hacer que se sienta mejor con su sonrisa.<\/p>\n","protected":false},"author":2,"featured_media":0,"parent":0,"menu_order":0,"comment_status":"closed","ping_status":"closed","template":"","meta":{"_monsterinsights_skip_tracking":false,"_monsterinsights_sitenote_active":false,"_monsterinsights_sitenote_note":"","_monsterinsights_sitenote_category":0,"footnotes":""},"class_list":["post-6339","page","type-page","status-publish","hentry"],"_links":{"self":[{"href":"https:\/\/clinicadentalgaudi.com\/ca\/wp-json\/wp\/v2\/pages\/6339","targetHints":{"allow":["GET"]}}],"collection":[{"href":"https:\/\/clinicadentalgaudi.com\/ca\/wp-json\/wp\/v2\/pages"}],"about":[{"href":"https:\/\/clinicadentalgaudi.com\/ca\/wp-json\/wp\/v2\/types\/page"}],"author":[{"embeddable":true,"href":"https:\/\/clinicadentalgaudi.com\/ca\/wp-json\/wp\/v2\/users\/2"}],"replies":[{"embeddable":true,"href":"https:\/\/clinicadentalgaudi.com\/ca\/wp-json\/wp\/v2\/comments?post=6339"}],"version-history":[{"count":2,"href":"https:\/\/clinicadentalgaudi.com\/ca\/wp-json\/wp\/v2\/pages\/6339\/revisions"}],"predecessor-version":[{"id":12795,"href":"https:\/\/clinicadentalgaudi.com\/ca\/wp-json\/wp\/v2\/pages\/6339\/revisions\/12795"}],"wp:attachment":[{"href":"https:\/\/clinicadentalgaudi.com\/ca\/wp-json\/wp\/v2\/media?parent=6339"}],"curies":[{"name":"wp","href":"https:\/\/api.w.org\/{rel}","templated":true}]}}