{"id":6366,"date":"2017-07-13T10:19:24","date_gmt":"2017-07-13T10:19:24","guid":{"rendered":"https:\/\/clinicadentalgaudi.com\/perdida-de-un-diente\/"},"modified":"2019-05-29T17:53:04","modified_gmt":"2019-05-29T17:53:04","slug":"cas-real-perdua-de-una-dent","status":"publish","type":"page","link":"https:\/\/clinicadentalgaudi.com\/ca\/cas-real-perdua-de-una-dent\/","title":{"rendered":"P\u00e8rdua d\u2019una dent"},"content":{"rendered":"<div id=\"pl-6366\"  class=\"panel-layout\" ><div id=\"pg-6366-0\"  class=\"panel-grid panel-has-style\" ><div class=\"vertical_up orion-parallax siteorigin-panels-stretch orion-separator bottom-svg-3 bottom-svg-inside divider-no-animation tablet-1-in-row mobile-1-in-row desktop-default overlay-c2-c1 panel-row-style panel-row-style-for-6366-0\" data-stretch-type=\"full\" ><div id=\"pgc-6366-0-0\"  class=\"panel-grid-cell\" ><div id=\"panel-6366-0-0-0\" class=\"so-panel widget widget_orion_heading_w panel-first-child panel-last-child\" data-index=\"0\" ><div class=\"orion mobile-text-center default panel-widget-style panel-widget-style-for-6366-0-0-0\" ><div\n\t\t\t\n\t\t\tclass=\"so-widget-orion_heading_w so-widget-orion_heading_w-base\"\n\t\t\t\n\t\t> \r\n\t\t\t<div class=\"row orion-heading\" style=\"margin-bottom:0px;\">\r\n\t\t<div class=\"col-md-12   text-center style-h1 style-text-light\">\r\n\t\t\t<h1 class=\"text-light\">\r\n\t\t\t\t<strong>Casos reals<\/strong>\t\t\t<\/h1>\r\n\t\t<\/div>\r\n\t<\/div>\r\n\r\n\t<\/div><\/div><\/div><\/div><\/div><\/div><div id=\"pg-6366-1\"  class=\"panel-grid panel-has-style\" ><div class=\"siteorigin-panels-stretch divider-no-animation tablet-default mobile-1-in-row desktop-default panel-row-style panel-row-style-for-6366-1\" data-stretch-type=\"standard-no-padding\" ><div id=\"pgc-6366-1-0\"  class=\"panel-grid-cell\" ><div id=\"panel-6366-1-0-0\" class=\"so-panel widget widget_orion_empty_space_w panel-first-child\" data-index=\"1\" ><div class=\"orion default panel-widget-style panel-widget-style-for-6366-1-0-0\" ><div\n\t\t\t\n\t\t\tclass=\"so-widget-orion_empty_space_w so-widget-orion_empty_space_w-base\"\n\t\t\t\n\t\t>\t<div class=\"row empty-space visible-lg visible-md visible-sm visible-xs\" style=\"height:40px;\">\r\n\t<\/div><\/div><\/div><\/div><div id=\"panel-6366-1-0-1\" class=\"widget_text so-panel widget widget_custom_html\" data-index=\"2\" ><div class=\"widget_text orion default panel-widget-style panel-widget-style-for-6366-1-0-1\" id=\"menu-tittle\" ><h3 class=\"widget-title\">Veure Casos Reals<\/h3><div class=\"textwidget custom-html-widget\"><\/div><\/div><\/div><div id=\"panel-6366-1-0-2\" class=\"so-panel widget widget_orion_custom_menu_w\" data-index=\"3\" ><div class=\"orion default panel-widget-style panel-widget-style-for-6366-1-0-2\" ><div\n\t\t\t\n\t\t\tclass=\"so-widget-orion_custom_menu_w so-widget-orion_custom_menu_w-base\"\n\t\t\t\n\t\t>\r\n<div class=\"widget_nav_menu text-dark menu-padding\" style=\"background:rgba(255,255,255,1)\">\r\n<div class=\"menu-casos-reales-catalan-container\"><ul id=\"menu-casos-reales-catalan\" class=\"menu\"><li id=\"menu-item-7898\" class=\"menu-item menu-item-type-post_type menu-item-object-page menu-item-7898\"><a href=\"https:\/\/clinicadentalgaudi.com\/ca\/cas-real-facetes-de-composite\/\">Carilles de Composite<\/a><\/li>\n<li id=\"menu-item-6909\" class=\"menu-item menu-item-type-post_type menu-item-object-page menu-item-6909\"><a href=\"https:\/\/clinicadentalgaudi.com\/ca\/casos-reals-facetes-porcellana\/\">Carilles de porcellana<\/a><\/li>\n<li id=\"menu-item-6807\" class=\"menu-item menu-item-type-post_type menu-item-object-page menu-item-6807\"><a href=\"https:\/\/clinicadentalgaudi.com\/ca\/cas-real-blanquejament\/\">Blanquejament<\/a><\/li>\n<li id=\"menu-item-6810\" class=\"menu-item menu-item-type-post_type menu-item-object-page menu-item-6810\"><a href=\"https:\/\/clinicadentalgaudi.com\/ca\/cas-real-cirurgia-oral\/\">Cirurgia Oral<\/a><\/li>\n<li id=\"menu-item-6813\" class=\"menu-item menu-item-type-post_type menu-item-object-page menu-item-6813\"><a href=\"https:\/\/clinicadentalgaudi.com\/ca\/cas-real-peeling-de-genives\/\">Peeling de genives<\/a><\/li>\n<li id=\"menu-item-6814\" class=\"menu-item menu-item-type-post_type menu-item-object-page menu-item-6814\"><a href=\"https:\/\/clinicadentalgaudi.com\/ca\/cas-real-fractures\/\">Fractures<\/a><\/li>\n<li id=\"menu-item-6815\" class=\"menu-item menu-item-type-post_type menu-item-object-page menu-item-6815\"><a href=\"https:\/\/clinicadentalgaudi.com\/ca\/cas-real-perdua-de-una-dent\/\">P\u00e8rdua d\u2019una dent<\/a><\/li>\n<li id=\"menu-item-6816\" class=\"menu-item menu-item-type-post_type menu-item-object-page menu-item-6816\"><a href=\"https:\/\/clinicadentalgaudi.com\/ca\/cas-real-perdua-de-diversos-dents\/\">P\u00e8rdua de diverses dents<\/a><\/li>\n<li id=\"menu-item-6817\" class=\"menu-item menu-item-type-post_type menu-item-object-page menu-item-6817\"><a href=\"https:\/\/clinicadentalgaudi.com\/ca\/cas-real-perdua-total-de-les-dents\/\">P\u00e8rdua total de les dents<\/a><\/li>\n<li id=\"menu-item-6818\" class=\"menu-item menu-item-type-post_type menu-item-object-page menu-item-6818\"><a href=\"https:\/\/clinicadentalgaudi.com\/ca\/cas-real-dents-en-24h\/\">Dents en 24h<\/a><\/li>\n<li id=\"menu-item-6819\" class=\"menu-item menu-item-type-post_type menu-item-object-page menu-item-6819\"><a href=\"https:\/\/clinicadentalgaudi.com\/ca\/cas-real-carrega-inmediata-absencia-de-dents\/\">C\u00e0rrega immediata en abs\u00e8ncia de dents<\/a><\/li>\n<li id=\"menu-item-6907\" class=\"menu-item menu-item-type-post_type menu-item-object-page menu-item-6907\"><a href=\"https:\/\/clinicadentalgaudi.com\/ca\/casos-reals-endodoncia\/\">Endod\u00f2ncia<\/a><\/li>\n<li id=\"menu-item-6823\" class=\"menu-item menu-item-type-post_type menu-item-object-page menu-item-6823\"><a href=\"https:\/\/clinicadentalgaudi.com\/ca\/cas-real-corones-de-zirconi\/\">Corones de Zirconi<\/a><\/li>\n<li id=\"menu-item-6824\" class=\"menu-item menu-item-type-post_type menu-item-object-page menu-item-6824\"><a href=\"https:\/\/clinicadentalgaudi.com\/ca\/cas-real-incrustacions\/\">Incrustacions<\/a><\/li>\n<li id=\"menu-item-6828\" class=\"menu-item menu-item-type-post_type menu-item-object-page menu-item-6828\"><a href=\"https:\/\/clinicadentalgaudi.com\/ca\/cas-real-snap-of-smile\/\">Snap on smile<\/a><\/li>\n<li id=\"menu-item-6827\" class=\"menu-item menu-item-type-post_type menu-item-object-page menu-item-6827\"><a href=\"https:\/\/clinicadentalgaudi.com\/ca\/cas-real-pont-de-zirconi\/\">Pont de Zirconi<\/a><\/li>\n<li id=\"menu-item-6917\" class=\"menu-item menu-item-type-post_type menu-item-object-page menu-item-6917\"><a href=\"https:\/\/clinicadentalgaudi.com\/ca\/casos-reals-medicina-oral\/\">Medicina oral<\/a><\/li>\n<\/ul><\/div>\t\t\r\n<\/div><\/div><\/div><\/div><div id=\"panel-6366-1-0-3\" class=\"so-panel widget widget_orion_empty_space_w\" data-index=\"4\" ><div class=\"orion default panel-widget-style panel-widget-style-for-6366-1-0-3\" ><div\n\t\t\t\n\t\t\tclass=\"so-widget-orion_empty_space_w so-widget-orion_empty_space_w-base\"\n\t\t\t\n\t\t>\t<div class=\"row empty-space visible-lg\" style=\"height:60px;\">\r\n\t<\/div><\/div><\/div><\/div><div id=\"panel-6366-1-0-4\" class=\"so-panel widget widget_orion_empty_space_w panel-last-child\" data-index=\"5\" ><div class=\"orion default panel-widget-style panel-widget-style-for-6366-1-0-4\" ><div\n\t\t\t\n\t\t\tclass=\"so-widget-orion_empty_space_w so-widget-orion_empty_space_w-base\"\n\t\t\t\n\t\t>\t<div class=\"row empty-space visible-md\" style=\"height:20px;\">\r\n\t<\/div><\/div><\/div><\/div><\/div><div id=\"pgc-6366-1-1\"  class=\"panel-grid-cell\" ><div class=\"panel-cell-style panel-cell-style-for-6366-1-1\" ><div id=\"panel-6366-1-1-0\" class=\"so-panel widget widget_orion_empty_space_w panel-first-child\" data-index=\"6\" ><div class=\"orion default panel-widget-style panel-widget-style-for-6366-1-1-0\" ><div\n\t\t\t\n\t\t\tclass=\"so-widget-orion_empty_space_w so-widget-orion_empty_space_w-base\"\n\t\t\t\n\t\t>\t<div class=\"row empty-space visible-lg visible-md visible-sm visible-xs\" style=\"height:64px;\">\r\n\t<\/div><\/div><\/div><\/div><div id=\"panel-6366-1-1-1\" class=\"so-panel widget widget_orion_heading_w\" data-index=\"7\" ><div class=\"orion default panel-widget-style panel-widget-style-for-6366-1-1-1\" ><div\n\t\t\t\n\t\t\tclass=\"so-widget-orion_heading_w so-widget-orion_heading_w-base\"\n\t\t\t\n\t\t> \r\n\t\t\t<div class=\"row orion-heading\" style=\"margin-bottom:0px;\">\r\n\t\t<div class=\"col-md-12  separator-style-1 text-left style-h4 style-text-dark\">\r\n\t\t\t<h4 class=\"text-dark\">\r\n\t\t\t\tCasos reals\t\t\t<\/h4>\r\n\t\t<\/div>\r\n\t<\/div>\r\n\r\n\t<\/div><\/div><\/div><div id=\"panel-6366-1-1-2\" class=\"so-panel widget widget_orion_heading_w\" data-index=\"8\" ><div class=\"orion default panel-widget-style panel-widget-style-for-6366-1-1-2\" ><div\n\t\t\t\n\t\t\tclass=\"so-widget-orion_heading_w so-widget-orion_heading_w-base\"\n\t\t\t\n\t\t> \r\n\t\t\t<div class=\"row orion-heading\" style=\"margin-bottom:0px;\">\r\n\t\t<div class=\"col-md-12   text-left style-h5 style-primary-color\">\r\n\t\t\t<h5 class=\"primary-color text-uppercase\">\r\n\t\t\t\tP\u00e8rdua d\u2019una dent\t\t\t<\/h5>\r\n\t\t<\/div>\r\n\t<\/div>\r\n\r\n\t<\/div><\/div><\/div><div id=\"panel-6366-1-1-3\" class=\"so-panel widget widget_orion_empty_space_w\" data-index=\"9\" ><div class=\"orion default panel-widget-style panel-widget-style-for-6366-1-1-3\" ><div\n\t\t\t\n\t\t\tclass=\"so-widget-orion_empty_space_w so-widget-orion_empty_space_w-base\"\n\t\t\t\n\t\t>\t<div class=\"row empty-space visible-lg visible-md visible-sm visible-xs\" style=\"height:60px;\">\r\n\t<\/div><\/div><\/div><\/div><div id=\"panel-6366-1-1-4\" class=\"so-panel widget widget_sow-image\" data-index=\"10\" ><div class=\"orion default panel-widget-style panel-widget-style-for-6366-1-1-4\" ><div\n\t\t\t\n\t\t\tclass=\"so-widget-sow-image so-widget-sow-image-default-c67d20f9f743-6366\"\n\t\t\t\n\t\t>\n<div class=\"sow-image-container\">\n\t\t<img \n\tsrc=\"https:\/\/clinicadentalgaudi.com\/wp-content\/uploads\/2016\/10\/Implante-1-300x109.jpg\" width=\"300\" height=\"109\" srcset=\"https:\/\/clinicadentalgaudi.com\/wp-content\/uploads\/2016\/10\/Implante-1-300x109.jpg 300w, https:\/\/clinicadentalgaudi.com\/wp-content\/uploads\/2016\/10\/Implante-1-768x279.jpg 768w, https:\/\/clinicadentalgaudi.com\/wp-content\/uploads\/2016\/10\/Implante-1-750x273.jpg 750w, https:\/\/clinicadentalgaudi.com\/wp-content\/uploads\/2016\/10\/Implante-1.jpg 850w\" sizes=\"(max-width: 300px) 100vw, 300px\" title=\"Implante 1\" alt=\"Caso real de p\u00e9rdida de un diente\" \t\tclass=\"so-widget-image\"\/>\n\t<\/div>\n\n<\/div><\/div><\/div><div id=\"panel-6366-1-1-5\" class=\"so-panel widget widget_sow-image\" data-index=\"11\" ><div class=\"orion default panel-widget-style panel-widget-style-for-6366-1-1-5\" ><div\n\t\t\t\n\t\t\tclass=\"so-widget-sow-image so-widget-sow-image-default-c67d20f9f743-6366\"\n\t\t\t\n\t\t>\n<div class=\"sow-image-container\">\n\t\t<img \n\tsrc=\"https:\/\/clinicadentalgaudi.com\/wp-content\/uploads\/2016\/10\/Implante-2-300x109.jpg\" width=\"300\" height=\"109\" srcset=\"https:\/\/clinicadentalgaudi.com\/wp-content\/uploads\/2016\/10\/Implante-2-300x109.jpg 300w, https:\/\/clinicadentalgaudi.com\/wp-content\/uploads\/2016\/10\/Implante-2-768x279.jpg 768w, https:\/\/clinicadentalgaudi.com\/wp-content\/uploads\/2016\/10\/Implante-2-750x273.jpg 750w, https:\/\/clinicadentalgaudi.com\/wp-content\/uploads\/2016\/10\/Implante-2.jpg 850w\" sizes=\"(max-width: 300px) 100vw, 300px\" title=\"Implante 2\" alt=\"Caso real de p\u00e9rdida de un diente, im\u00e1genes del antes y el despu\u00e9s.\" \t\tclass=\"so-widget-image\"\/>\n\t<\/div>\n\n<\/div><\/div><\/div><div id=\"panel-6366-1-1-6\" class=\"so-panel widget widget_orion_empty_space_w\" data-index=\"12\" ><div class=\"orion default panel-widget-style panel-widget-style-for-6366-1-1-6\" ><div\n\t\t\t\n\t\t\tclass=\"so-widget-orion_empty_space_w so-widget-orion_empty_space_w-base\"\n\t\t\t\n\t\t>\t<div class=\"row empty-space visible-lg visible-md visible-sm visible-xs\" style=\"height:60px;\">\r\n\t<\/div><\/div><\/div><\/div><div id=\"panel-6366-1-1-7\" class=\"so-panel widget widget_sow-image\" data-index=\"13\" ><div class=\"orion default panel-widget-style panel-widget-style-for-6366-1-1-7\" ><div\n\t\t\t\n\t\t\tclass=\"so-widget-sow-image so-widget-sow-image-default-c67d20f9f743-6366\"\n\t\t\t\n\t\t>\n<div class=\"sow-image-container\">\n\t\t<img \n\tsrc=\"https:\/\/clinicadentalgaudi.com\/wp-content\/uploads\/2017\/07\/corona-caso1-metalporcelana-atornillado-sobre-implante-700x600.jpg\" width=\"700\" height=\"600\" srcset=\"https:\/\/clinicadentalgaudi.com\/wp-content\/uploads\/2017\/07\/corona-caso1-metalporcelana-atornillado-sobre-implante-700x600.jpg 700w, https:\/\/clinicadentalgaudi.com\/wp-content\/uploads\/2017\/07\/corona-caso1-metalporcelana-atornillado-sobre-implante-700x600-300x257.jpg 300w\" sizes=\"(max-width: 700px) 100vw, 700px\" title=\"corona-caso1-metalporcelana-atornillado-sobre-implante-700&#215;600\" alt=\"Caso real de p\u00e9rdida de un diente y su tratamiento\" \t\tclass=\"so-widget-image\"\/>\n\t<\/div>\n\n<\/div><\/div><\/div><div id=\"panel-6366-1-1-8\" class=\"so-panel widget widget_orion_empty_space_w\" data-index=\"14\" ><div class=\"orion default panel-widget-style panel-widget-style-for-6366-1-1-8\" ><div\n\t\t\t\n\t\t\tclass=\"so-widget-orion_empty_space_w so-widget-orion_empty_space_w-base\"\n\t\t\t\n\t\t>\t<div class=\"row empty-space visible-lg visible-md visible-sm visible-xs\" style=\"height:60px;\">\r\n\t<\/div><\/div><\/div><\/div><div id=\"panel-6366-1-1-9\" class=\"so-panel widget widget_sow-image\" data-index=\"15\" ><div class=\"orion default panel-widget-style panel-widget-style-for-6366-1-1-9\" ><div\n\t\t\t\n\t\t\tclass=\"so-widget-sow-image so-widget-sow-image-default-c67d20f9f743-6366\"\n\t\t\t\n\t\t>\n<div class=\"sow-image-container\">\n\t\t<img \n\tsrc=\"https:\/\/clinicadentalgaudi.com\/wp-content\/uploads\/2017\/07\/corona-metal-porcelana-paciente-caso-real-antes-despues-implante-700-390.jpg\" width=\"696\" height=\"388\" srcset=\"https:\/\/clinicadentalgaudi.com\/wp-content\/uploads\/2017\/07\/corona-metal-porcelana-paciente-caso-real-antes-despues-implante-700-390.jpg 696w, https:\/\/clinicadentalgaudi.com\/wp-content\/uploads\/2017\/07\/corona-metal-porcelana-paciente-caso-real-antes-despues-implante-700-390-300x167.jpg 300w\" sizes=\"(max-width: 696px) 100vw, 696px\" alt=\"Tratamiento de un caso real de p\u00e9rdida de un diente\" \t\tclass=\"so-widget-image\"\/>\n\t<\/div>\n\n<\/div><\/div><\/div><div id=\"panel-6366-1-1-10\" class=\"so-panel widget widget_orion_empty_space_w\" data-index=\"16\" ><div class=\"orion default panel-widget-style panel-widget-style-for-6366-1-1-10\" ><div\n\t\t\t\n\t\t\tclass=\"so-widget-orion_empty_space_w so-widget-orion_empty_space_w-base\"\n\t\t\t\n\t\t>\t<div class=\"row empty-space visible-lg visible-md visible-sm visible-xs\" style=\"height:60px;\">\r\n\t<\/div><\/div><\/div><\/div><div id=\"panel-6366-1-1-11\" class=\"so-panel widget widget_sow-image\" data-index=\"17\" ><div class=\"orion default panel-widget-style panel-widget-style-for-6366-1-1-11\" ><div\n\t\t\t\n\t\t\tclass=\"so-widget-sow-image so-widget-sow-image-default-c67d20f9f743-6366\"\n\t\t\t\n\t\t>\n<div class=\"sow-image-container\">\n\t\t<img \n\tsrc=\"https:\/\/clinicadentalgaudi.com\/wp-content\/uploads\/2017\/07\/corona-zirconio-cementada-sobre-pilar-zirconio-atornillado-implante-700x535.jpg\" width=\"700\" height=\"535\" srcset=\"https:\/\/clinicadentalgaudi.com\/wp-content\/uploads\/2017\/07\/corona-zirconio-cementada-sobre-pilar-zirconio-atornillado-implante-700x535.jpg 700w, https:\/\/clinicadentalgaudi.com\/wp-content\/uploads\/2017\/07\/corona-zirconio-cementada-sobre-pilar-zirconio-atornillado-implante-700x535-300x229.jpg 300w\" sizes=\"(max-width: 700px) 100vw, 700px\" title=\"corona-zirconio-cementada-sobre-pilar-zirconio-atornillado-implante-700&#215;535\" alt=\"Caso real de p\u00e9rdida de una pieza dental\" \t\tclass=\"so-widget-image\"\/>\n\t<\/div>\n\n<\/div><\/div><\/div><div id=\"panel-6366-1-1-12\" class=\"so-panel widget widget_orion_empty_space_w\" data-index=\"18\" ><div class=\"orion default panel-widget-style panel-widget-style-for-6366-1-1-12\" ><div\n\t\t\t\n\t\t\tclass=\"so-widget-orion_empty_space_w so-widget-orion_empty_space_w-base\"\n\t\t\t\n\t\t>\t<div class=\"row empty-space visible-lg visible-md visible-sm visible-xs\" style=\"height:18px;\">\r\n\t<\/div><\/div><\/div><\/div><div id=\"panel-6366-1-1-13\" class=\"so-panel widget widget_sow-image\" data-index=\"19\" ><div class=\"orion default panel-widget-style panel-widget-style-for-6366-1-1-13\" ><div\n\t\t\t\n\t\t\tclass=\"so-widget-sow-image so-widget-sow-image-default-c67d20f9f743-6366\"\n\t\t\t\n\t\t>\n<div class=\"sow-image-container\">\n\t\t<img \n\tsrc=\"https:\/\/clinicadentalgaudi.com\/wp-content\/uploads\/2017\/07\/corona-zirconio-atornillada-directamente-sobre-implante-700x200.jpg\" width=\"700\" height=\"200\" srcset=\"https:\/\/clinicadentalgaudi.com\/wp-content\/uploads\/2017\/07\/corona-zirconio-atornillada-directamente-sobre-implante-700x200.jpg 700w, https:\/\/clinicadentalgaudi.com\/wp-content\/uploads\/2017\/07\/corona-zirconio-atornillada-directamente-sobre-implante-700x200-300x86.jpg 300w\" sizes=\"(max-width: 700px) 100vw, 700px\" title=\"corona-zirconio-atornillada-directamente-sobre-implante-700&#215;200\" alt=\"Caso real de p\u00e9rdida de un diente, tratamiento de implantolog\u00eda y pr\u00f3tesis\" \t\tclass=\"so-widget-image\"\/>\n\t<\/div>\n\n<\/div><\/div><\/div><div id=\"panel-6366-1-1-14\" class=\"so-panel widget widget_orion_empty_space_w panel-last-child\" data-index=\"20\" ><div class=\"orion default panel-widget-style panel-widget-style-for-6366-1-1-14\" ><div\n\t\t\t\n\t\t\tclass=\"so-widget-orion_empty_space_w so-widget-orion_empty_space_w-base\"\n\t\t\t\n\t\t>\t<div class=\"row empty-space visible-lg visible-md visible-sm visible-xs\" style=\"height:60px;\">\r\n\t<\/div><\/div><\/div><\/div><\/div><\/div><\/div><\/div><div id=\"pg-6366-2\"  class=\"panel-grid panel-has-style\" ><div class=\"fixed-bg siteorigin-panels-stretch orion-separator top-svg-2 top-svg-inside divider-no-animation tablet-default mobile-1-in-row desktop-default overlay-c2-c1 panel-row-style panel-row-style-for-6366-2\" data-stretch-type=\"full-stretched\" ><div id=\"pgc-6366-2-0\"  class=\"panel-grid-cell\" ><div class=\"panel-cell-style panel-cell-style-for-6366-2-0\" ><div id=\"panel-6366-2-0-0\" class=\"so-panel widget widget_orion_icon_text_w panel-first-child\" data-index=\"21\" ><div class=\"orion default panel-widget-style panel-widget-style-for-6366-2-0-0\" ><div\n\t\t\t\n\t\t\tclass=\"so-widget-orion_icon_text_w so-widget-orion_icon_text_w-base\"\n\t\t\t\n\t\t>\r\n<div class=\"row icon-box-items-wrap grid icon-top\">\r\n \r\n\t\r\n\t\t\r\n\t\t\r\n\t\t\t\t\r\n\t\t\r\n\t\t<div class=\"icon-box-wrap clearfix col-lg-12 col-sm-12 no_desc vertical-center text-center text-light\" style=\"margin-bottom:0px;\">\t\t\r\n\r\n\t\t\t\t\t\t\t\t\t\t<div class=\"icon-wrap relative text-center simple\">\r\n\t\t\t\t\t<span class=\"sow-icon-dentalicons2\" data-sow-icon=\"&#xe908;\"\n\t\tstyle=\"color: #fff\" \n\t\taria-hidden=\"true\"><\/span>\t\t\t\t\t\t\t\t\t<\/div>\r\n\t\t\t\r\n\t\t\t\t\t\t\r\n\r\n\t\t\t\r\n\t\t<\/div>\r\n\t\r\n<\/div><\/div><\/div><\/div><div id=\"panel-6366-2-0-1\" class=\"so-panel widget widget_orion_heading_w\" data-index=\"22\" ><div class=\"orion default panel-widget-style panel-widget-style-for-6366-2-0-1\" ><div\n\t\t\t\n\t\t\tclass=\"so-widget-orion_heading_w so-widget-orion_heading_w-base\"\n\t\t\t\n\t\t> \r\n\t\t\t<div class=\"row orion-heading\" style=\"margin-bottom:0px;\">\r\n\t\t<div class=\"col-md-12  separator-style-1 text-center style-h3 style-text-light\">\r\n\t\t\t<h3 class=\"text-light text-uppercase\">\r\n\t\t\t\t<strong>Vine a visitar-nos!<\/strong>\t\t\t<\/h3>\r\n\t\t<\/div>\r\n\t<\/div>\r\n\r\n\t<\/div><\/div><\/div><div id=\"panel-6366-2-0-2\" class=\"so-panel widget widget_sow-editor\" data-index=\"23\" ><div class=\"orion text-light panel-widget-style panel-widget-style-for-6366-2-0-2\" ><div\n\t\t\t\n\t\t\tclass=\"so-widget-sow-editor so-widget-sow-editor-base\"\n\t\t\t\n\t\t>\n<div class=\"siteorigin-widget-tinymce textwidget\">\n\t<h6 style=\"text-align: center;\">Si vols millorar la teva qualitat de vida, no tens m\u00e9s que visitar-nos a la Cl\u00ednica Dental Gaud\u00ed, a Terrassa.<\/h6>\n<\/div>\n<\/div><\/div><\/div><div id=\"panel-6366-2-0-3\" class=\"so-panel widget widget_orion_empty_space_w\" data-index=\"24\" ><div class=\"orion default panel-widget-style panel-widget-style-for-6366-2-0-3\" ><div\n\t\t\t\n\t\t\tclass=\"so-widget-orion_empty_space_w so-widget-orion_empty_space_w-base\"\n\t\t\t\n\t\t>\t<div class=\"row empty-space visible-lg visible-md visible-sm visible-xs\" style=\"height:24px;\">\r\n\t<\/div><\/div><\/div><\/div><div id=\"panel-6366-2-0-4\" class=\"so-panel widget widget_orion_empty_space_w\" data-index=\"25\" ><div class=\"orion default panel-widget-style panel-widget-style-for-6366-2-0-4\" ><div\n\t\t\t\n\t\t\tclass=\"so-widget-orion_empty_space_w so-widget-orion_empty_space_w-base\"\n\t\t\t\n\t\t>\t<div class=\"row empty-space visible-lg visible-md\" style=\"height:10px;\">\r\n\t<\/div><\/div><\/div><\/div><div id=\"panel-6366-2-0-5\" class=\"so-panel widget widget_orion_button_w panel-last-child\" data-index=\"26\" ><div class=\"orion default panel-widget-style panel-widget-style-for-6366-2-0-5\" ><div\n\t\t\t\n\t\t\tclass=\"so-widget-orion_button_w so-widget-orion_button_w-base\"\n\t\t\t\n\t\t>\t<div class=\"wrapper block\" style=\"text-align:center\">\r\n\r\n\t\t\t<a class=\"btn btn-white icon-left btn-wire btn-lg\"  href=\"https:\/\/clinicadentalgaudi.com\/ca\/contacte\/\"\r\n\t\t\t   \t\t>\r\n\t\t\t<span class=\"sow-icon-genericons\" data-sow-icon=\"&#xf308;\"\n\t\tstyle=\"\" \n\t\taria-hidden=\"true\"><\/span>Demana la teva cita!\t\t\r\n\t\t<\/a>\r\n\t\r\n<\/div>\r\n<\/div><\/div><\/div><\/div><\/div><\/div><\/div><div id=\"pg-6366-3\"  class=\"panel-grid panel-has-style\" ><div class=\"siteorigin-panels-stretch orion-separator top-svg-5 top-svg-outside divider-no-animation tablet-default mobile-1-in-row desktop-default panel-row-style panel-row-style-for-6366-3\" data-stretch-type=\"full-stretched\" data-svg-top-color=\"#4b7d96\" ><div id=\"pgc-6366-3-0\"  class=\"panel-grid-cell panel-grid-cell-empty\" ><div class=\"panel-cell-style panel-cell-style-for-6366-3-0\" ><\/div><\/div><\/div><\/div><\/div>","protected":false},"excerpt":{"rendered":"<p>Casos reals Veure Casos Reals Carilles de Composite Carilles de porcellana Blanquejament Cirurgia Oral Peeling de genives Fractures P\u00e8rdua d\u2019una dent P\u00e8rdua de diverses dents P\u00e8rdua total de les dents Dents en 24h C\u00e0rrega immediata en abs\u00e8ncia de dents Endod\u00f2ncia Corones de Zirconi Incrustacions Snap on smile Pont de Zirconi Medicina oral Casos reals P\u00e8rdua<\/p>\n","protected":false},"author":2,"featured_media":0,"parent":0,"menu_order":0,"comment_status":"closed","ping_status":"closed","template":"","meta":{"_monsterinsights_skip_tracking":false,"_monsterinsights_sitenote_active":false,"_monsterinsights_sitenote_note":"","_monsterinsights_sitenote_category":0,"footnotes":""},"class_list":["post-6366","page","type-page","status-publish","hentry"],"_links":{"self":[{"href":"https:\/\/clinicadentalgaudi.com\/ca\/wp-json\/wp\/v2\/pages\/6366","targetHints":{"allow":["GET"]}}],"collection":[{"href":"https:\/\/clinicadentalgaudi.com\/ca\/wp-json\/wp\/v2\/pages"}],"about":[{"href":"https:\/\/clinicadentalgaudi.com\/ca\/wp-json\/wp\/v2\/types\/page"}],"author":[{"embeddable":true,"href":"https:\/\/clinicadentalgaudi.com\/ca\/wp-json\/wp\/v2\/users\/2"}],"replies":[{"embeddable":true,"href":"https:\/\/clinicadentalgaudi.com\/ca\/wp-json\/wp\/v2\/comments?post=6366"}],"version-history":[{"count":0,"href":"https:\/\/clinicadentalgaudi.com\/ca\/wp-json\/wp\/v2\/pages\/6366\/revisions"}],"wp:attachment":[{"href":"https:\/\/clinicadentalgaudi.com\/ca\/wp-json\/wp\/v2\/media?parent=6366"}],"curies":[{"name":"wp","href":"https:\/\/api.w.org\/{rel}","templated":true}]}}